{"id":406043,"date":"2026-02-11T10:44:38","date_gmt":"2026-02-11T15:44:38","guid":{"rendered":"https:\/\/www.avenuedesigncanada.com\/product\/chaise-tournante-jules\/"},"modified":"2026-02-13T16:27:53","modified_gmt":"2026-02-13T21:27:53","slug":"chaise-tournante-jules","status":"publish","type":"product","link":"https:\/\/www.avenuedesigncanada.com\/fr\/product\/chaise-tournante-jules\/","title":{"rendered":"Chaise tournante Jules"},"content":{"rendered":"<p><em>  La chaise tournante Jules pr\u00e9sente les caract\u00e9ristiques suivantes :<\/em> <\/p>\n<p>Style moderne<br \/>\nAccoudoir \u00e0 l&rsquo;abri<br \/>\nDossier serr\u00e9<br \/>\nBase pivotante.<br \/>\nIllustr\u00e9 en tissu 1665-002<br \/>\n Vous avez des questions \u00e0 propos de ce produit ? Nos designers sont l\u00e0 pour vous aider. Appelez-nous au (514)-340-9351<\/p>\n","protected":false},"excerpt":{"rendered":"<p>Les courbes audacieuses dessinent une silhouette profonde pour le fauteuil pivotant Jules, avec un dossier qui s&rsquo;enroule autour de l&rsquo;assise. Le confort est clairement d\u00e9fini avec un coussin d&rsquo;assise profond et un coussin de dossier moelleux. Le confort est clairement d\u00e9fini avec un coussin d&rsquo;assise profond et un coussin de dossier moelleux. Le profil \u00e9pur\u00e9 actualise le style classique pour la vie moderne avec une base pivotante lisse.<\/p>\n","protected":false},"featured_media":407421,"template":"","meta":{"_kad_blocks_custom_css":"","_kad_blocks_head_custom_js":"","_kad_blocks_body_custom_js":"","_kad_blocks_footer_custom_js":"","_kad_post_transparent":"","_kad_post_title":"","_kad_post_layout":"","_kad_post_sidebar_id":"","_kad_post_content_style":"","_kad_post_vertical_padding":"","_kad_post_feature":"","_kad_post_feature_position":"","_kad_post_header":false,"_kad_post_footer":false,"_kad_post_classname":""},"product_brand":[],"product_cat":[1320],"product_tag":[1851],"class_list":{"0":"post-406043","1":"product","2":"type-product","3":"status-publish","4":"has-post-thumbnail","6":"product_cat-fauteuils","7":"product_tag-barcelona-fr","9":"first","10":"instock","11":"taxable","12":"shipping-taxable","13":"product-type-simple","14":"entry","15":"content-bg","16":"loop-entry"},"taxonomy_info":{"product_cat":[{"value":1320,"label":"Fauteuils"}],"product_tag":[{"value":1851,"label":"BARCELONA"}]},"featured_image_src_large":["https:\/\/www.avenuedesigncanada.com\/wp-content\/uploads\/2026\/02\/P1822SA_103-1-1024x1024.jpg",1024,1024,true],"author_info":[],"comment_info":"","_links":{"self":[{"href":"https:\/\/www.avenuedesigncanada.com\/fr\/wp-json\/wp\/v2\/product\/406043","targetHints":{"allow":["GET"]}}],"collection":[{"href":"https:\/\/www.avenuedesigncanada.com\/fr\/wp-json\/wp\/v2\/product"}],"about":[{"href":"https:\/\/www.avenuedesigncanada.com\/fr\/wp-json\/wp\/v2\/types\/product"}],"wp:featuredmedia":[{"embeddable":true,"href":"https:\/\/www.avenuedesigncanada.com\/fr\/wp-json\/wp\/v2\/media\/407421"}],"wp:attachment":[{"href":"https:\/\/www.avenuedesigncanada.com\/fr\/wp-json\/wp\/v2\/media?parent=406043"}],"wp:term":[{"taxonomy":"product_brand","embeddable":true,"href":"https:\/\/www.avenuedesigncanada.com\/fr\/wp-json\/wp\/v2\/product_brand?post=406043"},{"taxonomy":"product_cat","embeddable":true,"href":"https:\/\/www.avenuedesigncanada.com\/fr\/wp-json\/wp\/v2\/product_cat?post=406043"},{"taxonomy":"product_tag","embeddable":true,"href":"https:\/\/www.avenuedesigncanada.com\/fr\/wp-json\/wp\/v2\/product_tag?post=406043"}],"curies":[{"name":"wp","href":"https:\/\/api.w.org\/{rel}","templated":true}]}}