{"id":406046,"date":"2026-02-11T10:44:32","date_gmt":"2026-02-11T15:44:32","guid":{"rendered":"https:\/\/www.avenuedesigncanada.com\/product\/chaise-pascal\/"},"modified":"2026-02-13T16:27:57","modified_gmt":"2026-02-13T21:27:57","slug":"chaise-pascal","status":"publish","type":"product","link":"https:\/\/www.avenuedesigncanada.com\/fr\/product\/chaise-pascal\/","title":{"rendered":"Chaise Pascal"},"content":{"rendered":"<p> <em> La chaise Pascal pr\u00e9sente les caract\u00e9ristiques suivantes :<\/em><br \/>\nStyle transitionnel<\/p>\n<p>Bras de l&rsquo;abri<\/p>\n<p>Dossier attach\u00e9<\/p>\n<p>Oreiller de brouette inclus<\/p>\n<p>Pieds fusel\u00e9s<br \/>\n Montr\u00e9 en tissu 1747-011<br \/>\n Vous avez des questions sur ce produit ? Nos designers sont l\u00e0 pour vous aider. Appelez-nous au (514)-340-9351<\/p>\n","protected":false},"excerpt":{"rendered":"<p>R\u00e9actualisant un design classique avec des touches contemporaines, le fauteuil \u00e0 oreilles Pascal offre une ambiance confortable et traditionnelle, parfaite pour aujourd&rsquo;hui. \u00c9l\u00e9gant dans sa simplicit\u00e9, il pr\u00e9sente des lignes gracieuses et un look \u00e9pur\u00e9. Un pi\u00e9tement en bois apparent et des pieds fusel\u00e9s \u00e9l\u00e9gants lui conf\u00e8rent une allure r\u00e9solument moderne. Un coussin en duvet et un coussin lombaire offrent un confort luxueux.   <\/p>\n","protected":false},"featured_media":405783,"template":"","meta":{"_kad_blocks_custom_css":"","_kad_blocks_head_custom_js":"","_kad_blocks_body_custom_js":"","_kad_blocks_footer_custom_js":"","_kad_post_transparent":"","_kad_post_title":"","_kad_post_layout":"","_kad_post_sidebar_id":"","_kad_post_content_style":"","_kad_post_vertical_padding":"","_kad_post_feature":"","_kad_post_feature_position":"","_kad_post_header":false,"_kad_post_footer":false,"_kad_post_classname":""},"product_brand":[],"product_cat":[1320],"product_tag":[1851],"class_list":{"0":"post-406046","1":"product","2":"type-product","3":"status-publish","4":"has-post-thumbnail","6":"product_cat-fauteuils","7":"product_tag-barcelona-fr","9":"first","10":"instock","11":"taxable","12":"shipping-taxable","13":"product-type-simple","14":"entry","15":"content-bg","16":"loop-entry"},"taxonomy_info":{"product_cat":[{"value":1320,"label":"Fauteuils"}],"product_tag":[{"value":1851,"label":"BARCELONA"}]},"featured_image_src_large":["https:\/\/www.avenuedesigncanada.com\/wp-content\/uploads\/2026\/02\/N2062-1024x1024.jpg",1024,1024,true],"author_info":[],"comment_info":"","_links":{"self":[{"href":"https:\/\/www.avenuedesigncanada.com\/fr\/wp-json\/wp\/v2\/product\/406046","targetHints":{"allow":["GET"]}}],"collection":[{"href":"https:\/\/www.avenuedesigncanada.com\/fr\/wp-json\/wp\/v2\/product"}],"about":[{"href":"https:\/\/www.avenuedesigncanada.com\/fr\/wp-json\/wp\/v2\/types\/product"}],"wp:featuredmedia":[{"embeddable":true,"href":"https:\/\/www.avenuedesigncanada.com\/fr\/wp-json\/wp\/v2\/media\/405783"}],"wp:attachment":[{"href":"https:\/\/www.avenuedesigncanada.com\/fr\/wp-json\/wp\/v2\/media?parent=406046"}],"wp:term":[{"taxonomy":"product_brand","embeddable":true,"href":"https:\/\/www.avenuedesigncanada.com\/fr\/wp-json\/wp\/v2\/product_brand?post=406046"},{"taxonomy":"product_cat","embeddable":true,"href":"https:\/\/www.avenuedesigncanada.com\/fr\/wp-json\/wp\/v2\/product_cat?post=406046"},{"taxonomy":"product_tag","embeddable":true,"href":"https:\/\/www.avenuedesigncanada.com\/fr\/wp-json\/wp\/v2\/product_tag?post=406046"}],"curies":[{"name":"wp","href":"https:\/\/api.w.org\/{rel}","templated":true}]}}