{"id":406050,"date":"2026-02-11T10:44:26","date_gmt":"2026-02-11T15:44:26","guid":{"rendered":"https:\/\/www.avenuedesigncanada.com\/product\/fauteuil-aubree\/"},"modified":"2026-02-13T16:28:29","modified_gmt":"2026-02-13T21:28:29","slug":"fauteuil-aubree","status":"publish","type":"product","link":"https:\/\/www.avenuedesigncanada.com\/fr\/product\/fauteuil-aubree\/","title":{"rendered":"Fauteuil Aubree"},"content":{"rendered":"<p> <em> La chaise Astoria pr\u00e9sente les caract\u00e9ristiques suivantes :<\/em><br \/>\nStyle moderne<br \/>\nAccoudoir angulaire<br \/>\nDossier serr\u00e9<br \/>\nStructure en bois<br \/>\nMontr\u00e9e en tissu 1345-002<br \/>\n Vous avez des questions sur ce produit ? Nos designers sont l\u00e0 pour vous aider. Appelez-nous au (514)-340-9351<\/p>\n","protected":false},"excerpt":{"rendered":"<p>La chaise Aubree est le fruit d&rsquo;un travail artisanal de qualit\u00e9. Ce design lin\u00e9aire et \u00e9pur\u00e9 se caract\u00e9rise par un cadre angulaire en bois apparent et des pieds effil\u00e9s. Le cadre int\u00e9rieur l\u00e9g\u00e8rement incurv\u00e9 et l&rsquo;assise serr\u00e9e utilisent un rembourrage doux pour offrir le plus grand confort. Ce design dynamique cr\u00e9e des si\u00e8ges attrayants avec un attrait moderne.   <\/p>\n","protected":false},"featured_media":407351,"template":"","meta":{"_kad_blocks_custom_css":"","_kad_blocks_head_custom_js":"","_kad_blocks_body_custom_js":"","_kad_blocks_footer_custom_js":"","_kad_post_transparent":"","_kad_post_title":"","_kad_post_layout":"","_kad_post_sidebar_id":"","_kad_post_content_style":"","_kad_post_vertical_padding":"","_kad_post_feature":"","_kad_post_feature_position":"","_kad_post_header":false,"_kad_post_footer":false,"_kad_post_classname":""},"product_brand":[],"product_cat":[1320],"product_tag":[1851],"class_list":{"0":"post-406050","1":"product","2":"type-product","3":"status-publish","4":"has-post-thumbnail","6":"product_cat-fauteuils","7":"product_tag-barcelona-fr","9":"first","10":"instock","11":"taxable","12":"shipping-taxable","13":"product-type-simple","14":"entry","15":"content-bg","16":"loop-entry"},"taxonomy_info":{"product_cat":[{"value":1320,"label":"Fauteuils"}],"product_tag":[{"value":1851,"label":"BARCELONA"}]},"featured_image_src_large":["https:\/\/www.avenuedesigncanada.com\/wp-content\/uploads\/2026\/02\/N3592-1-1024x1024.jpg",1024,1024,true],"author_info":[],"comment_info":"","_links":{"self":[{"href":"https:\/\/www.avenuedesigncanada.com\/fr\/wp-json\/wp\/v2\/product\/406050","targetHints":{"allow":["GET"]}}],"collection":[{"href":"https:\/\/www.avenuedesigncanada.com\/fr\/wp-json\/wp\/v2\/product"}],"about":[{"href":"https:\/\/www.avenuedesigncanada.com\/fr\/wp-json\/wp\/v2\/types\/product"}],"wp:featuredmedia":[{"embeddable":true,"href":"https:\/\/www.avenuedesigncanada.com\/fr\/wp-json\/wp\/v2\/media\/407351"}],"wp:attachment":[{"href":"https:\/\/www.avenuedesigncanada.com\/fr\/wp-json\/wp\/v2\/media?parent=406050"}],"wp:term":[{"taxonomy":"product_brand","embeddable":true,"href":"https:\/\/www.avenuedesigncanada.com\/fr\/wp-json\/wp\/v2\/product_brand?post=406050"},{"taxonomy":"product_cat","embeddable":true,"href":"https:\/\/www.avenuedesigncanada.com\/fr\/wp-json\/wp\/v2\/product_cat?post=406050"},{"taxonomy":"product_tag","embeddable":true,"href":"https:\/\/www.avenuedesigncanada.com\/fr\/wp-json\/wp\/v2\/product_tag?post=406050"}],"curies":[{"name":"wp","href":"https:\/\/api.w.org\/{rel}","templated":true}]}}