{"id":406052,"date":"2026-02-11T10:44:25","date_gmt":"2026-02-11T15:44:25","guid":{"rendered":"https:\/\/www.avenuedesigncanada.com\/product\/fauteuil-astoria\/"},"modified":"2026-02-13T16:28:13","modified_gmt":"2026-02-13T21:28:13","slug":"fauteuil-astoria","status":"publish","type":"product","link":"https:\/\/www.avenuedesigncanada.com\/fr\/product\/fauteuil-astoria\/","title":{"rendered":"Fauteuil Astoria"},"content":{"rendered":"<p> <em> La chaise Astoria pr\u00e9sente les caract\u00e9ristiques suivantes : :<\/em><br \/>\nChaise moderne en forme de tonneau<br \/>\nAccoudoir en forme d&rsquo;abri<br \/>\nCoussin de dossier en forme de couteau<br \/>\nPieds cach\u00e9s<br \/>\n Montr\u00e9e en tissu 1037-002 <\/p>\n<p>Vous avez des questions sur ce produit ? Nos designers sont l\u00e0 pour vous aider. Appelez-nous au (514)-340-9351<\/p>\n","protected":false},"excerpt":{"rendered":"<p>D&rsquo;une sophistication d\u00e9contract\u00e9e, le fauteuil Astoria pr\u00e9sente des lignes \u00e9pur\u00e9es et des courbes douces et accueillantes. La soudure distingue les contours \u00e9l\u00e9gants des accoudoirs inclin\u00e9s et subtilement effil\u00e9s. Une assise large, un coussin de dossier en fibre et un coussin \u00e0 ressorts offrent un confort in\u00e9gal\u00e9. Avec sa forme simple et ses coussins moelleux, ce fauteuil offre le luxe dans un style moderne et d\u00e9contract\u00e9.   <\/p>\n","protected":false},"featured_media":407405,"template":"","meta":{"_kad_blocks_custom_css":"","_kad_blocks_head_custom_js":"","_kad_blocks_body_custom_js":"","_kad_blocks_footer_custom_js":"","_kad_post_transparent":"","_kad_post_title":"","_kad_post_layout":"","_kad_post_sidebar_id":"","_kad_post_content_style":"","_kad_post_vertical_padding":"","_kad_post_feature":"","_kad_post_feature_position":"","_kad_post_header":false,"_kad_post_footer":false,"_kad_post_classname":""},"product_brand":[],"product_cat":[1320],"product_tag":[1851],"class_list":{"0":"post-406052","1":"product","2":"type-product","3":"status-publish","4":"has-post-thumbnail","6":"product_cat-fauteuils","7":"product_tag-barcelona-fr","9":"first","10":"instock","11":"taxable","12":"shipping-taxable","13":"product-type-simple","14":"entry","15":"content-bg","16":"loop-entry"},"taxonomy_info":{"product_cat":[{"value":1320,"label":"Fauteuils"}],"product_tag":[{"value":1851,"label":"BARCELONA"}]},"featured_image_src_large":["https:\/\/www.avenuedesigncanada.com\/wp-content\/uploads\/2026\/02\/N9022-1-1024x1024.jpg",1024,1024,true],"author_info":[],"comment_info":"","_links":{"self":[{"href":"https:\/\/www.avenuedesigncanada.com\/fr\/wp-json\/wp\/v2\/product\/406052","targetHints":{"allow":["GET"]}}],"collection":[{"href":"https:\/\/www.avenuedesigncanada.com\/fr\/wp-json\/wp\/v2\/product"}],"about":[{"href":"https:\/\/www.avenuedesigncanada.com\/fr\/wp-json\/wp\/v2\/types\/product"}],"wp:featuredmedia":[{"embeddable":true,"href":"https:\/\/www.avenuedesigncanada.com\/fr\/wp-json\/wp\/v2\/media\/407405"}],"wp:attachment":[{"href":"https:\/\/www.avenuedesigncanada.com\/fr\/wp-json\/wp\/v2\/media?parent=406052"}],"wp:term":[{"taxonomy":"product_brand","embeddable":true,"href":"https:\/\/www.avenuedesigncanada.com\/fr\/wp-json\/wp\/v2\/product_brand?post=406052"},{"taxonomy":"product_cat","embeddable":true,"href":"https:\/\/www.avenuedesigncanada.com\/fr\/wp-json\/wp\/v2\/product_cat?post=406052"},{"taxonomy":"product_tag","embeddable":true,"href":"https:\/\/www.avenuedesigncanada.com\/fr\/wp-json\/wp\/v2\/product_tag?post=406052"}],"curies":[{"name":"wp","href":"https:\/\/api.w.org\/{rel}","templated":true}]}}