{"id":406053,"date":"2026-02-11T10:44:24","date_gmt":"2026-02-11T15:44:24","guid":{"rendered":"https:\/\/www.avenuedesigncanada.com\/product\/chaise-alana\/"},"modified":"2026-02-13T16:28:47","modified_gmt":"2026-02-13T21:28:47","slug":"chaise-alana","status":"publish","type":"product","link":"https:\/\/www.avenuedesigncanada.com\/fr\/product\/chaise-alana\/","title":{"rendered":"Chaise Alana"},"content":{"rendered":"<p> <em> La chaise Alana pr\u00e9sente les caract\u00e9ristiques suivantes : <\/em><br \/>\nStyle moderne<\/p>\n<p>Bras de guidage<\/p>\n<p>Dossier attach\u00e9<\/p>\n<p>Garniture de t\u00eate de clou<\/p>\n<p>Pieds en bois<\/p>\n<p>Illustr\u00e9 en tissu 1223-021  <\/p>\n<p>Vous avez des questions sur ce produit ? Nos designers sont l\u00e0 pour vous aider. Appelez-nous au (514)-340-9351<\/p>\n","protected":false},"excerpt":{"rendered":"<p>Le design \u00e9pur\u00e9 et sculptural de la chaise Alana ajoute une touche de modernit\u00e9 \u00e0 votre int\u00e9rieur, s&rsquo;int\u00e9grant parfaitement aux styles contemporains et transitionnels. Deux d\u00e9coupes de chaque c\u00f4t\u00e9 sont garnies de t\u00eates de clous pour un aspect net et poli. La construction \u00e0 sangles et le rembourrage \u00e0 ressorts offrent un confort et un soutien luxueux.  <\/p>\n","protected":false},"featured_media":407331,"template":"","meta":{"_kad_blocks_custom_css":"","_kad_blocks_head_custom_js":"","_kad_blocks_body_custom_js":"","_kad_blocks_footer_custom_js":"","_kad_post_transparent":"","_kad_post_title":"","_kad_post_layout":"","_kad_post_sidebar_id":"","_kad_post_content_style":"","_kad_post_vertical_padding":"","_kad_post_feature":"","_kad_post_feature_position":"","_kad_post_header":false,"_kad_post_footer":false,"_kad_post_classname":""},"product_brand":[],"product_cat":[1320],"product_tag":[1851],"class_list":{"0":"post-406053","1":"product","2":"type-product","3":"status-publish","4":"has-post-thumbnail","6":"product_cat-fauteuils","7":"product_tag-barcelona-fr","9":"first","10":"instock","11":"taxable","12":"shipping-taxable","13":"product-type-simple","14":"entry","15":"content-bg","16":"loop-entry"},"taxonomy_info":{"product_cat":[{"value":1320,"label":"Fauteuils"}],"product_tag":[{"value":1851,"label":"BARCELONA"}]},"featured_image_src_large":["https:\/\/www.avenuedesigncanada.com\/wp-content\/uploads\/2026\/02\/N1118_103-1-1024x1024.jpg",1024,1024,true],"author_info":[],"comment_info":"","_links":{"self":[{"href":"https:\/\/www.avenuedesigncanada.com\/fr\/wp-json\/wp\/v2\/product\/406053","targetHints":{"allow":["GET"]}}],"collection":[{"href":"https:\/\/www.avenuedesigncanada.com\/fr\/wp-json\/wp\/v2\/product"}],"about":[{"href":"https:\/\/www.avenuedesigncanada.com\/fr\/wp-json\/wp\/v2\/types\/product"}],"wp:featuredmedia":[{"embeddable":true,"href":"https:\/\/www.avenuedesigncanada.com\/fr\/wp-json\/wp\/v2\/media\/407331"}],"wp:attachment":[{"href":"https:\/\/www.avenuedesigncanada.com\/fr\/wp-json\/wp\/v2\/media?parent=406053"}],"wp:term":[{"taxonomy":"product_brand","embeddable":true,"href":"https:\/\/www.avenuedesigncanada.com\/fr\/wp-json\/wp\/v2\/product_brand?post=406053"},{"taxonomy":"product_cat","embeddable":true,"href":"https:\/\/www.avenuedesigncanada.com\/fr\/wp-json\/wp\/v2\/product_cat?post=406053"},{"taxonomy":"product_tag","embeddable":true,"href":"https:\/\/www.avenuedesigncanada.com\/fr\/wp-json\/wp\/v2\/product_tag?post=406053"}],"curies":[{"name":"wp","href":"https:\/\/api.w.org\/{rel}","templated":true}]}}