{"id":406055,"date":"2021-06-05T17:22:56","date_gmt":"2021-06-05T21:22:56","guid":{"rendered":"https:\/\/www.avenuedesigncanada.com\/product\/adagio-nightstand\/"},"modified":"2026-02-12T10:52:55","modified_gmt":"2026-02-12T15:52:55","slug":"adagio-nightstand","status":"publish","type":"product","link":"https:\/\/www.avenuedesigncanada.com\/fr\/product\/adagio-nightstand\/","title":{"rendered":"Table de chevet Adagio"},"content":{"rendered":"<p>Caract\u00e9ristiques de la table de chevet Adagio :<\/p>\n<p>Bois massif de gmelina et placage de cerisier coup\u00e9 \u00e0 plat.<\/p>\n<p>Deux tiroirs \u00e0 ouverture tactile avec fa\u00e7ades en coquillage Capiz.<\/p>\n<p>Base en acier massif martel\u00e9 \u00e0 la main, finition bronze, avec traverse en \u00ab X \u00bb.<\/p>\n<p>Patins r\u00e9glables.<\/p>\n<p>Vous avez des questions sur ce produit ? Nos designers sont l\u00e0 pour vous aider. Appelez-nous au (514) 340-9351.<\/p>\n","protected":false},"excerpt":{"rendered":"<p>La table de chevet Adagio allie la chaleur naturelle \u00e0 des d\u00e9tails artisanaux, avec ses tiroirs \u00e0 ouverture tactile orn\u00e9s de fa\u00e7ades lumineuses en coquillage Capiz. Le bois de gmelina et les placages de cerisier reposent sur une base en acier bronze martel\u00e9 \u00e0 la main avec un renfort en X pour une pr\u00e9sence sculpturale saisissante.<\/p>\n","protected":false},"featured_media":78763,"template":"","meta":{"_kad_blocks_custom_css":"","_kad_blocks_head_custom_js":"","_kad_blocks_body_custom_js":"","_kad_blocks_footer_custom_js":"","_kad_post_transparent":"default","_kad_post_title":"","_kad_post_layout":"default","_kad_post_sidebar_id":"","_kad_post_content_style":"default","_kad_post_vertical_padding":"default","_kad_post_feature":"","_kad_post_feature_position":"","_kad_post_header":false,"_kad_post_footer":false,"_kad_post_classname":""},"product_brand":[],"product_cat":[1299],"product_tag":[1844],"class_list":{"0":"post-406055","1":"product","2":"type-product","3":"status-publish","4":"has-post-thumbnail","6":"product_cat-tables-de-nuit","7":"product_tag-barcelona-cg-fr-2","9":"first","10":"instock","11":"product-type-simple","12":"entry","13":"content-bg","14":"loop-entry"},"taxonomy_info":{"product_cat":[{"value":1299,"label":"Tables de chevet"}],"product_tag":[{"value":1844,"label":"BARCELONA - CG"}]},"featured_image_src_large":["https:\/\/www.avenuedesigncanada.com\/wp-content\/uploads\/2021\/02\/hr_353-216headon-1018x1024.jpg",1018,1024,true],"author_info":[],"comment_info":"","_links":{"self":[{"href":"https:\/\/www.avenuedesigncanada.com\/fr\/wp-json\/wp\/v2\/product\/406055","targetHints":{"allow":["GET"]}}],"collection":[{"href":"https:\/\/www.avenuedesigncanada.com\/fr\/wp-json\/wp\/v2\/product"}],"about":[{"href":"https:\/\/www.avenuedesigncanada.com\/fr\/wp-json\/wp\/v2\/types\/product"}],"wp:featuredmedia":[{"embeddable":true,"href":"https:\/\/www.avenuedesigncanada.com\/fr\/wp-json\/wp\/v2\/media\/78763"}],"wp:attachment":[{"href":"https:\/\/www.avenuedesigncanada.com\/fr\/wp-json\/wp\/v2\/media?parent=406055"}],"wp:term":[{"taxonomy":"product_brand","embeddable":true,"href":"https:\/\/www.avenuedesigncanada.com\/fr\/wp-json\/wp\/v2\/product_brand?post=406055"},{"taxonomy":"product_cat","embeddable":true,"href":"https:\/\/www.avenuedesigncanada.com\/fr\/wp-json\/wp\/v2\/product_cat?post=406055"},{"taxonomy":"product_tag","embeddable":true,"href":"https:\/\/www.avenuedesigncanada.com\/fr\/wp-json\/wp\/v2\/product_tag?post=406055"}],"curies":[{"name":"wp","href":"https:\/\/api.w.org\/{rel}","templated":true}]}}