{"id":407118,"date":"2026-02-16T10:31:41","date_gmt":"2026-02-16T15:31:41","guid":{"rendered":"https:\/\/www.avenuedesigncanada.com\/product\/coffre-sable-dune\/"},"modified":"2026-03-20T21:51:45","modified_gmt":"2026-03-21T01:51:45","slug":"coffre-sable-dune","status":"publish","type":"product","link":"https:\/\/www.avenuedesigncanada.com\/fr\/product\/coffre-sable-dune\/","title":{"rendered":"Coffre Sable Dune"},"content":{"rendered":"<p><em>  La commode Sable Dune pr\u00e9sente les caract\u00e9ristiques suivantes : <em><br \/>\n 3 tiroirs<br \/>\nM\u00e9canisme de fermeture tactile pour les tiroirs<br \/>\nFinition Sable<br \/>\n\u00c9lectricit\u00e9 avec 1USB, 1USB-C et 2 prises<br \/>\nNiveleurs r\u00e9glables<br \/>\nVous avez des questions sur ce produit ? Nos designers sont l\u00e0 pour vous aider. Appelez-nous au (514) 340-9351  <\/p>\n","protected":false},"excerpt":{"rendered":"<p>La commode Sable Dune ajoute une touche de texture intrigante et de sophistication moderne \u00e0 n&rsquo;importe quel espace. Sa finition anthracite profonde compl\u00e8te les fa\u00e7ades de tiroirs uniques en forme de dune, cr\u00e9ant un point focal captivant qui est \u00e0 la fois \u00e9l\u00e9gant et fonctionnel. <\/p>\n","protected":false},"featured_media":407036,"template":"","meta":{"_kad_blocks_custom_css":"","_kad_blocks_head_custom_js":"","_kad_blocks_body_custom_js":"","_kad_blocks_footer_custom_js":"","_kad_post_transparent":"","_kad_post_title":"","_kad_post_layout":"","_kad_post_sidebar_id":"","_kad_post_content_style":"","_kad_post_vertical_padding":"","_kad_post_feature":"","_kad_post_feature_position":"","_kad_post_header":false,"_kad_post_footer":false,"_kad_post_classname":""},"product_brand":[],"product_cat":[1298],"product_tag":[1513],"class_list":{"0":"post-407118","1":"product","2":"type-product","3":"status-publish","4":"has-post-thumbnail","6":"product_cat-commodes","7":"product_tag-paramount-fr","9":"first","10":"instock","11":"taxable","12":"shipping-taxable","13":"product-type-simple","14":"entry","15":"content-bg","16":"loop-entry"},"taxonomy_info":{"product_cat":[{"value":1298,"label":"Commodes"}],"product_tag":[{"value":1513,"label":"Paramount"}]},"featured_image_src_large":["https:\/\/www.avenuedesigncanada.com\/wp-content\/uploads\/2026\/02\/U470365_frontCP-1024x1024.jpg",1024,1024,true],"author_info":[],"comment_info":"","_links":{"self":[{"href":"https:\/\/www.avenuedesigncanada.com\/fr\/wp-json\/wp\/v2\/product\/407118","targetHints":{"allow":["GET"]}}],"collection":[{"href":"https:\/\/www.avenuedesigncanada.com\/fr\/wp-json\/wp\/v2\/product"}],"about":[{"href":"https:\/\/www.avenuedesigncanada.com\/fr\/wp-json\/wp\/v2\/types\/product"}],"wp:featuredmedia":[{"embeddable":true,"href":"https:\/\/www.avenuedesigncanada.com\/fr\/wp-json\/wp\/v2\/media\/407036"}],"wp:attachment":[{"href":"https:\/\/www.avenuedesigncanada.com\/fr\/wp-json\/wp\/v2\/media?parent=407118"}],"wp:term":[{"taxonomy":"product_brand","embeddable":true,"href":"https:\/\/www.avenuedesigncanada.com\/fr\/wp-json\/wp\/v2\/product_brand?post=407118"},{"taxonomy":"product_cat","embeddable":true,"href":"https:\/\/www.avenuedesigncanada.com\/fr\/wp-json\/wp\/v2\/product_cat?post=407118"},{"taxonomy":"product_tag","embeddable":true,"href":"https:\/\/www.avenuedesigncanada.com\/fr\/wp-json\/wp\/v2\/product_tag?post=407118"}],"curies":[{"name":"wp","href":"https:\/\/api.w.org\/{rel}","templated":true}]}}