{"id":407119,"date":"2026-02-16T10:31:42","date_gmt":"2026-02-16T15:31:42","guid":{"rendered":"https:\/\/www.avenuedesigncanada.com\/product\/table-de-chevet-oasis\/"},"modified":"2026-03-20T21:51:46","modified_gmt":"2026-03-21T01:51:46","slug":"table-de-chevet-oasis","status":"publish","type":"product","link":"https:\/\/www.avenuedesigncanada.com\/fr\/product\/table-de-chevet-oasis\/","title":{"rendered":"Table de chevet Oasis"},"content":{"rendered":"<p><em>  La table de chevet Oasis pr\u00e9sente les caract\u00e9ristiques suivantes : <em><br \/>\n Fa\u00e7ades de tiroirs \u00e0 motifs de vagues blanches<br \/>\nFinition Dockside<br \/>\n\u00c9lectricit\u00e9 avec 1USB, 1USB-C et 2 prises<br \/>\nTiroirs \u00e0 loquet tactile<br \/>\nDeux tiroirs<br \/>\nVous avez des questions sur ce produit ? Nos concepteurs sont l\u00e0 pour vous aider. Appelez-nous au (514) 340-9351  <\/p>\n","protected":false},"excerpt":{"rendered":"<p>La commode Oasis comporte deux tiroirs \u00e9l\u00e9gants avec des fa\u00e7ades blanches \u00e0 motifs de vagues qui contrastent magnifiquement avec le meuble en ch\u00eane Dockside. Cette commode offre un rangement polyvalent tandis que les prises \u00e9lectriques int\u00e9gr\u00e9es ajoutent une commodit\u00e9 moderne \u00e0 votre chambre \u00e0 coucher c\u00f4ti\u00e8re. <\/p>\n","protected":false},"featured_media":407060,"template":"","meta":{"_kad_blocks_custom_css":"","_kad_blocks_head_custom_js":"","_kad_blocks_body_custom_js":"","_kad_blocks_footer_custom_js":"","_kad_post_transparent":"","_kad_post_title":"","_kad_post_layout":"","_kad_post_sidebar_id":"","_kad_post_content_style":"","_kad_post_vertical_padding":"","_kad_post_feature":"","_kad_post_feature_position":"","_kad_post_header":false,"_kad_post_footer":false,"_kad_post_classname":""},"product_brand":[],"product_cat":[1299],"product_tag":[1513],"class_list":{"0":"post-407119","1":"product","2":"type-product","3":"status-publish","4":"has-post-thumbnail","6":"product_cat-tables-de-nuit","7":"product_tag-paramount-fr","9":"first","10":"instock","11":"taxable","12":"shipping-taxable","13":"product-type-simple","14":"entry","15":"content-bg","16":"loop-entry"},"taxonomy_info":{"product_cat":[{"value":1299,"label":"Tables de chevet"}],"product_tag":[{"value":1513,"label":"Paramount"}]},"featured_image_src_large":["https:\/\/www.avenuedesigncanada.com\/wp-content\/uploads\/2026\/02\/U533365_VM2_vm_001-1024x1024.jpg",1024,1024,true],"author_info":[],"comment_info":"","_links":{"self":[{"href":"https:\/\/www.avenuedesigncanada.com\/fr\/wp-json\/wp\/v2\/product\/407119","targetHints":{"allow":["GET"]}}],"collection":[{"href":"https:\/\/www.avenuedesigncanada.com\/fr\/wp-json\/wp\/v2\/product"}],"about":[{"href":"https:\/\/www.avenuedesigncanada.com\/fr\/wp-json\/wp\/v2\/types\/product"}],"wp:featuredmedia":[{"embeddable":true,"href":"https:\/\/www.avenuedesigncanada.com\/fr\/wp-json\/wp\/v2\/media\/407060"}],"wp:attachment":[{"href":"https:\/\/www.avenuedesigncanada.com\/fr\/wp-json\/wp\/v2\/media?parent=407119"}],"wp:term":[{"taxonomy":"product_brand","embeddable":true,"href":"https:\/\/www.avenuedesigncanada.com\/fr\/wp-json\/wp\/v2\/product_brand?post=407119"},{"taxonomy":"product_cat","embeddable":true,"href":"https:\/\/www.avenuedesigncanada.com\/fr\/wp-json\/wp\/v2\/product_cat?post=407119"},{"taxonomy":"product_tag","embeddable":true,"href":"https:\/\/www.avenuedesigncanada.com\/fr\/wp-json\/wp\/v2\/product_tag?post=407119"}],"curies":[{"name":"wp","href":"https:\/\/api.w.org\/{rel}","templated":true}]}}