{"id":407121,"date":"2026-02-16T10:31:32","date_gmt":"2026-02-16T15:31:32","guid":{"rendered":"https:\/\/www.avenuedesigncanada.com\/product\/commode-huit-tiroirs-sable\/"},"modified":"2026-03-20T21:51:44","modified_gmt":"2026-03-21T01:51:44","slug":"commode-huit-tiroirs-sable","status":"publish","type":"product","link":"https:\/\/www.avenuedesigncanada.com\/fr\/product\/commode-huit-tiroirs-sable\/","title":{"rendered":"Commode huit tiroirs Sable"},"content":{"rendered":"<p><em>  La commode \u00e0 huit tiroirs Sable pr\u00e9sente les caract\u00e9ristiques suivantes : <em><br \/>\n 8 tiroirs<br \/>\nPlateau \u00e0 bijoux amovible doubl\u00e9 de feutre noir dans les tiroirs sup\u00e9rieurs<br \/>\nFinition Sable<br \/>\nKit d&#8217;embouts, Niveleurs r\u00e9glables<br \/>\nVous avez des questions sur ce produit ? Nos designers sont l\u00e0 pour vous aider. Appelez-nous au (514) 340-9351  <\/p>\n","protected":false},"excerpt":{"rendered":"<p>La commode \u00e0 huit tiroirs Sable allie un style contemporain \u00e0 un espace de rangement g\u00e9n\u00e9reux. Sa silhouette \u00e9l\u00e9gante et son fini Sable profond s&rsquo;harmonisent avec n&rsquo;importe quel d\u00e9cor, tandis que les huit tiroirs offrent amplement d&rsquo;espace pour les v\u00eatements et les accessoires. <\/p>\n","protected":false},"featured_media":406960,"template":"","meta":{"_kad_blocks_custom_css":"","_kad_blocks_head_custom_js":"","_kad_blocks_body_custom_js":"","_kad_blocks_footer_custom_js":"","_kad_post_transparent":"","_kad_post_title":"","_kad_post_layout":"","_kad_post_sidebar_id":"","_kad_post_content_style":"","_kad_post_vertical_padding":"","_kad_post_feature":"","_kad_post_feature_position":"","_kad_post_header":false,"_kad_post_footer":false,"_kad_post_classname":""},"product_brand":[],"product_cat":[1298],"product_tag":[1513],"class_list":{"0":"post-407121","1":"product","2":"type-product","3":"status-publish","4":"has-post-thumbnail","6":"product_cat-commodes","7":"product_tag-paramount-fr","9":"first","10":"instock","11":"taxable","12":"shipping-taxable","13":"product-type-simple","14":"entry","15":"content-bg","16":"loop-entry"},"taxonomy_info":{"product_cat":[{"value":1298,"label":"Commodes"}],"product_tag":[{"value":1513,"label":"Paramount"}]},"featured_image_src_large":["https:\/\/www.avenuedesigncanada.com\/wp-content\/uploads\/2026\/02\/U470060_frontCP-1024x1024.jpg",1024,1024,true],"author_info":[],"comment_info":"","_links":{"self":[{"href":"https:\/\/www.avenuedesigncanada.com\/fr\/wp-json\/wp\/v2\/product\/407121","targetHints":{"allow":["GET"]}}],"collection":[{"href":"https:\/\/www.avenuedesigncanada.com\/fr\/wp-json\/wp\/v2\/product"}],"about":[{"href":"https:\/\/www.avenuedesigncanada.com\/fr\/wp-json\/wp\/v2\/types\/product"}],"wp:featuredmedia":[{"embeddable":true,"href":"https:\/\/www.avenuedesigncanada.com\/fr\/wp-json\/wp\/v2\/media\/406960"}],"wp:attachment":[{"href":"https:\/\/www.avenuedesigncanada.com\/fr\/wp-json\/wp\/v2\/media?parent=407121"}],"wp:term":[{"taxonomy":"product_brand","embeddable":true,"href":"https:\/\/www.avenuedesigncanada.com\/fr\/wp-json\/wp\/v2\/product_brand?post=407121"},{"taxonomy":"product_cat","embeddable":true,"href":"https:\/\/www.avenuedesigncanada.com\/fr\/wp-json\/wp\/v2\/product_cat?post=407121"},{"taxonomy":"product_tag","embeddable":true,"href":"https:\/\/www.avenuedesigncanada.com\/fr\/wp-json\/wp\/v2\/product_tag?post=407121"}],"curies":[{"name":"wp","href":"https:\/\/api.w.org\/{rel}","templated":true}]}}