{"id":407124,"date":"2026-02-16T10:31:34","date_gmt":"2026-02-16T15:31:34","guid":{"rendered":"https:\/\/www.avenuedesigncanada.com\/product\/commode-a-six-tiroirs-river-rock\/"},"modified":"2026-03-20T21:51:45","modified_gmt":"2026-03-21T01:51:45","slug":"commode-a-six-tiroirs-river-rock","status":"publish","type":"product","link":"https:\/\/www.avenuedesigncanada.com\/fr\/product\/commode-a-six-tiroirs-river-rock\/","title":{"rendered":"Commode \u00e0 six tiroirs River Rock"},"content":{"rendered":"<p><em>  La commode \u00e0 six tiroirs River Rock pr\u00e9sente les caract\u00e9ristiques suivantes : <em><br \/>\n 6 tiroirs<br \/>\nPlateau \u00e0 bijoux amovible doubl\u00e9 de feutre noir dans les tiroirs sup\u00e9rieurs<br \/>\nFinition River Rock<br \/>\nKit d&#8217;embouts, Niveleurs r\u00e9glables<br \/>\nVous avez des questions sur ce produit ? Nos designers sont l\u00e0 pour vous aider. Appelez-nous au (514) 340-9351  <\/p>\n","protected":false},"excerpt":{"rendered":"<p>Fabriqu\u00e9e dans une finition River Rock l\u00e9g\u00e8re et a\u00e9rienne, la commode \u00e0 six tiroirs allie une texture naturelle \u00e0 des lignes \u00e9pur\u00e9es et modernes. Ses fa\u00e7ades de tiroirs encadr\u00e9es et sa quincaillerie \u00e9l\u00e9gante cr\u00e9ent une solution de rangement sophistiqu\u00e9e, parfaite pour ajouter \u00e0 la fois de la fonctionnalit\u00e9 et une touche de d\u00e9tail architectural \u00e0 votre chambre \u00e0 coucher. <\/p>\n","protected":false},"featured_media":407004,"template":"","meta":{"_kad_blocks_custom_css":"","_kad_blocks_head_custom_js":"","_kad_blocks_body_custom_js":"","_kad_blocks_footer_custom_js":"","_kad_post_transparent":"","_kad_post_title":"","_kad_post_layout":"","_kad_post_sidebar_id":"","_kad_post_content_style":"","_kad_post_vertical_padding":"","_kad_post_feature":"","_kad_post_feature_position":"","_kad_post_header":false,"_kad_post_footer":false,"_kad_post_classname":""},"product_brand":[],"product_cat":[1298],"product_tag":[1513],"class_list":{"0":"post-407124","1":"product","2":"type-product","3":"status-publish","4":"has-post-thumbnail","6":"product_cat-commodes","7":"product_tag-paramount-fr","9":"first","10":"instock","11":"taxable","12":"shipping-taxable","13":"product-type-simple","14":"entry","15":"content-bg","16":"loop-entry"},"taxonomy_info":{"product_cat":[{"value":1298,"label":"Commodes"}],"product_tag":[{"value":1513,"label":"Paramount"}]},"featured_image_src_large":["https:\/\/www.avenuedesigncanada.com\/wp-content\/uploads\/2026\/02\/rrd-U462A040_VM2_siloCC-1024x1024.jpg",1024,1024,true],"author_info":[],"comment_info":"","_links":{"self":[{"href":"https:\/\/www.avenuedesigncanada.com\/fr\/wp-json\/wp\/v2\/product\/407124","targetHints":{"allow":["GET"]}}],"collection":[{"href":"https:\/\/www.avenuedesigncanada.com\/fr\/wp-json\/wp\/v2\/product"}],"about":[{"href":"https:\/\/www.avenuedesigncanada.com\/fr\/wp-json\/wp\/v2\/types\/product"}],"wp:featuredmedia":[{"embeddable":true,"href":"https:\/\/www.avenuedesigncanada.com\/fr\/wp-json\/wp\/v2\/media\/407004"}],"wp:attachment":[{"href":"https:\/\/www.avenuedesigncanada.com\/fr\/wp-json\/wp\/v2\/media?parent=407124"}],"wp:term":[{"taxonomy":"product_brand","embeddable":true,"href":"https:\/\/www.avenuedesigncanada.com\/fr\/wp-json\/wp\/v2\/product_brand?post=407124"},{"taxonomy":"product_cat","embeddable":true,"href":"https:\/\/www.avenuedesigncanada.com\/fr\/wp-json\/wp\/v2\/product_cat?post=407124"},{"taxonomy":"product_tag","embeddable":true,"href":"https:\/\/www.avenuedesigncanada.com\/fr\/wp-json\/wp\/v2\/product_tag?post=407124"}],"curies":[{"name":"wp","href":"https:\/\/api.w.org\/{rel}","templated":true}]}}