{"id":407131,"date":"2026-02-16T10:31:30","date_gmt":"2026-02-16T15:31:30","guid":{"rendered":"https:\/\/www.avenuedesigncanada.com\/product\/desert-commode-a-huit-tiroirs\/"},"modified":"2026-03-20T21:52:49","modified_gmt":"2026-03-21T01:52:49","slug":"desert-commode-a-huit-tiroirs","status":"publish","type":"product","link":"https:\/\/www.avenuedesigncanada.com\/fr\/product\/desert-commode-a-huit-tiroirs\/","title":{"rendered":"Desert Commode \u00e0 huit tiroirs"},"content":{"rendered":"<p><em>  La commode \u00e0 huit tiroirs Desert pr\u00e9sente les caract\u00e9ristiques suivantes : <em><br \/>\n 8 tiroirs<br \/>\nPlateau \u00e0 bijoux amovible doubl\u00e9 de feutre noir dans les tiroirs sup\u00e9rieurs<br \/>\nFinition Desert<br \/>\nKit d&#8217;embouts, Niveleurs r\u00e9glables<br \/>\nVous avez des questions sur ce produit ? Nos designers sont l\u00e0 pour vous aider. Appelez-nous au (514) 340-9351  <\/p>\n","protected":false},"excerpt":{"rendered":"<p>La commode \u00e0 huit tiroirs Desert allie un style contemporain \u00e0 un espace de rangement g\u00e9n\u00e9reux. Sa silhouette \u00e9l\u00e9gante et sa finition a\u00e9r\u00e9e Desert s&rsquo;harmonisent avec n&rsquo;importe quel d\u00e9cor, tandis que les huit tiroirs offrent suffisamment d&rsquo;espace pour les v\u00eatements et les accessoires. <\/p>\n","protected":false},"featured_media":406978,"template":"","meta":{"_kad_blocks_custom_css":"","_kad_blocks_head_custom_js":"","_kad_blocks_body_custom_js":"","_kad_blocks_footer_custom_js":"","_kad_post_transparent":"","_kad_post_title":"","_kad_post_layout":"","_kad_post_sidebar_id":"","_kad_post_content_style":"","_kad_post_vertical_padding":"","_kad_post_feature":"","_kad_post_feature_position":"","_kad_post_header":false,"_kad_post_footer":false,"_kad_post_classname":""},"product_brand":[],"product_cat":[1298],"product_tag":[1513],"class_list":{"0":"post-407131","1":"product","2":"type-product","3":"status-publish","4":"has-post-thumbnail","6":"product_cat-commodes","7":"product_tag-paramount-fr","9":"first","10":"instock","11":"taxable","12":"shipping-taxable","13":"product-type-simple","14":"entry","15":"content-bg","16":"loop-entry"},"taxonomy_info":{"product_cat":[{"value":1298,"label":"Commodes"}],"product_tag":[{"value":1513,"label":"Paramount"}]},"featured_image_src_large":["https:\/\/www.avenuedesigncanada.com\/wp-content\/uploads\/2026\/02\/U470A060_front_CC-1024x1024.jpg",1024,1024,true],"author_info":[],"comment_info":"","_links":{"self":[{"href":"https:\/\/www.avenuedesigncanada.com\/fr\/wp-json\/wp\/v2\/product\/407131","targetHints":{"allow":["GET"]}}],"collection":[{"href":"https:\/\/www.avenuedesigncanada.com\/fr\/wp-json\/wp\/v2\/product"}],"about":[{"href":"https:\/\/www.avenuedesigncanada.com\/fr\/wp-json\/wp\/v2\/types\/product"}],"wp:featuredmedia":[{"embeddable":true,"href":"https:\/\/www.avenuedesigncanada.com\/fr\/wp-json\/wp\/v2\/media\/406978"}],"wp:attachment":[{"href":"https:\/\/www.avenuedesigncanada.com\/fr\/wp-json\/wp\/v2\/media?parent=407131"}],"wp:term":[{"taxonomy":"product_brand","embeddable":true,"href":"https:\/\/www.avenuedesigncanada.com\/fr\/wp-json\/wp\/v2\/product_brand?post=407131"},{"taxonomy":"product_cat","embeddable":true,"href":"https:\/\/www.avenuedesigncanada.com\/fr\/wp-json\/wp\/v2\/product_cat?post=407131"},{"taxonomy":"product_tag","embeddable":true,"href":"https:\/\/www.avenuedesigncanada.com\/fr\/wp-json\/wp\/v2\/product_tag?post=407131"}],"curies":[{"name":"wp","href":"https:\/\/api.w.org\/{rel}","templated":true}]}}