{"id":407132,"date":"2026-02-16T10:31:12","date_gmt":"2026-02-16T15:31:12","guid":{"rendered":"https:\/\/www.avenuedesigncanada.com\/product\/lit-a-panneaux-boulder\/"},"modified":"2026-02-16T10:36:45","modified_gmt":"2026-02-16T15:36:45","slug":"lit-a-panneaux-boulder","status":"publish","type":"product","link":"https:\/\/www.avenuedesigncanada.com\/fr\/product\/lit-a-panneaux-boulder\/","title":{"rendered":"Lit \u00e0 panneaux Boulder"},"content":{"rendered":"<p><em>  Le lit \u00e0 panneaux Boulder pr\u00e9sente les caract\u00e9ristiques suivantes : <em><br \/>\n Finition Boulder<\/p>\n<p>Matelas et sommier Design<br \/>\nVous avez des questions sur ce produit ? Nos concepteurs sont l\u00e0 pour vous aider. Appelez-nous au (514) 340-9351  <\/p>\n","protected":false},"excerpt":{"rendered":"<p>Le lit \u00e0 panneaux Boulder fait une d\u00e9claration frappante avec sa t\u00eate de lit architecturale en treillis, rendue dans un fini chaud Boulder brun moyen. Ce lit allie une texture naturelle \u00e0 des lignes \u00e9pur\u00e9es et modernes, cr\u00e9ant un point focal \u00e0 la fois sophistiqu\u00e9 et accueillant. Le panneau solide du pied de lit et les rails lat\u00e9raux compl\u00e8tent la t\u00eate de lit complexe, offrant un \u00e9quilibre harmonieux entre le design et le confort.  <\/p>\n","protected":false},"featured_media":406910,"template":"","meta":{"_kad_blocks_custom_css":"","_kad_blocks_head_custom_js":"","_kad_blocks_body_custom_js":"","_kad_blocks_footer_custom_js":"","_kad_post_transparent":"","_kad_post_title":"","_kad_post_layout":"","_kad_post_sidebar_id":"","_kad_post_content_style":"","_kad_post_vertical_padding":"","_kad_post_feature":"","_kad_post_feature_position":"","_kad_post_header":false,"_kad_post_footer":false,"_kad_post_classname":""},"product_brand":[],"product_cat":[1296],"product_tag":[1513],"class_list":{"0":"post-407132","1":"product","2":"type-product","3":"status-publish","4":"has-post-thumbnail","6":"product_cat-lits","7":"product_tag-paramount-fr","9":"first","10":"instock","11":"taxable","12":"shipping-taxable","13":"product-type-simple","14":"entry","15":"content-bg","16":"loop-entry"},"taxonomy_info":{"product_cat":[{"value":1296,"label":"Lits"}],"product_tag":[{"value":1513,"label":"Paramount"}]},"featured_image_src_large":["https:\/\/www.avenuedesigncanada.com\/wp-content\/uploads\/2026\/02\/rrd-U462260F_VM_siloCC-1024x1024.jpg",1024,1024,true],"author_info":[],"comment_info":"","_links":{"self":[{"href":"https:\/\/www.avenuedesigncanada.com\/fr\/wp-json\/wp\/v2\/product\/407132","targetHints":{"allow":["GET"]}}],"collection":[{"href":"https:\/\/www.avenuedesigncanada.com\/fr\/wp-json\/wp\/v2\/product"}],"about":[{"href":"https:\/\/www.avenuedesigncanada.com\/fr\/wp-json\/wp\/v2\/types\/product"}],"wp:featuredmedia":[{"embeddable":true,"href":"https:\/\/www.avenuedesigncanada.com\/fr\/wp-json\/wp\/v2\/media\/406910"}],"wp:attachment":[{"href":"https:\/\/www.avenuedesigncanada.com\/fr\/wp-json\/wp\/v2\/media?parent=407132"}],"wp:term":[{"taxonomy":"product_brand","embeddable":true,"href":"https:\/\/www.avenuedesigncanada.com\/fr\/wp-json\/wp\/v2\/product_brand?post=407132"},{"taxonomy":"product_cat","embeddable":true,"href":"https:\/\/www.avenuedesigncanada.com\/fr\/wp-json\/wp\/v2\/product_cat?post=407132"},{"taxonomy":"product_tag","embeddable":true,"href":"https:\/\/www.avenuedesigncanada.com\/fr\/wp-json\/wp\/v2\/product_tag?post=407132"}],"curies":[{"name":"wp","href":"https:\/\/api.w.org\/{rel}","templated":true}]}}