{"id":407135,"date":"2026-02-16T10:31:35","date_gmt":"2026-02-16T15:31:35","guid":{"rendered":"https:\/\/www.avenuedesigncanada.com\/product\/commode-maren\/"},"modified":"2026-03-20T21:51:46","modified_gmt":"2026-03-21T01:51:46","slug":"commode-maren","status":"publish","type":"product","link":"https:\/\/www.avenuedesigncanada.com\/fr\/product\/commode-maren\/","title":{"rendered":"Commode Maren"},"content":{"rendered":"<p><em>  La commode Maren est dot\u00e9e de 8 tiroirs : <em><br \/>\n 8 tiroirs<br \/>\nBacs \u00e0 bijoux amovibles en feutre gris dans les tiroirs sup\u00e9rieurs gauche et droit<br \/>\nC\u00e8dre dans les tiroirs inf\u00e9rieurs<br \/>\nFinition Silver Lining<br \/>\nFinition de la base et de la quincaillerie en m\u00e9tal Satin Bronze<br \/>\nTip Kit, Adjustable Levelers<br \/>\nVous avez des questions sur ce produit ? Nos designers sont l\u00e0 pour vous aider. Appelez-nous au (514) 340-9351  <\/p>\n","protected":false},"excerpt":{"rendered":"<p>Les capacit\u00e9s de rangement spacieuses de la commode-tiroir Maren sont envelopp\u00e9es d&rsquo;un m\u00e9lange de panneaux de c\u00e8dre et de ch\u00eane blanc, subtilement accentu\u00e9s par une quincaillerie et un cadre de base en bronze satin\u00e9.<\/p>\n","protected":false},"featured_media":406996,"template":"","meta":{"_kad_blocks_custom_css":"","_kad_blocks_head_custom_js":"","_kad_blocks_body_custom_js":"","_kad_blocks_footer_custom_js":"","_kad_post_transparent":"","_kad_post_title":"","_kad_post_layout":"","_kad_post_sidebar_id":"","_kad_post_content_style":"","_kad_post_vertical_padding":"","_kad_post_feature":"","_kad_post_feature_position":"","_kad_post_header":false,"_kad_post_footer":false,"_kad_post_classname":""},"product_brand":[],"product_cat":[1298],"product_tag":[1513],"class_list":{"0":"post-407135","1":"product","2":"type-product","3":"status-publish","4":"has-post-thumbnail","6":"product_cat-commodes","7":"product_tag-paramount-fr","9":"first","10":"instock","11":"taxable","12":"shipping-taxable","13":"product-type-simple","14":"entry","15":"content-bg","16":"loop-entry"},"taxonomy_info":{"product_cat":[{"value":1298,"label":"Commodes"}],"product_tag":[{"value":1513,"label":"Paramount"}]},"featured_image_src_large":["https:\/\/www.avenuedesigncanada.com\/wp-content\/uploads\/2026\/02\/U225C040_-1024x1024.jpg",1024,1024,true],"author_info":[],"comment_info":"","_links":{"self":[{"href":"https:\/\/www.avenuedesigncanada.com\/fr\/wp-json\/wp\/v2\/product\/407135","targetHints":{"allow":["GET"]}}],"collection":[{"href":"https:\/\/www.avenuedesigncanada.com\/fr\/wp-json\/wp\/v2\/product"}],"about":[{"href":"https:\/\/www.avenuedesigncanada.com\/fr\/wp-json\/wp\/v2\/types\/product"}],"wp:featuredmedia":[{"embeddable":true,"href":"https:\/\/www.avenuedesigncanada.com\/fr\/wp-json\/wp\/v2\/media\/406996"}],"wp:attachment":[{"href":"https:\/\/www.avenuedesigncanada.com\/fr\/wp-json\/wp\/v2\/media?parent=407135"}],"wp:term":[{"taxonomy":"product_brand","embeddable":true,"href":"https:\/\/www.avenuedesigncanada.com\/fr\/wp-json\/wp\/v2\/product_brand?post=407135"},{"taxonomy":"product_cat","embeddable":true,"href":"https:\/\/www.avenuedesigncanada.com\/fr\/wp-json\/wp\/v2\/product_cat?post=407135"},{"taxonomy":"product_tag","embeddable":true,"href":"https:\/\/www.avenuedesigncanada.com\/fr\/wp-json\/wp\/v2\/product_tag?post=407135"}],"curies":[{"name":"wp","href":"https:\/\/api.w.org\/{rel}","templated":true}]}}