{"id":407136,"date":"2026-02-16T10:31:39","date_gmt":"2026-02-16T15:31:39","guid":{"rendered":"https:\/\/www.avenuedesigncanada.com\/product\/coffre-a-tiroirs-astrid\/"},"modified":"2026-03-20T21:51:44","modified_gmt":"2026-03-21T01:51:44","slug":"coffre-a-tiroirs-astrid","status":"publish","type":"product","link":"https:\/\/www.avenuedesigncanada.com\/fr\/product\/coffre-a-tiroirs-astrid\/","title":{"rendered":"Coffre \u00e0 tiroirs Astrid"},"content":{"rendered":"<p><em>  Le coffre \u00e0 tiroirs Astrid pr\u00e9sente les caract\u00e9ristiques suivantes : <em><br \/>\n 5 tiroirs<br \/>\nFinition en ch\u00eane blanc<br \/>\nKit d&#8217;embouts, Niveaux r\u00e9glables<br \/>\nVous avez des questions sur ce produit ? Nos designers sont l\u00e0 pour vous aider. Appelez-nous au (514) 340-9351  <\/p>\n","protected":false},"excerpt":{"rendered":"<p>La commode Astrid se dresse avec ses cinq tiroirs, incarnant une modernit\u00e9 \u00e9l\u00e9gante et d\u00e9contract\u00e9e dans une magnifique finition en ch\u00eane blanc neutre. Sa stature est gracieusement accentu\u00e9e par de longues et chics poign\u00e9es bronz\u00e9es, qui ajoutent une touche de sophistication \u00e0 cette pi\u00e8ce fonctionnelle. Le design de la commode \u00e9tablit un \u00e9quilibre entre le flair contemporain et l&rsquo;\u00e9l\u00e9gance intemporelle, ce qui en fait un ajout polyvalent \u00e0 toute chambre \u00e0 coucher moderne.  <\/p>\n","protected":false},"featured_media":407010,"template":"","meta":{"_kad_blocks_custom_css":"","_kad_blocks_head_custom_js":"","_kad_blocks_body_custom_js":"","_kad_blocks_footer_custom_js":"","_kad_post_transparent":"","_kad_post_title":"","_kad_post_layout":"","_kad_post_sidebar_id":"","_kad_post_content_style":"","_kad_post_vertical_padding":"","_kad_post_feature":"","_kad_post_feature_position":"","_kad_post_header":false,"_kad_post_footer":false,"_kad_post_classname":""},"product_brand":[],"product_cat":[1298],"product_tag":[1513],"class_list":{"0":"post-407136","1":"product","2":"type-product","3":"status-publish","4":"has-post-thumbnail","6":"product_cat-commodes","7":"product_tag-paramount-fr","9":"first","10":"instock","11":"taxable","12":"shipping-taxable","13":"product-type-simple","14":"entry","15":"content-bg","16":"loop-entry"},"taxonomy_info":{"product_cat":[{"value":1298,"label":"Commodes"}],"product_tag":[{"value":1513,"label":"Paramount"}]},"featured_image_src_large":["https:\/\/www.avenuedesigncanada.com\/wp-content\/uploads\/2026\/02\/U352C175_VM-1024x1024.jpg",1024,1024,true],"author_info":[],"comment_info":"","_links":{"self":[{"href":"https:\/\/www.avenuedesigncanada.com\/fr\/wp-json\/wp\/v2\/product\/407136","targetHints":{"allow":["GET"]}}],"collection":[{"href":"https:\/\/www.avenuedesigncanada.com\/fr\/wp-json\/wp\/v2\/product"}],"about":[{"href":"https:\/\/www.avenuedesigncanada.com\/fr\/wp-json\/wp\/v2\/types\/product"}],"wp:featuredmedia":[{"embeddable":true,"href":"https:\/\/www.avenuedesigncanada.com\/fr\/wp-json\/wp\/v2\/media\/407010"}],"wp:attachment":[{"href":"https:\/\/www.avenuedesigncanada.com\/fr\/wp-json\/wp\/v2\/media?parent=407136"}],"wp:term":[{"taxonomy":"product_brand","embeddable":true,"href":"https:\/\/www.avenuedesigncanada.com\/fr\/wp-json\/wp\/v2\/product_brand?post=407136"},{"taxonomy":"product_cat","embeddable":true,"href":"https:\/\/www.avenuedesigncanada.com\/fr\/wp-json\/wp\/v2\/product_cat?post=407136"},{"taxonomy":"product_tag","embeddable":true,"href":"https:\/\/www.avenuedesigncanada.com\/fr\/wp-json\/wp\/v2\/product_tag?post=407136"}],"curies":[{"name":"wp","href":"https:\/\/api.w.org\/{rel}","templated":true}]}}