{"id":407139,"date":"2026-02-16T10:31:19","date_gmt":"2026-02-16T15:31:19","guid":{"rendered":"https:\/\/www.avenuedesigncanada.com\/product\/lit-bowie\/"},"modified":"2026-02-16T10:37:06","modified_gmt":"2026-02-16T15:37:06","slug":"lit-bowie","status":"publish","type":"product","link":"https:\/\/www.avenuedesigncanada.com\/fr\/product\/lit-bowie\/","title":{"rendered":"Lit Bowie"},"content":{"rendered":"<p><em>  Le lit Bowie pr\u00e9sente les caract\u00e9ristiques suivantes : <em><br \/>\n Choix de tissus<\/p>\n<p>Options de taille :<\/p>\n<p>Reine 70&Prime; x 100&Prime; x 54&Prime;<\/p>\n<p>Roi 86&Prime; x 100&Prime; x 54&Prime;<\/p>\n<p>Barres de lit r\u00e9versibles<\/p>\n<p>Rouleau de lattes en option vendu s\u00e9par\u00e9ment<\/p>\n<p>Matelas + sommier ou matelas seul Design<br \/>\nVous avez des questions sur ce produit ? Nos designers sont l\u00e0 pour vous aider. Appelez-nous au (514) 340-9351  <\/p>\n","protected":false},"excerpt":{"rendered":"<p>Le lit Bowie pr\u00e9sente les caract\u00e9ristiques suivantes : Choix de tissus Options de taille : Reine 70&Prime; x 100&Prime; x 54&Prime; Roi 86&Prime; x 100&Prime; x 54&Prime; Barres de lit r\u00e9versibles Rouleau de lattes en option vendu s\u00e9par\u00e9ment Matelas + sommier ou matelas seul Design Vous avez des questions sur ce produit ? Nos designers&#8230;<\/p>\n","protected":false},"featured_media":406928,"template":"","meta":{"_kad_blocks_custom_css":"","_kad_blocks_head_custom_js":"","_kad_blocks_body_custom_js":"","_kad_blocks_footer_custom_js":"","_kad_post_transparent":"","_kad_post_title":"","_kad_post_layout":"","_kad_post_sidebar_id":"","_kad_post_content_style":"","_kad_post_vertical_padding":"","_kad_post_feature":"","_kad_post_feature_position":"","_kad_post_header":false,"_kad_post_footer":false,"_kad_post_classname":""},"product_brand":[],"product_cat":[1296],"product_tag":[1513],"class_list":{"0":"post-407139","1":"product","2":"type-product","3":"status-publish","4":"has-post-thumbnail","6":"product_cat-lits","7":"product_tag-paramount-fr","9":"first","10":"instock","11":"taxable","12":"shipping-taxable","13":"product-type-simple","14":"entry","15":"content-bg","16":"loop-entry"},"taxonomy_info":{"product_cat":[{"value":1296,"label":"Lits"}],"product_tag":[{"value":1513,"label":"Paramount"}]},"featured_image_src_large":["https:\/\/www.avenuedesigncanada.com\/wp-content\/uploads\/2026\/02\/U35220B_VM-1024x1024.jpg",1024,1024,true],"author_info":[],"comment_info":"","_links":{"self":[{"href":"https:\/\/www.avenuedesigncanada.com\/fr\/wp-json\/wp\/v2\/product\/407139","targetHints":{"allow":["GET"]}}],"collection":[{"href":"https:\/\/www.avenuedesigncanada.com\/fr\/wp-json\/wp\/v2\/product"}],"about":[{"href":"https:\/\/www.avenuedesigncanada.com\/fr\/wp-json\/wp\/v2\/types\/product"}],"wp:featuredmedia":[{"embeddable":true,"href":"https:\/\/www.avenuedesigncanada.com\/fr\/wp-json\/wp\/v2\/media\/406928"}],"wp:attachment":[{"href":"https:\/\/www.avenuedesigncanada.com\/fr\/wp-json\/wp\/v2\/media?parent=407139"}],"wp:term":[{"taxonomy":"product_brand","embeddable":true,"href":"https:\/\/www.avenuedesigncanada.com\/fr\/wp-json\/wp\/v2\/product_brand?post=407139"},{"taxonomy":"product_cat","embeddable":true,"href":"https:\/\/www.avenuedesigncanada.com\/fr\/wp-json\/wp\/v2\/product_cat?post=407139"},{"taxonomy":"product_tag","embeddable":true,"href":"https:\/\/www.avenuedesigncanada.com\/fr\/wp-json\/wp\/v2\/product_tag?post=407139"}],"curies":[{"name":"wp","href":"https:\/\/api.w.org\/{rel}","templated":true}]}}