{"id":407141,"date":"2026-02-16T10:31:23","date_gmt":"2026-02-16T15:31:23","guid":{"rendered":"https:\/\/www.avenuedesigncanada.com\/product\/banc-nola\/"},"modified":"2026-03-20T21:52:48","modified_gmt":"2026-03-21T01:52:48","slug":"banc-nola","status":"publish","type":"product","link":"https:\/\/www.avenuedesigncanada.com\/fr\/product\/banc-nola\/","title":{"rendered":"Banc Nola"},"content":{"rendered":"<p><em>  Le banc Nola pr\u00e9sente les caract\u00e9ristiques suivantes : <em><br \/>\n Tissu : Yakety Yak Granite<br \/>\nBase en aluminium moul\u00e9<br \/>\nFinition du m\u00e9tal : Bronze<br \/>\nCoussinets en feutre au bas des pieds<br \/>\nVous avez des questions sur ce produit ? Nos designers sont l\u00e0 pour vous aider. Appelez-nous au (514) 340-9351  <\/p>\n","protected":false},"excerpt":{"rendered":"<p>Le banc Nola pr\u00e9sente un luxueux jeu de textures, avec une assise somptueusement moelleuse en tissu Yakety Yak Granite sur une \u00e9l\u00e9gante base en fonte d&rsquo;aluminium finie en Bronze. Le design du banc, caract\u00e9ris\u00e9 par une courbe subtile et minimaliste, offre un contraste sophistiqu\u00e9 entre le tactile et le visuel, cr\u00e9ant une pi\u00e8ce captivante qui allie la chaleur de la texture aux lignes \u00e9pur\u00e9es du design contemporain. <\/p>\n","protected":false},"featured_media":406950,"template":"","meta":{"_kad_blocks_custom_css":"","_kad_blocks_head_custom_js":"","_kad_blocks_body_custom_js":"","_kad_blocks_footer_custom_js":"","_kad_post_transparent":"","_kad_post_title":"","_kad_post_layout":"","_kad_post_sidebar_id":"","_kad_post_content_style":"","_kad_post_vertical_padding":"","_kad_post_feature":"","_kad_post_feature_position":"","_kad_post_header":false,"_kad_post_footer":false,"_kad_post_classname":""},"product_brand":[],"product_cat":[2155],"product_tag":[1513],"class_list":{"0":"post-407141","1":"product","2":"type-product","3":"status-publish","4":"has-post-thumbnail","6":"product_cat-bancs-3","7":"product_tag-paramount-fr","9":"first","10":"instock","11":"taxable","12":"shipping-taxable","13":"product-type-simple","14":"entry","15":"content-bg","16":"loop-entry"},"taxonomy_info":{"product_cat":[{"value":2155,"label":"Bancs"}],"product_tag":[{"value":1513,"label":"Paramount"}]},"featured_image_src_large":["https:\/\/www.avenuedesigncanada.com\/wp-content\/uploads\/2026\/02\/U365380_VM-1024x1024.jpg",1024,1024,true],"author_info":[],"comment_info":"","_links":{"self":[{"href":"https:\/\/www.avenuedesigncanada.com\/fr\/wp-json\/wp\/v2\/product\/407141","targetHints":{"allow":["GET"]}}],"collection":[{"href":"https:\/\/www.avenuedesigncanada.com\/fr\/wp-json\/wp\/v2\/product"}],"about":[{"href":"https:\/\/www.avenuedesigncanada.com\/fr\/wp-json\/wp\/v2\/types\/product"}],"wp:featuredmedia":[{"embeddable":true,"href":"https:\/\/www.avenuedesigncanada.com\/fr\/wp-json\/wp\/v2\/media\/406950"}],"wp:attachment":[{"href":"https:\/\/www.avenuedesigncanada.com\/fr\/wp-json\/wp\/v2\/media?parent=407141"}],"wp:term":[{"taxonomy":"product_brand","embeddable":true,"href":"https:\/\/www.avenuedesigncanada.com\/fr\/wp-json\/wp\/v2\/product_brand?post=407141"},{"taxonomy":"product_cat","embeddable":true,"href":"https:\/\/www.avenuedesigncanada.com\/fr\/wp-json\/wp\/v2\/product_cat?post=407141"},{"taxonomy":"product_tag","embeddable":true,"href":"https:\/\/www.avenuedesigncanada.com\/fr\/wp-json\/wp\/v2\/product_tag?post=407141"}],"curies":[{"name":"wp","href":"https:\/\/api.w.org\/{rel}","templated":true}]}}