{"id":407142,"date":"2026-02-16T10:31:21","date_gmt":"2026-02-16T15:31:21","guid":{"rendered":"https:\/\/www.avenuedesigncanada.com\/product\/tabouret-evo\/"},"modified":"2026-02-16T10:37:03","modified_gmt":"2026-02-16T15:37:03","slug":"tabouret-evo","status":"publish","type":"product","link":"https:\/\/www.avenuedesigncanada.com\/fr\/product\/tabouret-evo\/","title":{"rendered":"Tabouret Evo"},"content":{"rendered":"<p><em>  Les caract\u00e9ristiques du tabouret Evo : <em><br \/>\n Finition : Fusain lav\u00e9<\/p>\n<p>Tissu : Melic Dune<\/p>\n<p>Base en bois<\/p>\n<p>Niveleurs r\u00e9glables<br \/>\nVous avez des questions sur ce produit ? Nos concepteurs sont l\u00e0 pour vous aider. Appelez-nous au (514) 340-9351  <\/p>\n","protected":false},"excerpt":{"rendered":"<p>Le tabouret Evo, rev\u00eatu du tissu serein Melic Dune et pos\u00e9 sur une base en bois avec une finition Washed Charcoal, capture l&rsquo;essence de la nature avec un raffinement contemporain. Son design fusionne l&rsquo;organique et le moderne, offrant une pi\u00e8ce qui rayonne d&rsquo;une \u00e9l\u00e9gance fra\u00eeche et naturelle et d&rsquo;une tournure sophistiqu\u00e9e sur des \u00e9l\u00e9ments classiques. <\/p>\n","protected":false},"featured_media":406956,"template":"","meta":{"_kad_blocks_custom_css":"","_kad_blocks_head_custom_js":"","_kad_blocks_body_custom_js":"","_kad_blocks_footer_custom_js":"","_kad_post_transparent":"","_kad_post_title":"","_kad_post_layout":"","_kad_post_sidebar_id":"","_kad_post_content_style":"","_kad_post_vertical_padding":"","_kad_post_feature":"","_kad_post_feature_position":"","_kad_post_header":false,"_kad_post_footer":false,"_kad_post_classname":""},"product_brand":[],"product_cat":[1325],"product_tag":[1513],"class_list":{"0":"post-407142","1":"product","2":"type-product","3":"status-publish","4":"has-post-thumbnail","6":"product_cat-poufs","7":"product_tag-paramount-fr","9":"first","10":"instock","11":"taxable","12":"shipping-taxable","13":"product-type-simple","14":"entry","15":"content-bg","16":"loop-entry"},"taxonomy_info":{"product_cat":[{"value":1325,"label":"Ottomans"}],"product_tag":[{"value":1513,"label":"Paramount"}]},"featured_image_src_large":["https:\/\/www.avenuedesigncanada.com\/wp-content\/uploads\/2026\/02\/U352F382_VM2-1024x1024.jpg",1024,1024,true],"author_info":[],"comment_info":"","_links":{"self":[{"href":"https:\/\/www.avenuedesigncanada.com\/fr\/wp-json\/wp\/v2\/product\/407142","targetHints":{"allow":["GET"]}}],"collection":[{"href":"https:\/\/www.avenuedesigncanada.com\/fr\/wp-json\/wp\/v2\/product"}],"about":[{"href":"https:\/\/www.avenuedesigncanada.com\/fr\/wp-json\/wp\/v2\/types\/product"}],"wp:featuredmedia":[{"embeddable":true,"href":"https:\/\/www.avenuedesigncanada.com\/fr\/wp-json\/wp\/v2\/media\/406956"}],"wp:attachment":[{"href":"https:\/\/www.avenuedesigncanada.com\/fr\/wp-json\/wp\/v2\/media?parent=407142"}],"wp:term":[{"taxonomy":"product_brand","embeddable":true,"href":"https:\/\/www.avenuedesigncanada.com\/fr\/wp-json\/wp\/v2\/product_brand?post=407142"},{"taxonomy":"product_cat","embeddable":true,"href":"https:\/\/www.avenuedesigncanada.com\/fr\/wp-json\/wp\/v2\/product_cat?post=407142"},{"taxonomy":"product_tag","embeddable":true,"href":"https:\/\/www.avenuedesigncanada.com\/fr\/wp-json\/wp\/v2\/product_tag?post=407142"}],"curies":[{"name":"wp","href":"https:\/\/api.w.org\/{rel}","templated":true}]}}