{"id":407148,"date":"2026-02-16T10:31:05","date_gmt":"2026-02-16T15:31:05","guid":{"rendered":"https:\/\/www.avenuedesigncanada.com\/product\/restaurer-le-lit\/"},"modified":"2026-02-16T10:37:30","modified_gmt":"2026-02-16T15:37:30","slug":"restaurer-le-lit","status":"publish","type":"product","link":"https:\/\/www.avenuedesigncanada.com\/fr\/product\/restaurer-le-lit\/","title":{"rendered":"Restaurer le lit"},"content":{"rendered":"<p><em>  Les caract\u00e9ristiques du lit Restore : <em><br \/>\n Choix de tissus<\/p>\n<p>Options de taille :<\/p>\n<p>Reine 70&Prime; x 91&Prime; x 54&Prime;<\/p>\n<p>Roi 86&Prime; x 91&Prime; x 54&Prime;<\/p>\n<p>Cal King 82&Prime; x 95&Prime; x 54&Prime;<br \/>\nVous avez des questions sur ce produit ? Nos designers sont l\u00e0 pour vous aider. Appelez-nous au (514) 340-9351  <\/p>\n","protected":false},"excerpt":{"rendered":"<p>Le lit Restore pr\u00e9sente des lignes \u00e9pur\u00e9es et une t\u00eate de lit arrondie, enti\u00e8rement rembourr\u00e9e, associ\u00e9e \u00e0 un pied de lit de type plate-forme. Son design polyvalent en fait un point focal frappant dans les int\u00e9rieurs contemporains, transitionnels ou minimalistes. <\/p>\n","protected":false},"featured_media":406890,"template":"","meta":{"_kad_blocks_custom_css":"","_kad_blocks_head_custom_js":"","_kad_blocks_body_custom_js":"","_kad_blocks_footer_custom_js":"","_kad_post_transparent":"","_kad_post_title":"","_kad_post_layout":"","_kad_post_sidebar_id":"","_kad_post_content_style":"","_kad_post_vertical_padding":"","_kad_post_feature":"","_kad_post_feature_position":"","_kad_post_header":false,"_kad_post_footer":false,"_kad_post_classname":""},"product_brand":[],"product_cat":[1296],"product_tag":[1513],"class_list":{"0":"post-407148","1":"product","2":"type-product","3":"status-publish","4":"has-post-thumbnail","6":"product_cat-lits","7":"product_tag-paramount-fr","9":"first","10":"instock","11":"taxable","12":"shipping-taxable","13":"product-type-simple","14":"entry","15":"content-bg","16":"loop-entry"},"taxonomy_info":{"product_cat":[{"value":1296,"label":"Lits"}],"product_tag":[{"value":1513,"label":"Paramount"}]},"featured_image_src_large":["https:\/\/www.avenuedesigncanada.com\/wp-content\/uploads\/2026\/02\/U195220B_VM3-1024x1024.jpg",1024,1024,true],"author_info":[],"comment_info":"","_links":{"self":[{"href":"https:\/\/www.avenuedesigncanada.com\/fr\/wp-json\/wp\/v2\/product\/407148","targetHints":{"allow":["GET"]}}],"collection":[{"href":"https:\/\/www.avenuedesigncanada.com\/fr\/wp-json\/wp\/v2\/product"}],"about":[{"href":"https:\/\/www.avenuedesigncanada.com\/fr\/wp-json\/wp\/v2\/types\/product"}],"wp:featuredmedia":[{"embeddable":true,"href":"https:\/\/www.avenuedesigncanada.com\/fr\/wp-json\/wp\/v2\/media\/406890"}],"wp:attachment":[{"href":"https:\/\/www.avenuedesigncanada.com\/fr\/wp-json\/wp\/v2\/media?parent=407148"}],"wp:term":[{"taxonomy":"product_brand","embeddable":true,"href":"https:\/\/www.avenuedesigncanada.com\/fr\/wp-json\/wp\/v2\/product_brand?post=407148"},{"taxonomy":"product_cat","embeddable":true,"href":"https:\/\/www.avenuedesigncanada.com\/fr\/wp-json\/wp\/v2\/product_cat?post=407148"},{"taxonomy":"product_tag","embeddable":true,"href":"https:\/\/www.avenuedesigncanada.com\/fr\/wp-json\/wp\/v2\/product_tag?post=407148"}],"curies":[{"name":"wp","href":"https:\/\/api.w.org\/{rel}","templated":true}]}}