{"id":407149,"date":"2026-02-16T10:31:03","date_gmt":"2026-02-16T15:31:03","guid":{"rendered":"https:\/\/www.avenuedesigncanada.com\/product\/cabinet-cacao\/"},"modified":"2026-02-16T10:37:30","modified_gmt":"2026-02-16T15:37:30","slug":"cabinet-cacao","status":"publish","type":"product","link":"https:\/\/www.avenuedesigncanada.com\/fr\/product\/cabinet-cacao\/","title":{"rendered":"Cabinet cacao"},"content":{"rendered":"<p><em>  L&rsquo;armoire Cocoa pr\u00e9sente les caract\u00e9ristiques suivantes : <em><br \/>\n Finition cacao<\/p>\n<p>Portes en ch\u00eane<\/p>\n<p>Trois \u00e9tag\u00e8res r\u00e9glables<\/p>\n<p>Une \u00e9tag\u00e8re fixe<\/p>\n<p>Bande LED sur les c\u00f4t\u00e9s gauche et droit<\/p>\n<p>Kit de conseils<\/p>\n<p>Niveleurs r\u00e9glables<br \/>\nVous avez des questions sur ce produit ? Nos concepteurs sont l\u00e0 pour vous aider. Appelez-nous au (514) 340-9351  <\/p>\n","protected":false},"excerpt":{"rendered":"<p>L&rsquo;armoire Cocoa offre un impressionnant espace de rangement ferm\u00e9 derri\u00e8re des portes \u00e0 panneaux de bois finies en ch\u00eane cacao. Avec ses \u00e9tag\u00e8res r\u00e9glables et son \u00e9clairage LED int\u00e9gr\u00e9, cette pi\u00e8ce polyvalente offre \u00e0 la fois une organisation fonctionnelle et une ambiance \u00e9l\u00e9gante pour n&rsquo;importe quel espace. <\/p>\n","protected":false},"featured_media":406850,"template":"","meta":{"_kad_blocks_custom_css":"","_kad_blocks_head_custom_js":"","_kad_blocks_body_custom_js":"","_kad_blocks_footer_custom_js":"","_kad_post_transparent":"","_kad_post_title":"","_kad_post_layout":"","_kad_post_sidebar_id":"","_kad_post_content_style":"","_kad_post_vertical_padding":"","_kad_post_feature":"","_kad_post_feature_position":"","_kad_post_header":false,"_kad_post_footer":false,"_kad_post_classname":""},"product_brand":[],"product_cat":[15],"product_tag":[1513],"class_list":{"0":"post-407149","1":"product","2":"type-product","3":"status-publish","4":"has-post-thumbnail","6":"product_cat-uncategorized","7":"product_tag-paramount-fr","9":"first","10":"instock","11":"taxable","12":"shipping-taxable","13":"product-type-simple","14":"entry","15":"content-bg","16":"loop-entry"},"taxonomy_info":{"product_cat":[{"value":15,"label":"Uncategorized"}],"product_tag":[{"value":1513,"label":"Paramount"}]},"featured_image_src_large":["https:\/\/www.avenuedesigncanada.com\/wp-content\/uploads\/2026\/02\/U508160_VM_CC-1024x1024.jpg",1024,1024,true],"author_info":[],"comment_info":"","_links":{"self":[{"href":"https:\/\/www.avenuedesigncanada.com\/fr\/wp-json\/wp\/v2\/product\/407149","targetHints":{"allow":["GET"]}}],"collection":[{"href":"https:\/\/www.avenuedesigncanada.com\/fr\/wp-json\/wp\/v2\/product"}],"about":[{"href":"https:\/\/www.avenuedesigncanada.com\/fr\/wp-json\/wp\/v2\/types\/product"}],"wp:featuredmedia":[{"embeddable":true,"href":"https:\/\/www.avenuedesigncanada.com\/fr\/wp-json\/wp\/v2\/media\/406850"}],"wp:attachment":[{"href":"https:\/\/www.avenuedesigncanada.com\/fr\/wp-json\/wp\/v2\/media?parent=407149"}],"wp:term":[{"taxonomy":"product_brand","embeddable":true,"href":"https:\/\/www.avenuedesigncanada.com\/fr\/wp-json\/wp\/v2\/product_brand?post=407149"},{"taxonomy":"product_cat","embeddable":true,"href":"https:\/\/www.avenuedesigncanada.com\/fr\/wp-json\/wp\/v2\/product_cat?post=407149"},{"taxonomy":"product_tag","embeddable":true,"href":"https:\/\/www.avenuedesigncanada.com\/fr\/wp-json\/wp\/v2\/product_tag?post=407149"}],"curies":[{"name":"wp","href":"https:\/\/api.w.org\/{rel}","templated":true}]}}