{"id":407151,"date":"2026-02-16T10:30:56","date_gmt":"2026-02-16T15:30:56","guid":{"rendered":"https:\/\/www.avenuedesigncanada.com\/product\/armoire-walker\/"},"modified":"2026-02-16T10:37:34","modified_gmt":"2026-02-16T15:37:34","slug":"armoire-walker","status":"publish","type":"product","link":"https:\/\/www.avenuedesigncanada.com\/fr\/product\/armoire-walker\/","title":{"rendered":"Armoire Walker"},"content":{"rendered":"<p><em>  L&rsquo;armoire Walker pr\u00e9sente les caract\u00e9ristiques suivantes : <em><br \/>\n 2 portes avec charni\u00e8res euro<\/p>\n<p>2 \u00e9tag\u00e8res r\u00e9glables<\/p>\n<p>1 \u00e9tag\u00e8re fixe<\/p>\n<p>Bande lumineuse autour des portes<\/p>\n<p>Finition naturelle organique<\/p>\n<p>Kit de conseils<\/p>\n<p>Niveleurs r\u00e9glables<br \/>\nVous avez des questions sur ce produit ? Nos concepteurs sont l\u00e0 pour vous aider. Appelez-nous au (514) 340-9351  <\/p>\n","protected":false},"excerpt":{"rendered":"<p>L&rsquo;armoire Walker allie simplicit\u00e9 et sophistication dans son design, avec deux portes qui s&rsquo;ouvrent pour r\u00e9v\u00e9ler des \u00e9tag\u00e8res int\u00e9rieures bien agenc\u00e9es. Sa finition naturelle organique est compl\u00e9t\u00e9e par une quincaillerie aux teintes profondes, offrant une pi\u00e8ce qui s&rsquo;harmonise avec une multitude d&rsquo;esth\u00e9tiques. Cette armoire t\u00e9moigne d&rsquo;une \u00e9l\u00e9gance discr\u00e8te, offrant \u00e0 la fois fonctionnalit\u00e9 et pr\u00e9sence chaleureuse et accueillante dans n&rsquo;importe quel espace.  <\/p>\n","protected":false},"featured_media":406794,"template":"","meta":{"_kad_blocks_custom_css":"","_kad_blocks_head_custom_js":"","_kad_blocks_body_custom_js":"","_kad_blocks_footer_custom_js":"","_kad_post_transparent":"","_kad_post_title":"","_kad_post_layout":"","_kad_post_sidebar_id":"","_kad_post_content_style":"","_kad_post_vertical_padding":"","_kad_post_feature":"","_kad_post_feature_position":"","_kad_post_header":false,"_kad_post_footer":false,"_kad_post_classname":""},"product_brand":[],"product_cat":[15],"product_tag":[1513],"class_list":{"0":"post-407151","1":"product","2":"type-product","3":"status-publish","4":"has-post-thumbnail","6":"product_cat-uncategorized","7":"product_tag-paramount-fr","9":"first","10":"instock","11":"taxable","12":"shipping-taxable","13":"product-type-simple","14":"entry","15":"content-bg","16":"loop-entry"},"taxonomy_info":{"product_cat":[{"value":15,"label":"Uncategorized"}],"product_tag":[{"value":1513,"label":"Paramount"}]},"featured_image_src_large":["https:\/\/www.avenuedesigncanada.com\/wp-content\/uploads\/2026\/02\/U352160_VM-1024x1024.jpg",1024,1024,true],"author_info":[],"comment_info":"","_links":{"self":[{"href":"https:\/\/www.avenuedesigncanada.com\/fr\/wp-json\/wp\/v2\/product\/407151","targetHints":{"allow":["GET"]}}],"collection":[{"href":"https:\/\/www.avenuedesigncanada.com\/fr\/wp-json\/wp\/v2\/product"}],"about":[{"href":"https:\/\/www.avenuedesigncanada.com\/fr\/wp-json\/wp\/v2\/types\/product"}],"wp:featuredmedia":[{"embeddable":true,"href":"https:\/\/www.avenuedesigncanada.com\/fr\/wp-json\/wp\/v2\/media\/406794"}],"wp:attachment":[{"href":"https:\/\/www.avenuedesigncanada.com\/fr\/wp-json\/wp\/v2\/media?parent=407151"}],"wp:term":[{"taxonomy":"product_brand","embeddable":true,"href":"https:\/\/www.avenuedesigncanada.com\/fr\/wp-json\/wp\/v2\/product_brand?post=407151"},{"taxonomy":"product_cat","embeddable":true,"href":"https:\/\/www.avenuedesigncanada.com\/fr\/wp-json\/wp\/v2\/product_cat?post=407151"},{"taxonomy":"product_tag","embeddable":true,"href":"https:\/\/www.avenuedesigncanada.com\/fr\/wp-json\/wp\/v2\/product_tag?post=407151"}],"curies":[{"name":"wp","href":"https:\/\/api.w.org\/{rel}","templated":true}]}}