{"id":407152,"date":"2026-02-16T10:31:00","date_gmt":"2026-02-16T15:31:00","guid":{"rendered":"https:\/\/www.avenuedesigncanada.com\/product\/armoire-de-service-boulder\/"},"modified":"2026-02-16T10:37:35","modified_gmt":"2026-02-16T15:37:35","slug":"armoire-de-service-boulder","status":"publish","type":"product","link":"https:\/\/www.avenuedesigncanada.com\/fr\/product\/armoire-de-service-boulder\/","title":{"rendered":"Armoire de service Boulder"},"content":{"rendered":"<p><em>  L&rsquo;armoire de service Boulder pr\u00e9sente les caract\u00e9ristiques suivantes : <em><br \/>\n Etag\u00e8re fixe<\/p>\n<p>2 \u00e9tag\u00e8res r\u00e9glables en bois<\/p>\n<p>\u00c9clairage tactile<\/p>\n<p>Ampoules LED<\/p>\n<p>Bo\u00eetier en bois avec finition m\u00e9tallique<\/p>\n<p>Kit de conseils<\/p>\n<p>Niveleurs r\u00e9glables<br \/>\nVous avez des questions sur ce produit ? Nos concepteurs sont l\u00e0 pour vous aider. Appelez-nous au (514) 340-9351  <\/p>\n","protected":false},"excerpt":{"rendered":"<p>Pr\u00e9sentant une finition chaude en brun moyen de Boulder, l&rsquo;armoire utilitaire apporte un rangement raffin\u00e9 \u00e0 n&rsquo;importe quelle pi\u00e8ce. Sa base m\u00e9tallique \u00e9l\u00e9gante surplombe des \u00e9tag\u00e8res en bois r\u00e9glables, accentu\u00e9es par un verre encastr\u00e9, offrant un m\u00e9lange de design moderne et d&rsquo;affichage pratique. Cette pi\u00e8ce ajoute une touche de sophistication architecturale, ce qui en fait un ajout polyvalent et \u00e9l\u00e9gant \u00e0 votre maison.  <\/p>\n","protected":false},"featured_media":406832,"template":"","meta":{"_kad_blocks_custom_css":"","_kad_blocks_head_custom_js":"","_kad_blocks_body_custom_js":"","_kad_blocks_footer_custom_js":"","_kad_post_transparent":"","_kad_post_title":"","_kad_post_layout":"","_kad_post_sidebar_id":"","_kad_post_content_style":"","_kad_post_vertical_padding":"","_kad_post_feature":"","_kad_post_feature_position":"","_kad_post_header":false,"_kad_post_footer":false,"_kad_post_classname":""},"product_brand":[],"product_cat":[15],"product_tag":[1513],"class_list":{"0":"post-407152","1":"product","2":"type-product","3":"status-publish","4":"has-post-thumbnail","6":"product_cat-uncategorized","7":"product_tag-paramount-fr","9":"first","10":"instock","11":"taxable","12":"shipping-taxable","13":"product-type-simple","14":"entry","15":"content-bg","16":"loop-entry"},"taxonomy_info":{"product_cat":[{"value":15,"label":"Uncategorized"}],"product_tag":[{"value":1513,"label":"Paramount"}]},"featured_image_src_large":["https:\/\/www.avenuedesigncanada.com\/wp-content\/uploads\/2026\/02\/rrd-U462160_VM3_siloCC-1024x1024.jpg",1024,1024,true],"author_info":[],"comment_info":"","_links":{"self":[{"href":"https:\/\/www.avenuedesigncanada.com\/fr\/wp-json\/wp\/v2\/product\/407152","targetHints":{"allow":["GET"]}}],"collection":[{"href":"https:\/\/www.avenuedesigncanada.com\/fr\/wp-json\/wp\/v2\/product"}],"about":[{"href":"https:\/\/www.avenuedesigncanada.com\/fr\/wp-json\/wp\/v2\/types\/product"}],"wp:featuredmedia":[{"embeddable":true,"href":"https:\/\/www.avenuedesigncanada.com\/fr\/wp-json\/wp\/v2\/media\/406832"}],"wp:attachment":[{"href":"https:\/\/www.avenuedesigncanada.com\/fr\/wp-json\/wp\/v2\/media?parent=407152"}],"wp:term":[{"taxonomy":"product_brand","embeddable":true,"href":"https:\/\/www.avenuedesigncanada.com\/fr\/wp-json\/wp\/v2\/product_brand?post=407152"},{"taxonomy":"product_cat","embeddable":true,"href":"https:\/\/www.avenuedesigncanada.com\/fr\/wp-json\/wp\/v2\/product_cat?post=407152"},{"taxonomy":"product_tag","embeddable":true,"href":"https:\/\/www.avenuedesigncanada.com\/fr\/wp-json\/wp\/v2\/product_tag?post=407152"}],"curies":[{"name":"wp","href":"https:\/\/api.w.org\/{rel}","templated":true}]}}