{"id":407154,"date":"2026-02-16T10:30:55","date_gmt":"2026-02-16T15:30:55","guid":{"rendered":"https:\/\/www.avenuedesigncanada.com\/product\/armoire-de-service-sable\/"},"modified":"2026-02-16T10:37:49","modified_gmt":"2026-02-16T15:37:49","slug":"armoire-de-service-sable","status":"publish","type":"product","link":"https:\/\/www.avenuedesigncanada.com\/fr\/product\/armoire-de-service-sable\/","title":{"rendered":"Armoire de service Sable"},"content":{"rendered":"<p><em>  L&rsquo;armoire utilitaire Desert pr\u00e9sente les caract\u00e9ristiques suivantes : <em><br \/>\n 3 \u00e9tag\u00e8res r\u00e9glables<\/p>\n<p>1 Tablette fixe<\/p>\n<p>Kit de conseils<\/p>\n<p>Niveleurs r\u00e9glables<br \/>\nVous avez des questions sur ce produit ? Nos concepteurs sont l\u00e0 pour vous aider. Appelez-nous au (514) 340-9351  <\/p>\n","protected":false},"excerpt":{"rendered":"<p>L&rsquo;armoire utilitaire Sable offre un rangement polyvalent avec une pr\u00e9sence audacieuse, profonde et sombre. Son design \u00e9pur\u00e9 s&rsquo;int\u00e8gre \u00e0 tous les d\u00e9cors, tandis que son int\u00e9rieur spacieux offre une solution pratique pour organiser divers objets. <\/p>\n","protected":false},"featured_media":406806,"template":"","meta":{"_kad_blocks_custom_css":"","_kad_blocks_head_custom_js":"","_kad_blocks_body_custom_js":"","_kad_blocks_footer_custom_js":"","_kad_post_transparent":"","_kad_post_title":"","_kad_post_layout":"","_kad_post_sidebar_id":"","_kad_post_content_style":"","_kad_post_vertical_padding":"","_kad_post_feature":"","_kad_post_feature_position":"","_kad_post_header":false,"_kad_post_footer":false,"_kad_post_classname":""},"product_brand":[],"product_cat":[15],"product_tag":[1513],"class_list":{"0":"post-407154","1":"product","2":"type-product","3":"status-publish","4":"has-post-thumbnail","6":"product_cat-uncategorized","7":"product_tag-paramount-fr","9":"first","10":"instock","11":"taxable","12":"shipping-taxable","13":"product-type-simple","14":"entry","15":"content-bg","16":"loop-entry"},"taxonomy_info":{"product_cat":[{"value":15,"label":"Uncategorized"}],"product_tag":[{"value":1513,"label":"Paramount"}]},"featured_image_src_large":["https:\/\/www.avenuedesigncanada.com\/wp-content\/uploads\/2026\/02\/U470160_FrontCP-1024x1024.jpg",1024,1024,true],"author_info":[],"comment_info":"","_links":{"self":[{"href":"https:\/\/www.avenuedesigncanada.com\/fr\/wp-json\/wp\/v2\/product\/407154","targetHints":{"allow":["GET"]}}],"collection":[{"href":"https:\/\/www.avenuedesigncanada.com\/fr\/wp-json\/wp\/v2\/product"}],"about":[{"href":"https:\/\/www.avenuedesigncanada.com\/fr\/wp-json\/wp\/v2\/types\/product"}],"wp:featuredmedia":[{"embeddable":true,"href":"https:\/\/www.avenuedesigncanada.com\/fr\/wp-json\/wp\/v2\/media\/406806"}],"wp:attachment":[{"href":"https:\/\/www.avenuedesigncanada.com\/fr\/wp-json\/wp\/v2\/media?parent=407154"}],"wp:term":[{"taxonomy":"product_brand","embeddable":true,"href":"https:\/\/www.avenuedesigncanada.com\/fr\/wp-json\/wp\/v2\/product_brand?post=407154"},{"taxonomy":"product_cat","embeddable":true,"href":"https:\/\/www.avenuedesigncanada.com\/fr\/wp-json\/wp\/v2\/product_cat?post=407154"},{"taxonomy":"product_tag","embeddable":true,"href":"https:\/\/www.avenuedesigncanada.com\/fr\/wp-json\/wp\/v2\/product_tag?post=407154"}],"curies":[{"name":"wp","href":"https:\/\/api.w.org\/{rel}","templated":true}]}}