{"id":407204,"date":"2026-01-08T09:24:14","date_gmt":"2026-01-08T14:24:14","guid":{"rendered":"https:\/\/www.avenuedesigncanada.com\/product\/table-a-cocktail-aries\/"},"modified":"2026-02-16T14:11:03","modified_gmt":"2026-02-16T19:11:03","slug":"table-a-cocktail-aries","status":"publish","type":"product","link":"https:\/\/www.avenuedesigncanada.com\/fr\/product\/table-a-cocktail-aries\/","title":{"rendered":"Table \u00e0 cocktail Aries"},"content":{"rendered":"<p><em>La table \u00e0 cocktail Aries pr\u00e9sente les caract\u00e9ristiques suivantes :<\/em><\/p>\n<p>Construction en b\u00e9ton renforc\u00e9 de fibres de verre<br \/>\nCouche de finition scell\u00e9e pour une r\u00e9sistance accrue \u00e0 l&rsquo;humidit\u00e9 et aux taches<\/p>\n<p>Fabriqu\u00e9 \u00e0 partir d&rsquo;un m\u00e9lange de b\u00e9ton naturel. Les variations de couleur, de texture, les marques de surface et les fissures capillaires non structurelles sont des qualit\u00e9s naturelles et appr\u00e9ci\u00e9es. Il est recommand\u00e9 de les stocker \u00e0 l&rsquo;int\u00e9rieur ou de les recouvrir d&rsquo;une housse de protection en cas de mauvais temps.  <\/p>\n<p>Vous avez des questions sur ce produit ? Nos concepteurs sont l\u00e0 pour vous aider. Appelez-nous au (514) 340-9351  <\/p>\n","protected":false},"excerpt":{"rendered":"<p>Une magnifique table basse en b\u00e9ton qui ajoutera de l&rsquo;audace \u00e0 n&rsquo;importe quel espace. Le design en forme de tambour est caract\u00e9ris\u00e9 par une finition noire ombr\u00e9e. Une pi\u00e8ce polyvalente et fonctionnelle  <\/p>\n","protected":false},"featured_media":399479,"template":"","meta":{"_kad_blocks_custom_css":"","_kad_blocks_head_custom_js":"","_kad_blocks_body_custom_js":"","_kad_blocks_footer_custom_js":"","_kad_post_transparent":"","_kad_post_title":"","_kad_post_layout":"","_kad_post_sidebar_id":"","_kad_post_content_style":"","_kad_post_vertical_padding":"","_kad_post_feature":"","_kad_post_feature_position":"","_kad_post_header":false,"_kad_post_footer":false,"_kad_post_classname":""},"product_brand":[],"product_cat":[1327],"product_tag":[1824],"class_list":{"0":"post-407204","1":"product","2":"type-product","3":"status-publish","4":"has-post-thumbnail","6":"product_cat-salon-tables-a-cafe","7":"product_tag-sol-fr","9":"first","10":"instock","11":"taxable","12":"shipping-taxable","13":"product-type-simple","14":"entry","15":"content-bg","16":"loop-entry"},"taxonomy_info":{"product_cat":[{"value":1327,"label":"Tables \u00e0 caf\u00e9"}],"product_tag":[{"value":1824,"label":"SOL"}]},"featured_image_src_large":["https:\/\/www.avenuedesigncanada.com\/wp-content\/uploads\/2026\/01\/Aries-Main-4-1024x1024.jpg",1024,1024,true],"author_info":[],"comment_info":"","_links":{"self":[{"href":"https:\/\/www.avenuedesigncanada.com\/fr\/wp-json\/wp\/v2\/product\/407204","targetHints":{"allow":["GET"]}}],"collection":[{"href":"https:\/\/www.avenuedesigncanada.com\/fr\/wp-json\/wp\/v2\/product"}],"about":[{"href":"https:\/\/www.avenuedesigncanada.com\/fr\/wp-json\/wp\/v2\/types\/product"}],"wp:featuredmedia":[{"embeddable":true,"href":"https:\/\/www.avenuedesigncanada.com\/fr\/wp-json\/wp\/v2\/media\/399479"}],"wp:attachment":[{"href":"https:\/\/www.avenuedesigncanada.com\/fr\/wp-json\/wp\/v2\/media?parent=407204"}],"wp:term":[{"taxonomy":"product_brand","embeddable":true,"href":"https:\/\/www.avenuedesigncanada.com\/fr\/wp-json\/wp\/v2\/product_brand?post=407204"},{"taxonomy":"product_cat","embeddable":true,"href":"https:\/\/www.avenuedesigncanada.com\/fr\/wp-json\/wp\/v2\/product_cat?post=407204"},{"taxonomy":"product_tag","embeddable":true,"href":"https:\/\/www.avenuedesigncanada.com\/fr\/wp-json\/wp\/v2\/product_tag?post=407204"}],"curies":[{"name":"wp","href":"https:\/\/api.w.org\/{rel}","templated":true}]}}