{"id":407205,"date":"2026-01-08T09:24:38","date_gmt":"2026-01-08T14:24:38","guid":{"rendered":"https:\/\/www.avenuedesigncanada.com\/product\/table-a-cafe-arlo\/"},"modified":"2026-03-20T13:12:39","modified_gmt":"2026-03-20T17:12:39","slug":"table-a-cafe-arlo","status":"publish","type":"product","link":"https:\/\/www.avenuedesigncanada.com\/fr\/product\/table-a-cafe-arlo\/","title":{"rendered":"Pouf Arlo"},"content":{"rendered":"<p><em>La table \u00e0 cocktail Arlo pr\u00e9sente les caract\u00e9ristiques suivantes :<\/em><\/p>\n<p>Rembourrage en mousse et en fibres pour le confort<br \/>\nPatins en plastique pour la protection du sol<br \/>\nRev\u00eatement en simili-cuir avec un caract\u00e8re naturel semblable \u00e0 celui du cuir<\/p>\n<p>Le faux cuir pr\u00e9sente des variations de couleur, des marques, des plis, des rainures et de l\u00e9g\u00e8res \u00e9raflures. Ces caract\u00e9ristiques sont intentionnelles et rendent chaque pi\u00e8ce unique.<\/p>\n<p>Vous avez des questions sur ce produit ? Nos concepteurs sont l\u00e0 pour vous aider. Appelez-nous au (514) 340-9351<\/p>\n","protected":false},"excerpt":{"rendered":"<p>Des contours nets et un rev\u00eatement en similicuir lisse conf\u00e8rent un air sophistiqu\u00e9 \u00e0 l&rsquo;ottoman Arlo. Son design multifonctionnel, caract\u00e9ris\u00e9 par sa forme arrondie, offre des possibilit\u00e9s infinies.<\/p>\n","protected":false},"featured_media":399487,"template":"","meta":{"_kad_blocks_custom_css":"","_kad_blocks_head_custom_js":"","_kad_blocks_body_custom_js":"","_kad_blocks_footer_custom_js":"","_kad_post_transparent":"default","_kad_post_title":"","_kad_post_layout":"default","_kad_post_sidebar_id":"","_kad_post_content_style":"default","_kad_post_vertical_padding":"default","_kad_post_feature":"","_kad_post_feature_position":"","_kad_post_header":false,"_kad_post_footer":false,"_kad_post_classname":""},"product_brand":[],"product_cat":[1325],"product_tag":[1824],"class_list":{"0":"post-407205","1":"product","2":"type-product","3":"status-publish","4":"has-post-thumbnail","6":"product_cat-poufs","7":"product_tag-sol-fr","9":"first","10":"instock","11":"taxable","12":"shipping-taxable","13":"product-type-simple","14":"entry","15":"content-bg","16":"loop-entry"},"taxonomy_info":{"product_cat":[{"value":1325,"label":"Ottomans"}],"product_tag":[{"value":1824,"label":"SOL"}]},"featured_image_src_large":["https:\/\/www.avenuedesigncanada.com\/wp-content\/uploads\/2026\/01\/Arlo-Main-1-1024x1024.jpg",1024,1024,true],"author_info":[],"comment_info":"","_links":{"self":[{"href":"https:\/\/www.avenuedesigncanada.com\/fr\/wp-json\/wp\/v2\/product\/407205","targetHints":{"allow":["GET"]}}],"collection":[{"href":"https:\/\/www.avenuedesigncanada.com\/fr\/wp-json\/wp\/v2\/product"}],"about":[{"href":"https:\/\/www.avenuedesigncanada.com\/fr\/wp-json\/wp\/v2\/types\/product"}],"wp:featuredmedia":[{"embeddable":true,"href":"https:\/\/www.avenuedesigncanada.com\/fr\/wp-json\/wp\/v2\/media\/399487"}],"wp:attachment":[{"href":"https:\/\/www.avenuedesigncanada.com\/fr\/wp-json\/wp\/v2\/media?parent=407205"}],"wp:term":[{"taxonomy":"product_brand","embeddable":true,"href":"https:\/\/www.avenuedesigncanada.com\/fr\/wp-json\/wp\/v2\/product_brand?post=407205"},{"taxonomy":"product_cat","embeddable":true,"href":"https:\/\/www.avenuedesigncanada.com\/fr\/wp-json\/wp\/v2\/product_cat?post=407205"},{"taxonomy":"product_tag","embeddable":true,"href":"https:\/\/www.avenuedesigncanada.com\/fr\/wp-json\/wp\/v2\/product_tag?post=407205"}],"curies":[{"name":"wp","href":"https:\/\/api.w.org\/{rel}","templated":true}]}}