{"id":407206,"date":"2026-01-08T09:25:21","date_gmt":"2026-01-08T14:25:21","guid":{"rendered":"https:\/\/www.avenuedesigncanada.com\/product\/table-a-cocktail-bernaby\/"},"modified":"2026-02-16T14:11:06","modified_gmt":"2026-02-16T19:11:06","slug":"table-a-cocktail-bernaby","status":"publish","type":"product","link":"https:\/\/www.avenuedesigncanada.com\/fr\/product\/table-a-cocktail-bernaby\/","title":{"rendered":"Table \u00e0 cocktail Bernaby"},"content":{"rendered":"<p><em>La table \u00e0 cocktail Bernaby pr\u00e9sente les caract\u00e9ristiques suivantes :<\/em><\/p>\n<p>Plateau rond en m\u00e9tal avec finition laiton antique peinte \u00e0 la main<br \/>\nBase noire pour le contraste et la stabilit\u00e9<br \/>\nConvient aux environnements lounge r\u00e9sidentiels et commerciaux<\/p>\n<p>Fabriqu\u00e9 \u00e0 la main en Inde par des artisans locaux qualifi\u00e9s. Les variations naturelles du mat\u00e9riau, telles que les fissures, les marques et les diff\u00e9rences de couleur, sont inh\u00e9rentes et contribuent \u00e0 la beaut\u00e9 unique de chaque pi\u00e8ce. Une table d&rsquo;appoint coordonn\u00e9e est \u00e9galement disponible.  <\/p>\n<p>Vous avez des questions sur ce produit ? Nos concepteurs sont l\u00e0 pour vous aider. Appelez-nous au (514) 340-9351  <\/p>\n","protected":false},"excerpt":{"rendered":"<p>Cette \u00e9tonnante table basse ronde fabriqu\u00e9e en Inde d\u00e9gage une \u00e9l\u00e9gance contemporaine. Elle se compose d&rsquo;un plateau en m\u00e9tal avec une finition en laiton antique peinte \u00e0 la main, soutenu par une base noire. Convient aux environnements r\u00e9sidentiels et commerciaux, ainsi qu&rsquo;aux salons. Une table d&rsquo;appoint coordonn\u00e9e est \u00e9galement disponible. Fabriqu\u00e9 en Inde. Gr\u00e2ce \u00e0 un savoir-faire raffin\u00e9, ce design a \u00e9t\u00e9 donn\u00e9 vie par des artisans locaux qualifi\u00e9s. Par nature, ces mat\u00e9riaux pr\u00e9sentent des imperfections uniques telles que des fissures, des marques et des variations de couleur, ce qui en fait des pi\u00e8ces uniques.      <\/p>\n","protected":false},"featured_media":399500,"template":"","meta":{"_kad_blocks_custom_css":"","_kad_blocks_head_custom_js":"","_kad_blocks_body_custom_js":"","_kad_blocks_footer_custom_js":"","_kad_post_transparent":"","_kad_post_title":"","_kad_post_layout":"","_kad_post_sidebar_id":"","_kad_post_content_style":"","_kad_post_vertical_padding":"","_kad_post_feature":"","_kad_post_feature_position":"","_kad_post_header":false,"_kad_post_footer":false,"_kad_post_classname":""},"product_brand":[],"product_cat":[1327],"product_tag":[1824],"class_list":{"0":"post-407206","1":"product","2":"type-product","3":"status-publish","4":"has-post-thumbnail","6":"product_cat-salon-tables-a-cafe","7":"product_tag-sol-fr","9":"first","10":"instock","11":"taxable","12":"shipping-taxable","13":"product-type-simple","14":"entry","15":"content-bg","16":"loop-entry"},"taxonomy_info":{"product_cat":[{"value":1327,"label":"Tables \u00e0 caf\u00e9"}],"product_tag":[{"value":1824,"label":"SOL"}]},"featured_image_src_large":["https:\/\/www.avenuedesigncanada.com\/wp-content\/uploads\/2026\/01\/Bernaby-main-1-1024x1024.jpg",1024,1024,true],"author_info":[],"comment_info":"","_links":{"self":[{"href":"https:\/\/www.avenuedesigncanada.com\/fr\/wp-json\/wp\/v2\/product\/407206","targetHints":{"allow":["GET"]}}],"collection":[{"href":"https:\/\/www.avenuedesigncanada.com\/fr\/wp-json\/wp\/v2\/product"}],"about":[{"href":"https:\/\/www.avenuedesigncanada.com\/fr\/wp-json\/wp\/v2\/types\/product"}],"wp:featuredmedia":[{"embeddable":true,"href":"https:\/\/www.avenuedesigncanada.com\/fr\/wp-json\/wp\/v2\/media\/399500"}],"wp:attachment":[{"href":"https:\/\/www.avenuedesigncanada.com\/fr\/wp-json\/wp\/v2\/media?parent=407206"}],"wp:term":[{"taxonomy":"product_brand","embeddable":true,"href":"https:\/\/www.avenuedesigncanada.com\/fr\/wp-json\/wp\/v2\/product_brand?post=407206"},{"taxonomy":"product_cat","embeddable":true,"href":"https:\/\/www.avenuedesigncanada.com\/fr\/wp-json\/wp\/v2\/product_cat?post=407206"},{"taxonomy":"product_tag","embeddable":true,"href":"https:\/\/www.avenuedesigncanada.com\/fr\/wp-json\/wp\/v2\/product_tag?post=407206"}],"curies":[{"name":"wp","href":"https:\/\/api.w.org\/{rel}","templated":true}]}}