{"id":407208,"date":"2026-01-08T09:25:21","date_gmt":"2026-01-08T14:25:21","guid":{"rendered":"https:\/\/www.avenuedesigncanada.com\/product\/table-a-cocktail-arya\/"},"modified":"2026-02-16T14:11:07","modified_gmt":"2026-02-16T19:11:07","slug":"table-a-cocktail-arya","status":"publish","type":"product","link":"https:\/\/www.avenuedesigncanada.com\/fr\/product\/table-a-cocktail-arya\/","title":{"rendered":"Table \u00e0 cocktail Arya"},"content":{"rendered":"<p><em>La table \u00e0 cocktail Arya pr\u00e9sente les caract\u00e9ristiques suivantes :<\/em><\/p>\n<p>Design ovale<br \/>\nCadre en fer laiton antique<br \/>\nTablette sup\u00e9rieure et inf\u00e9rieure en b\u00e9ton<\/p>\n<p>Fabriqu\u00e9 \u00e0 partir d&rsquo;un m\u00e9lange de b\u00e9ton naturel. Les variations de couleur, de texture, les imperfections de surface, les rayures et les fissures capillaires non structurelles sont des qualit\u00e9s inh\u00e9rentes qui renforcent le caract\u00e8re et l&rsquo;unicit\u00e9 de chaque pi\u00e8ce. <\/p>\n<p>Vous avez des questions sur ce produit ? Nos concepteurs sont l\u00e0 pour vous aider. Appelez-nous au (514) 340-9351  <\/p>\n","protected":false},"excerpt":{"rendered":"<p>Cette table basse de forme ovale est dot\u00e9e d&rsquo;un cadre en fer en laiton antique magnifiquement structur\u00e9, d&rsquo;un plateau en b\u00e9ton et d&rsquo;une \u00e9tag\u00e8re. Une pi\u00e8ce contemporaine \u00e0 la fois spectaculaire et raffin\u00e9e.  Fabriqu\u00e9e \u00e0 partir d&rsquo;un m\u00e9lange de b\u00e9ton naturel, chaque pi\u00e8ce aura un aspect diff\u00e9rent. Les variations de couleur, de texture, les imperfections, les rayures de surface et les fissures capillaires non structurelles sont consid\u00e9r\u00e9es comme des qualit\u00e9s inh\u00e9rentes et pr\u00e9cieuses du mat\u00e9riau.<\/p>\n","protected":false},"featured_media":399494,"template":"","meta":{"_kad_blocks_custom_css":"","_kad_blocks_head_custom_js":"","_kad_blocks_body_custom_js":"","_kad_blocks_footer_custom_js":"","_kad_post_transparent":"","_kad_post_title":"","_kad_post_layout":"","_kad_post_sidebar_id":"","_kad_post_content_style":"","_kad_post_vertical_padding":"","_kad_post_feature":"","_kad_post_feature_position":"","_kad_post_header":false,"_kad_post_footer":false,"_kad_post_classname":""},"product_brand":[],"product_cat":[1327],"product_tag":[1824],"class_list":{"0":"post-407208","1":"product","2":"type-product","3":"status-publish","4":"has-post-thumbnail","6":"product_cat-salon-tables-a-cafe","7":"product_tag-sol-fr","9":"first","10":"instock","11":"taxable","12":"shipping-taxable","13":"product-type-simple","14":"entry","15":"content-bg","16":"loop-entry"},"taxonomy_info":{"product_cat":[{"value":1327,"label":"Tables \u00e0 caf\u00e9"}],"product_tag":[{"value":1824,"label":"SOL"}]},"featured_image_src_large":["https:\/\/www.avenuedesigncanada.com\/wp-content\/uploads\/2026\/01\/Arya-main-1-1024x1024.jpg",1024,1024,true],"author_info":[],"comment_info":"","_links":{"self":[{"href":"https:\/\/www.avenuedesigncanada.com\/fr\/wp-json\/wp\/v2\/product\/407208","targetHints":{"allow":["GET"]}}],"collection":[{"href":"https:\/\/www.avenuedesigncanada.com\/fr\/wp-json\/wp\/v2\/product"}],"about":[{"href":"https:\/\/www.avenuedesigncanada.com\/fr\/wp-json\/wp\/v2\/types\/product"}],"wp:featuredmedia":[{"embeddable":true,"href":"https:\/\/www.avenuedesigncanada.com\/fr\/wp-json\/wp\/v2\/media\/399494"}],"wp:attachment":[{"href":"https:\/\/www.avenuedesigncanada.com\/fr\/wp-json\/wp\/v2\/media?parent=407208"}],"wp:term":[{"taxonomy":"product_brand","embeddable":true,"href":"https:\/\/www.avenuedesigncanada.com\/fr\/wp-json\/wp\/v2\/product_brand?post=407208"},{"taxonomy":"product_cat","embeddable":true,"href":"https:\/\/www.avenuedesigncanada.com\/fr\/wp-json\/wp\/v2\/product_cat?post=407208"},{"taxonomy":"product_tag","embeddable":true,"href":"https:\/\/www.avenuedesigncanada.com\/fr\/wp-json\/wp\/v2\/product_tag?post=407208"}],"curies":[{"name":"wp","href":"https:\/\/api.w.org\/{rel}","templated":true}]}}