{"id":407209,"date":"2026-01-08T09:23:17","date_gmt":"2026-01-08T14:23:17","guid":{"rendered":"https:\/\/www.avenuedesigncanada.com\/product\/table-a-cocktail-amarula\/"},"modified":"2026-02-16T14:11:07","modified_gmt":"2026-02-16T19:11:07","slug":"table-a-cocktail-amarula","status":"publish","type":"product","link":"https:\/\/www.avenuedesigncanada.com\/fr\/product\/table-a-cocktail-amarula\/","title":{"rendered":"Table \u00e0 cocktail Amarula"},"content":{"rendered":"<p><em>La table \u00e0 cocktail Amarula pr\u00e9sente les caract\u00e9ristiques suivantes :<\/em><\/p>\n<p>Construction en b\u00e9ton renforc\u00e9 de fibres de verre<br \/>\nCouche de finition scell\u00e9e pour une protection contre l&rsquo;humidit\u00e9 et les taches<br \/>\nFinition effet bois imitant les veines du bois naturel<br \/>\nPieds en laiton rev\u00eatus de poudre pour une r\u00e9sistance \u00e0 la corrosion et aux intemp\u00e9ries<\/p>\n<p>Fabriqu\u00e9 \u00e0 partir d&rsquo;un m\u00e9lange de b\u00e9ton naturel. Les variations de couleur, de texture, les marques de surface et les fissures sont naturelles et renforcent le caract\u00e8re de chaque pi\u00e8ce. Il est recommand\u00e9 d&rsquo;utiliser des housses de protection ou d&rsquo;entreposer les pi\u00e8ces \u00e0 l&rsquo;int\u00e9rieur en cas de conditions m\u00e9t\u00e9orologiques extr\u00eames.  <\/p>\n<p>Vous avez des questions sur ce produit ? Nos concepteurs sont l\u00e0 pour vous aider. Appelez-nous au (514) 340-9351  <\/p>\n","protected":false},"excerpt":{"rendered":"<p>Chef-d&rsquo;\u0153uvre angulaire, la table basse Amarula est une construction \u00e0 couper le souffle, pleine de courbes et de fluidit\u00e9. Fabriqu\u00e9e avec un effet bois sur un plateau en b\u00e9ton et drap\u00e9e de pieds en laiton bross\u00e9 rev\u00eatu de poudre, cette table basse est une interpr\u00e9tation moderne d&rsquo;un m\u00e9lange audacieux de mat\u00e9riaux. <\/p>\n","protected":false},"featured_media":399465,"template":"","meta":{"_kad_blocks_custom_css":"","_kad_blocks_head_custom_js":"","_kad_blocks_body_custom_js":"","_kad_blocks_footer_custom_js":"","_kad_post_transparent":"","_kad_post_title":"","_kad_post_layout":"","_kad_post_sidebar_id":"","_kad_post_content_style":"","_kad_post_vertical_padding":"","_kad_post_feature":"","_kad_post_feature_position":"","_kad_post_header":false,"_kad_post_footer":false,"_kad_post_classname":""},"product_brand":[],"product_cat":[1327],"product_tag":[1824],"class_list":{"0":"post-407209","1":"product","2":"type-product","3":"status-publish","4":"has-post-thumbnail","6":"product_cat-salon-tables-a-cafe","7":"product_tag-sol-fr","9":"first","10":"instock","11":"taxable","12":"shipping-taxable","13":"product-type-simple","14":"entry","15":"content-bg","16":"loop-entry"},"taxonomy_info":{"product_cat":[{"value":1327,"label":"Tables \u00e0 caf\u00e9"}],"product_tag":[{"value":1824,"label":"SOL"}]},"featured_image_src_large":["https:\/\/www.avenuedesigncanada.com\/wp-content\/uploads\/2026\/01\/Amarula-main-2-1024x1024.jpg",1024,1024,true],"author_info":[],"comment_info":"","_links":{"self":[{"href":"https:\/\/www.avenuedesigncanada.com\/fr\/wp-json\/wp\/v2\/product\/407209","targetHints":{"allow":["GET"]}}],"collection":[{"href":"https:\/\/www.avenuedesigncanada.com\/fr\/wp-json\/wp\/v2\/product"}],"about":[{"href":"https:\/\/www.avenuedesigncanada.com\/fr\/wp-json\/wp\/v2\/types\/product"}],"wp:featuredmedia":[{"embeddable":true,"href":"https:\/\/www.avenuedesigncanada.com\/fr\/wp-json\/wp\/v2\/media\/399465"}],"wp:attachment":[{"href":"https:\/\/www.avenuedesigncanada.com\/fr\/wp-json\/wp\/v2\/media?parent=407209"}],"wp:term":[{"taxonomy":"product_brand","embeddable":true,"href":"https:\/\/www.avenuedesigncanada.com\/fr\/wp-json\/wp\/v2\/product_brand?post=407209"},{"taxonomy":"product_cat","embeddable":true,"href":"https:\/\/www.avenuedesigncanada.com\/fr\/wp-json\/wp\/v2\/product_cat?post=407209"},{"taxonomy":"product_tag","embeddable":true,"href":"https:\/\/www.avenuedesigncanada.com\/fr\/wp-json\/wp\/v2\/product_tag?post=407209"}],"curies":[{"name":"wp","href":"https:\/\/api.w.org\/{rel}","templated":true}]}}