{"id":407211,"date":"2026-01-08T09:23:47","date_gmt":"2026-01-08T14:23:47","guid":{"rendered":"https:\/\/www.avenuedesigncanada.com\/product\/table-a-cocktail-ardi\/"},"modified":"2026-02-16T14:11:09","modified_gmt":"2026-02-16T19:11:09","slug":"table-a-cocktail-ardi","status":"publish","type":"product","link":"https:\/\/www.avenuedesigncanada.com\/fr\/product\/table-a-cocktail-ardi\/","title":{"rendered":"Table \u00e0 cocktail Ardi"},"content":{"rendered":"<p><em>La table \u00e0 cocktail Ardi pr\u00e9sente les caract\u00e9ristiques suivantes :<\/em><\/p>\n<p>Marbre crema breccia massif provenant d&rsquo;Italie<br \/>\nFabriqu\u00e9 \u00e0 la main par des artisans qualifi\u00e9s en Inde<br \/>\nConstruction en bois naturel avec texture et grain organiques<\/p>\n<p>Le marbre et le bois sont des mat\u00e9riaux naturels. Les variations dans les veines, la couleur, le grain, les marques, les fissures et la texture de la surface sont inh\u00e9rentes et contribuent au caract\u00e8re unique de chaque pi\u00e8ce. <\/p>\n<p>Vous avez des questions sur ce produit ? Nos concepteurs sont l\u00e0 pour vous aider. Appelez-nous au (514) 340-9351  <\/p>\n","protected":false},"excerpt":{"rendered":"<p>La table basse Ardi \u00e9l\u00e8ve le luxe \u00e0 un niveau sup\u00e9rieur avec son superbe plateau en marbre italien crema breccia et ses pieds en bois de manguier massif. D&rsquo;une \u00e9l\u00e9gance unique et d&rsquo;un attrait visuel infini, c&rsquo;est une pi\u00e8ce magnifique qui peut se suffire \u00e0 elle-m\u00eame ou compl\u00e9ter une vari\u00e9t\u00e9 d&rsquo;esth\u00e9tiques. <\/p>\n","protected":false},"featured_media":399473,"template":"","meta":{"_kad_blocks_custom_css":"","_kad_blocks_head_custom_js":"","_kad_blocks_body_custom_js":"","_kad_blocks_footer_custom_js":"","_kad_post_transparent":"","_kad_post_title":"","_kad_post_layout":"","_kad_post_sidebar_id":"","_kad_post_content_style":"","_kad_post_vertical_padding":"","_kad_post_feature":"","_kad_post_feature_position":"","_kad_post_header":false,"_kad_post_footer":false,"_kad_post_classname":""},"product_brand":[],"product_cat":[1327],"product_tag":[1824],"class_list":{"0":"post-407211","1":"product","2":"type-product","3":"status-publish","4":"has-post-thumbnail","6":"product_cat-salon-tables-a-cafe","7":"product_tag-sol-fr","9":"first","10":"instock","11":"taxable","12":"shipping-taxable","13":"product-type-simple","14":"entry","15":"content-bg","16":"loop-entry"},"taxonomy_info":{"product_cat":[{"value":1327,"label":"Tables \u00e0 caf\u00e9"}],"product_tag":[{"value":1824,"label":"SOL"}]},"featured_image_src_large":["https:\/\/www.avenuedesigncanada.com\/wp-content\/uploads\/2026\/01\/Ardi-Main-1024x1024.jpg",1024,1024,true],"author_info":[],"comment_info":"","_links":{"self":[{"href":"https:\/\/www.avenuedesigncanada.com\/fr\/wp-json\/wp\/v2\/product\/407211","targetHints":{"allow":["GET"]}}],"collection":[{"href":"https:\/\/www.avenuedesigncanada.com\/fr\/wp-json\/wp\/v2\/product"}],"about":[{"href":"https:\/\/www.avenuedesigncanada.com\/fr\/wp-json\/wp\/v2\/types\/product"}],"wp:featuredmedia":[{"embeddable":true,"href":"https:\/\/www.avenuedesigncanada.com\/fr\/wp-json\/wp\/v2\/media\/399473"}],"wp:attachment":[{"href":"https:\/\/www.avenuedesigncanada.com\/fr\/wp-json\/wp\/v2\/media?parent=407211"}],"wp:term":[{"taxonomy":"product_brand","embeddable":true,"href":"https:\/\/www.avenuedesigncanada.com\/fr\/wp-json\/wp\/v2\/product_brand?post=407211"},{"taxonomy":"product_cat","embeddable":true,"href":"https:\/\/www.avenuedesigncanada.com\/fr\/wp-json\/wp\/v2\/product_cat?post=407211"},{"taxonomy":"product_tag","embeddable":true,"href":"https:\/\/www.avenuedesigncanada.com\/fr\/wp-json\/wp\/v2\/product_tag?post=407211"}],"curies":[{"name":"wp","href":"https:\/\/api.w.org\/{rel}","templated":true}]}}