{"id":407213,"date":"2026-01-08T09:49:18","date_gmt":"2026-01-08T14:49:18","guid":{"rendered":"https:\/\/www.avenuedesigncanada.com\/product\/table-a-cocktail-bonita\/"},"modified":"2026-02-16T14:11:12","modified_gmt":"2026-02-16T19:11:12","slug":"table-a-cocktail-bonita","status":"publish","type":"product","link":"https:\/\/www.avenuedesigncanada.com\/fr\/product\/table-a-cocktail-bonita\/","title":{"rendered":"Table \u00e0 cocktail Bonita"},"content":{"rendered":"<p><em>La table \u00e0 cocktail Bonita pr\u00e9sente les caract\u00e9ristiques suivantes :<\/em><\/p>\n<p>Fabriqu\u00e9 \u00e0 la main par des artisans indon\u00e9siens<br \/>\nMarbre cr\u00e8me provenant de carri\u00e8res locales<br \/>\nCadre renforc\u00e9 avec menuiserie \u00e0 tenons et mortaises<br \/>\nMarbre poli mettant en valeur les caract\u00e9ristiques naturelles<\/p>\n<p>Le marbre est un mat\u00e9riau naturel. Chaque pi\u00e8ce pr\u00e9sente des veines, des piq\u00fbres, des fissures, des microfissures et des variations de couleur uniques. <\/p>\n<p>Vous avez des questions sur ce produit ? Nos concepteurs sont l\u00e0 pour vous aider. Appelez-nous au (514) 340-9351  <\/p>\n","protected":false},"excerpt":{"rendered":"<p>La table basse Bonita est synonyme d&rsquo;\u00e9l\u00e9gance sobre et de sensibilit\u00e9 minimaliste. Fabriqu\u00e9e \u00e0 la main \u00e0 partir d&rsquo;un \u00e9l\u00e9gant marbre cr\u00e8me, sa silhouette s\u00e9duisante est le compl\u00e9ment parfait de n&rsquo;importe quelle pi\u00e8ce. <\/p>\n","protected":false},"featured_media":399634,"template":"","meta":{"_kad_blocks_custom_css":"","_kad_blocks_head_custom_js":"","_kad_blocks_body_custom_js":"","_kad_blocks_footer_custom_js":"","_kad_post_transparent":"","_kad_post_title":"","_kad_post_layout":"","_kad_post_sidebar_id":"","_kad_post_content_style":"","_kad_post_vertical_padding":"","_kad_post_feature":"","_kad_post_feature_position":"","_kad_post_header":false,"_kad_post_footer":false,"_kad_post_classname":""},"product_brand":[],"product_cat":[1327],"product_tag":[1824],"class_list":{"0":"post-407213","1":"product","2":"type-product","3":"status-publish","4":"has-post-thumbnail","6":"product_cat-salon-tables-a-cafe","7":"product_tag-sol-fr","9":"first","10":"instock","11":"taxable","12":"shipping-taxable","13":"product-type-simple","14":"entry","15":"content-bg","16":"loop-entry"},"taxonomy_info":{"product_cat":[{"value":1327,"label":"Tables \u00e0 caf\u00e9"}],"product_tag":[{"value":1824,"label":"SOL"}]},"featured_image_src_large":["https:\/\/www.avenuedesigncanada.com\/wp-content\/uploads\/2026\/01\/Bonita-Main-2-1024x1024.jpg",1024,1024,true],"author_info":[],"comment_info":"","_links":{"self":[{"href":"https:\/\/www.avenuedesigncanada.com\/fr\/wp-json\/wp\/v2\/product\/407213","targetHints":{"allow":["GET"]}}],"collection":[{"href":"https:\/\/www.avenuedesigncanada.com\/fr\/wp-json\/wp\/v2\/product"}],"about":[{"href":"https:\/\/www.avenuedesigncanada.com\/fr\/wp-json\/wp\/v2\/types\/product"}],"wp:featuredmedia":[{"embeddable":true,"href":"https:\/\/www.avenuedesigncanada.com\/fr\/wp-json\/wp\/v2\/media\/399634"}],"wp:attachment":[{"href":"https:\/\/www.avenuedesigncanada.com\/fr\/wp-json\/wp\/v2\/media?parent=407213"}],"wp:term":[{"taxonomy":"product_brand","embeddable":true,"href":"https:\/\/www.avenuedesigncanada.com\/fr\/wp-json\/wp\/v2\/product_brand?post=407213"},{"taxonomy":"product_cat","embeddable":true,"href":"https:\/\/www.avenuedesigncanada.com\/fr\/wp-json\/wp\/v2\/product_cat?post=407213"},{"taxonomy":"product_tag","embeddable":true,"href":"https:\/\/www.avenuedesigncanada.com\/fr\/wp-json\/wp\/v2\/product_tag?post=407213"}],"curies":[{"name":"wp","href":"https:\/\/api.w.org\/{rel}","templated":true}]}}