{"id":407223,"date":"2026-01-08T09:56:34","date_gmt":"2026-01-08T14:56:34","guid":{"rendered":"https:\/\/www.avenuedesigncanada.com\/product\/table-a-cocktail-cowell\/"},"modified":"2026-02-16T14:24:32","modified_gmt":"2026-02-16T19:24:32","slug":"table-a-cocktail-cowell","status":"publish","type":"product","link":"https:\/\/www.avenuedesigncanada.com\/fr\/product\/table-a-cocktail-cowell\/","title":{"rendered":"Table \u00e0 cocktail Cowell"},"content":{"rendered":"<p><em>La table \u00e0 cocktail Cowell pr\u00e9sente les caract\u00e9ristiques suivantes :<\/em><\/p>\n<p>Design inspir\u00e9 du milieu du si\u00e8cle<br \/>\nPieds en laiton antique rev\u00eatus de poudre<br \/>\nPlateau en marbre blanc<br \/>\nVeines, piq\u00fbres, fissures, microfissures et variations de couleur uniques du marbre naturel<br \/>\nFabriqu\u00e9 \u00e0 la main par des artisans qualifi\u00e9s en Inde<br \/>\nLes imperfections uniques ajoutent du caract\u00e8re et de la beaut\u00e9.<\/p>\n<p>Vous avez des questions sur ce produit ? Nos concepteurs sont l\u00e0 pour vous aider. Appelez-nous au (514) 340-9351  <\/p>\n","protected":false},"excerpt":{"rendered":"<p>Inspir\u00e9e par le design du milieu du si\u00e8cle, la table \u00e0 cocktail Cowell pr\u00e9sente une esth\u00e9tique chic et minimale qui rehaussera n&rsquo;importe quelle pi\u00e8ce. Les pieds en laiton antique recouvert de poudre donnent une sensibilit\u00e9 rustique qui contraste avec le plateau en marbre blanc.  Le marbre \u00e9tant un mat\u00e9riau naturel, les veines, les piq\u00fbres, les fissures, les microfissures et les variations de couleur sont autant de caract\u00e9ristiques qui ajoutent au caract\u00e8re unique et \u00e0 la beaut\u00e9 de chaque pi\u00e8ce. Fabriqu\u00e9 en Inde. Ce mod\u00e8le a \u00e9t\u00e9 cr\u00e9\u00e9 par des artisans locaux qualifi\u00e9s, dans le cadre d&rsquo;un travail artisanal raffin\u00e9. En raison de la nature de l&rsquo;artisanat, les imperfections uniques telles que les fissures, les marques et les variations de couleur et de forme sont des caract\u00e9ristiques bienvenues et appr\u00e9ci\u00e9es pour une pi\u00e8ce vraiment unique.  <\/p>\n","protected":false},"featured_media":399744,"template":"","meta":{"_kad_blocks_custom_css":"","_kad_blocks_head_custom_js":"","_kad_blocks_body_custom_js":"","_kad_blocks_footer_custom_js":"","_kad_post_transparent":"","_kad_post_title":"","_kad_post_layout":"","_kad_post_sidebar_id":"","_kad_post_content_style":"","_kad_post_vertical_padding":"","_kad_post_feature":"","_kad_post_feature_position":"","_kad_post_header":false,"_kad_post_footer":false,"_kad_post_classname":""},"product_brand":[],"product_cat":[1327],"product_tag":[1824],"class_list":{"0":"post-407223","1":"product","2":"type-product","3":"status-publish","4":"has-post-thumbnail","6":"product_cat-salon-tables-a-cafe","7":"product_tag-sol-fr","9":"first","10":"instock","11":"taxable","12":"shipping-taxable","13":"product-type-simple","14":"entry","15":"content-bg","16":"loop-entry"},"taxonomy_info":{"product_cat":[{"value":1327,"label":"Tables \u00e0 caf\u00e9"}],"product_tag":[{"value":1824,"label":"SOL"}]},"featured_image_src_large":["https:\/\/www.avenuedesigncanada.com\/wp-content\/uploads\/2026\/01\/Cowell-main-1024x1024.jpg",1024,1024,true],"author_info":[],"comment_info":"","_links":{"self":[{"href":"https:\/\/www.avenuedesigncanada.com\/fr\/wp-json\/wp\/v2\/product\/407223","targetHints":{"allow":["GET"]}}],"collection":[{"href":"https:\/\/www.avenuedesigncanada.com\/fr\/wp-json\/wp\/v2\/product"}],"about":[{"href":"https:\/\/www.avenuedesigncanada.com\/fr\/wp-json\/wp\/v2\/types\/product"}],"wp:featuredmedia":[{"embeddable":true,"href":"https:\/\/www.avenuedesigncanada.com\/fr\/wp-json\/wp\/v2\/media\/399744"}],"wp:attachment":[{"href":"https:\/\/www.avenuedesigncanada.com\/fr\/wp-json\/wp\/v2\/media?parent=407223"}],"wp:term":[{"taxonomy":"product_brand","embeddable":true,"href":"https:\/\/www.avenuedesigncanada.com\/fr\/wp-json\/wp\/v2\/product_brand?post=407223"},{"taxonomy":"product_cat","embeddable":true,"href":"https:\/\/www.avenuedesigncanada.com\/fr\/wp-json\/wp\/v2\/product_cat?post=407223"},{"taxonomy":"product_tag","embeddable":true,"href":"https:\/\/www.avenuedesigncanada.com\/fr\/wp-json\/wp\/v2\/product_tag?post=407223"}],"curies":[{"name":"wp","href":"https:\/\/api.w.org\/{rel}","templated":true}]}}