{"id":407224,"date":"2026-01-08T09:59:45","date_gmt":"2026-01-08T14:59:45","guid":{"rendered":"https:\/\/www.avenuedesigncanada.com\/product\/ottoman-endall\/"},"modified":"2026-02-16T14:24:33","modified_gmt":"2026-02-16T19:24:33","slug":"ottoman-endall","status":"publish","type":"product","link":"https:\/\/www.avenuedesigncanada.com\/fr\/product\/ottoman-endall\/","title":{"rendered":"Ottoman Endall"},"content":{"rendered":"<p><em>Caract\u00e9ristiques du pouf Endall :<\/em><\/p>\n<p>Ce grand ottoman carr\u00e9 d\u00e9gage une impression d&rsquo;\u00e9l\u00e9gance et de transition.<br \/>\nIl est dot\u00e9 d&rsquo;un capitonnage \u00e0 boutons et d&rsquo;une base en X expos\u00e9e.<br \/>\nIl est disponible en cuir vintage noir, camel, vanille et paon avec un cadre en laiton antique.<br \/>\nIl peut \u00eatre utilis\u00e9 comme table basse ou comme si\u00e8ge suppl\u00e9mentaire dans les espaces r\u00e9sidentiels et commerciaux.<br \/>\nManipulez avec pr\u00e9caution : Ce mod\u00e8le a \u00e9t\u00e9 fabriqu\u00e9 avec du cuir de premi\u00e8re qualit\u00e9. Le cuir est un mat\u00e9riau naturel ; les variations de couleur, les marques, les plis, les rainures et les l\u00e9g\u00e8res \u00e9raflures sont des caract\u00e9ristiques acceptables et appr\u00e9ci\u00e9es. Il n&rsquo;y a pas deux pi\u00e8ces identiques  <\/p>\n<p>Vous avez des questions sur ce produit ? Nos concepteurs sont l\u00e0 pour vous aider. Appelez-nous au (514) 340-9351  <\/p>\n","protected":false},"excerpt":{"rendered":"<p>Ce grand ottoman carr\u00e9 d\u00e9gage une impression d&rsquo;\u00e9l\u00e9gance et de transition. Il est dot\u00e9 d&rsquo;un capitonnage \u00e0 boutons et d&rsquo;une base en X expos\u00e9e. Disponible en cuir vintage noir, camel, vanille et paon avec un cadre en laiton antique. Peut \u00eatre utilis\u00e9 comme table basse ou comme si\u00e8ge suppl\u00e9mentaire dans les espaces r\u00e9sidentiels et commerciaux. A manipuler avec pr\u00e9caution : Ce mod\u00e8le a \u00e9t\u00e9 fabriqu\u00e9 avec du cuir de premi\u00e8re qualit\u00e9. Le cuir \u00e9tant un mat\u00e9riau naturel, les variations de couleur, les marques, les plis, les rainures et les l\u00e9g\u00e8res \u00e9raflures sont des caract\u00e9ristiques acceptables et appr\u00e9ci\u00e9es. Il n&rsquo;y a pas deux pi\u00e8ces identiques. Consultez notre page sur l&rsquo;entretien des produits pour plus d&rsquo;informations sur la mani\u00e8re de garantir la beaut\u00e9 durable de cette pi\u00e8ce.       <\/p>\n","protected":false},"featured_media":399804,"template":"","meta":{"_kad_blocks_custom_css":"","_kad_blocks_head_custom_js":"","_kad_blocks_body_custom_js":"","_kad_blocks_footer_custom_js":"","_kad_post_transparent":"","_kad_post_title":"","_kad_post_layout":"","_kad_post_sidebar_id":"","_kad_post_content_style":"","_kad_post_vertical_padding":"","_kad_post_feature":"","_kad_post_feature_position":"","_kad_post_header":false,"_kad_post_footer":false,"_kad_post_classname":""},"product_brand":[],"product_cat":[1327],"product_tag":[1824],"class_list":{"0":"post-407224","1":"product","2":"type-product","3":"status-publish","4":"has-post-thumbnail","6":"product_cat-salon-tables-a-cafe","7":"product_tag-sol-fr","9":"first","10":"instock","11":"taxable","12":"shipping-taxable","13":"product-type-simple","14":"entry","15":"content-bg","16":"loop-entry"},"taxonomy_info":{"product_cat":[{"value":1327,"label":"Tables \u00e0 caf\u00e9"}],"product_tag":[{"value":1824,"label":"SOL"}]},"featured_image_src_large":["https:\/\/www.avenuedesigncanada.com\/wp-content\/uploads\/2026\/01\/Endall-main-1024x1024.jpg",1024,1024,true],"author_info":[],"comment_info":"","_links":{"self":[{"href":"https:\/\/www.avenuedesigncanada.com\/fr\/wp-json\/wp\/v2\/product\/407224","targetHints":{"allow":["GET"]}}],"collection":[{"href":"https:\/\/www.avenuedesigncanada.com\/fr\/wp-json\/wp\/v2\/product"}],"about":[{"href":"https:\/\/www.avenuedesigncanada.com\/fr\/wp-json\/wp\/v2\/types\/product"}],"wp:featuredmedia":[{"embeddable":true,"href":"https:\/\/www.avenuedesigncanada.com\/fr\/wp-json\/wp\/v2\/media\/399804"}],"wp:attachment":[{"href":"https:\/\/www.avenuedesigncanada.com\/fr\/wp-json\/wp\/v2\/media?parent=407224"}],"wp:term":[{"taxonomy":"product_brand","embeddable":true,"href":"https:\/\/www.avenuedesigncanada.com\/fr\/wp-json\/wp\/v2\/product_brand?post=407224"},{"taxonomy":"product_cat","embeddable":true,"href":"https:\/\/www.avenuedesigncanada.com\/fr\/wp-json\/wp\/v2\/product_cat?post=407224"},{"taxonomy":"product_tag","embeddable":true,"href":"https:\/\/www.avenuedesigncanada.com\/fr\/wp-json\/wp\/v2\/product_tag?post=407224"}],"curies":[{"name":"wp","href":"https:\/\/api.w.org\/{rel}","templated":true}]}}