{"id":407227,"date":"2026-01-08T09:57:44","date_gmt":"2026-01-08T14:57:44","guid":{"rendered":"https:\/\/www.avenuedesigncanada.com\/product\/table-a-cocktail-dali\/"},"modified":"2026-02-16T14:24:34","modified_gmt":"2026-02-16T19:24:34","slug":"table-a-cocktail-dali","status":"publish","type":"product","link":"https:\/\/www.avenuedesigncanada.com\/fr\/product\/table-a-cocktail-dali\/","title":{"rendered":"Table \u00e0 cocktail Dali"},"content":{"rendered":"<p><em>La table \u00e0 cocktail Dali pr\u00e9sente les caract\u00e9ristiques suivantes :<\/em><\/p>\n<p>Design incurv\u00e9 distinctif pour un look captivant dans n&rsquo;importe quel espace<br \/>\nFabriqu\u00e9 en b\u00e9ton blanc durable pour un style durable<br \/>\nId\u00e9al pour les environnements r\u00e9sidentiels ou commerciaux<br \/>\nChaque pi\u00e8ce est unique en raison des variations naturelles du b\u00e9ton.<\/p>\n<p>Vous avez des questions sur ce produit ? Nos concepteurs sont l\u00e0 pour vous aider. Appelez-nous au (514) 340-9351  <\/p>\n","protected":false},"excerpt":{"rendered":"<p>Avec son design incurv\u00e9, cette table \u00e0 cocktail apportera de l&rsquo;allure \u00e0 n&rsquo;importe quel espace. Fabriqu\u00e9e en b\u00e9ton blanc, elle offre style et durabilit\u00e9 dans diverses applications. <\/p>\n","protected":false},"featured_media":399755,"template":"","meta":{"_kad_blocks_custom_css":"","_kad_blocks_head_custom_js":"","_kad_blocks_body_custom_js":"","_kad_blocks_footer_custom_js":"","_kad_post_transparent":"","_kad_post_title":"","_kad_post_layout":"","_kad_post_sidebar_id":"","_kad_post_content_style":"","_kad_post_vertical_padding":"","_kad_post_feature":"","_kad_post_feature_position":"","_kad_post_header":false,"_kad_post_footer":false,"_kad_post_classname":""},"product_brand":[],"product_cat":[1327],"product_tag":[1824],"class_list":{"0":"post-407227","1":"product","2":"type-product","3":"status-publish","4":"has-post-thumbnail","6":"product_cat-salon-tables-a-cafe","7":"product_tag-sol-fr","9":"first","10":"instock","11":"taxable","12":"shipping-taxable","13":"product-type-simple","14":"entry","15":"content-bg","16":"loop-entry"},"taxonomy_info":{"product_cat":[{"value":1327,"label":"Tables \u00e0 caf\u00e9"}],"product_tag":[{"value":1824,"label":"SOL"}]},"featured_image_src_large":["https:\/\/www.avenuedesigncanada.com\/wp-content\/uploads\/2026\/01\/Dali-Main-1-1024x1024.jpg",1024,1024,true],"author_info":[],"comment_info":"","_links":{"self":[{"href":"https:\/\/www.avenuedesigncanada.com\/fr\/wp-json\/wp\/v2\/product\/407227","targetHints":{"allow":["GET"]}}],"collection":[{"href":"https:\/\/www.avenuedesigncanada.com\/fr\/wp-json\/wp\/v2\/product"}],"about":[{"href":"https:\/\/www.avenuedesigncanada.com\/fr\/wp-json\/wp\/v2\/types\/product"}],"wp:featuredmedia":[{"embeddable":true,"href":"https:\/\/www.avenuedesigncanada.com\/fr\/wp-json\/wp\/v2\/media\/399755"}],"wp:attachment":[{"href":"https:\/\/www.avenuedesigncanada.com\/fr\/wp-json\/wp\/v2\/media?parent=407227"}],"wp:term":[{"taxonomy":"product_brand","embeddable":true,"href":"https:\/\/www.avenuedesigncanada.com\/fr\/wp-json\/wp\/v2\/product_brand?post=407227"},{"taxonomy":"product_cat","embeddable":true,"href":"https:\/\/www.avenuedesigncanada.com\/fr\/wp-json\/wp\/v2\/product_cat?post=407227"},{"taxonomy":"product_tag","embeddable":true,"href":"https:\/\/www.avenuedesigncanada.com\/fr\/wp-json\/wp\/v2\/product_tag?post=407227"}],"curies":[{"name":"wp","href":"https:\/\/api.w.org\/{rel}","templated":true}]}}