{"id":407228,"date":"2026-01-08T10:03:02","date_gmt":"2026-01-08T15:03:02","guid":{"rendered":"https:\/\/www.avenuedesigncanada.com\/product\/ethel-ottoman\/"},"modified":"2026-02-16T14:24:38","modified_gmt":"2026-02-16T19:24:38","slug":"ethel-ottoman","status":"publish","type":"product","link":"https:\/\/www.avenuedesigncanada.com\/fr\/product\/ethel-ottoman\/","title":{"rendered":"Ethel Ottoman"},"content":{"rendered":"<p><em>Caract\u00e9ristiques du pouf Ethel :<\/em><\/p>\n<p>Ce grand ottoman rond a une allure transitionnelle.<br \/>\nFabriqu\u00e9 dans notre doux tissu piccolo pebble avec un cadre en acier bronze rustique.<br \/>\nPeut \u00eatre utilis\u00e9 comme table basse ou comme si\u00e8ge suppl\u00e9mentaire dans les espaces r\u00e9sidentiels et commerciaux.<br \/>\nLe tissu Performance est r\u00e9sistant \u00e0 l&rsquo;humidit\u00e9, durable et facile \u00e0 nettoyer.<\/p>\n<p>Vous avez des questions sur ce produit ? Nos concepteurs sont l\u00e0 pour vous aider. Appelez-nous au (514) 340-9351  <\/p>\n","protected":false},"excerpt":{"rendered":"<p>Ce grand ottoman rond a un air de transition. Il est disponible dans notre doux tissu piccolo pebble performance avec un cadre en acier bronze rustique. Il peut \u00eatre utilis\u00e9 comme table basse ou comme si\u00e8ge suppl\u00e9mentaire dans les espaces r\u00e9sidentiels et commerciaux. Le tissu Performance est hydrofuge, durable et facile \u00e0 nettoyer.   <\/p>\n","protected":false},"featured_media":399847,"template":"","meta":{"_kad_blocks_custom_css":"","_kad_blocks_head_custom_js":"","_kad_blocks_body_custom_js":"","_kad_blocks_footer_custom_js":"","_kad_post_transparent":"","_kad_post_title":"","_kad_post_layout":"","_kad_post_sidebar_id":"","_kad_post_content_style":"","_kad_post_vertical_padding":"","_kad_post_feature":"","_kad_post_feature_position":"","_kad_post_header":false,"_kad_post_footer":false,"_kad_post_classname":""},"product_brand":[],"product_cat":[1327],"product_tag":[1824],"class_list":{"0":"post-407228","1":"product","2":"type-product","3":"status-publish","4":"has-post-thumbnail","6":"product_cat-salon-tables-a-cafe","7":"product_tag-sol-fr","9":"first","10":"instock","11":"taxable","12":"shipping-taxable","13":"product-type-simple","14":"entry","15":"content-bg","16":"loop-entry"},"taxonomy_info":{"product_cat":[{"value":1327,"label":"Tables \u00e0 caf\u00e9"}],"product_tag":[{"value":1824,"label":"SOL"}]},"featured_image_src_large":["https:\/\/www.avenuedesigncanada.com\/wp-content\/uploads\/2026\/01\/Ethel-main-1024x1024.jpg",1024,1024,true],"author_info":[],"comment_info":"","_links":{"self":[{"href":"https:\/\/www.avenuedesigncanada.com\/fr\/wp-json\/wp\/v2\/product\/407228","targetHints":{"allow":["GET"]}}],"collection":[{"href":"https:\/\/www.avenuedesigncanada.com\/fr\/wp-json\/wp\/v2\/product"}],"about":[{"href":"https:\/\/www.avenuedesigncanada.com\/fr\/wp-json\/wp\/v2\/types\/product"}],"wp:featuredmedia":[{"embeddable":true,"href":"https:\/\/www.avenuedesigncanada.com\/fr\/wp-json\/wp\/v2\/media\/399847"}],"wp:attachment":[{"href":"https:\/\/www.avenuedesigncanada.com\/fr\/wp-json\/wp\/v2\/media?parent=407228"}],"wp:term":[{"taxonomy":"product_brand","embeddable":true,"href":"https:\/\/www.avenuedesigncanada.com\/fr\/wp-json\/wp\/v2\/product_brand?post=407228"},{"taxonomy":"product_cat","embeddable":true,"href":"https:\/\/www.avenuedesigncanada.com\/fr\/wp-json\/wp\/v2\/product_cat?post=407228"},{"taxonomy":"product_tag","embeddable":true,"href":"https:\/\/www.avenuedesigncanada.com\/fr\/wp-json\/wp\/v2\/product_tag?post=407228"}],"curies":[{"name":"wp","href":"https:\/\/api.w.org\/{rel}","templated":true}]}}