{"id":407233,"date":"2026-01-08T10:07:54","date_gmt":"2026-01-08T15:07:54","guid":{"rendered":"https:\/\/www.avenuedesigncanada.com\/product\/table-a-cocktail-lolite\/"},"modified":"2026-02-16T14:24:41","modified_gmt":"2026-02-16T19:24:41","slug":"table-a-cocktail-lolite","status":"publish","type":"product","link":"https:\/\/www.avenuedesigncanada.com\/fr\/product\/table-a-cocktail-lolite\/","title":{"rendered":"Table \u00e0 cocktail Lolite"},"content":{"rendered":"<p><em>Caract\u00e9ristiques de la table \u00e0 cocktail Lolite :<\/em><\/p>\n<p>Le b\u00e9ton renforc\u00e9 de fibres de verre est incroyablement r\u00e9sistant et durable<br \/>\nScell\u00e9 avec une couche de finition pour une protection suppl\u00e9mentaire contre l&rsquo;humidit\u00e9 et les taches<br \/>\nFabriqu\u00e9 \u00e0 partir d&rsquo;un m\u00e9lange de b\u00e9ton naturel, chaque pi\u00e8ce aura un aspect diff\u00e9rent<br \/>\nVariations de couleur, de texture, d&rsquo;imperfections, Les variations de couleur, la texture, les imperfections, les rayures de surface et les fissures capillaires non structurelles sont des qualit\u00e9s inh\u00e9rentes et appr\u00e9ci\u00e9es du b\u00e9ton<br \/>\nAppliquez des housses de protection ou rangez-les \u00e0 l&rsquo;int\u00e9rieur lorsque vous ne les utilisez pas et pendant les intemp\u00e9ries afin de prolonger la dur\u00e9e de vie du mobilier d&rsquo;ext\u00e9rieur<br \/>\nL&rsquo;exposition \u00e0 la lumi\u00e8re directe du soleil peut rendre les surfaces fonc\u00e9es tr\u00e8s chaudes. Convient mieux aux zones ombrag\u00e9es et aux espaces ext\u00e9rieurs couverts. <\/p>\n<p>Vous avez des questions sur ce produit ? Nos concepteurs sont l\u00e0 pour vous aider. Appelez-nous au (514) 340-9351  <\/p>\n","protected":false},"excerpt":{"rendered":"<p>Avec sa forme ronde irr\u00e9sistible, cette table basse contemporaine fera des merveilles dans n&rsquo;importe quel espace.<\/p>\n","protected":false},"featured_media":399926,"template":"","meta":{"_kad_blocks_custom_css":"","_kad_blocks_head_custom_js":"","_kad_blocks_body_custom_js":"","_kad_blocks_footer_custom_js":"","_kad_post_transparent":"","_kad_post_title":"","_kad_post_layout":"","_kad_post_sidebar_id":"","_kad_post_content_style":"","_kad_post_vertical_padding":"","_kad_post_feature":"","_kad_post_feature_position":"","_kad_post_header":false,"_kad_post_footer":false,"_kad_post_classname":""},"product_brand":[],"product_cat":[1327],"product_tag":[1824],"class_list":{"0":"post-407233","1":"product","2":"type-product","3":"status-publish","4":"has-post-thumbnail","6":"product_cat-salon-tables-a-cafe","7":"product_tag-sol-fr","9":"first","10":"instock","11":"taxable","12":"shipping-taxable","13":"product-type-simple","14":"entry","15":"content-bg","16":"loop-entry"},"taxonomy_info":{"product_cat":[{"value":1327,"label":"Tables \u00e0 caf\u00e9"}],"product_tag":[{"value":1824,"label":"SOL"}]},"featured_image_src_large":["https:\/\/www.avenuedesigncanada.com\/wp-content\/uploads\/2026\/01\/Lolite-main-1024x1024.jpg",1024,1024,true],"author_info":[],"comment_info":"","_links":{"self":[{"href":"https:\/\/www.avenuedesigncanada.com\/fr\/wp-json\/wp\/v2\/product\/407233","targetHints":{"allow":["GET"]}}],"collection":[{"href":"https:\/\/www.avenuedesigncanada.com\/fr\/wp-json\/wp\/v2\/product"}],"about":[{"href":"https:\/\/www.avenuedesigncanada.com\/fr\/wp-json\/wp\/v2\/types\/product"}],"wp:featuredmedia":[{"embeddable":true,"href":"https:\/\/www.avenuedesigncanada.com\/fr\/wp-json\/wp\/v2\/media\/399926"}],"wp:attachment":[{"href":"https:\/\/www.avenuedesigncanada.com\/fr\/wp-json\/wp\/v2\/media?parent=407233"}],"wp:term":[{"taxonomy":"product_brand","embeddable":true,"href":"https:\/\/www.avenuedesigncanada.com\/fr\/wp-json\/wp\/v2\/product_brand?post=407233"},{"taxonomy":"product_cat","embeddable":true,"href":"https:\/\/www.avenuedesigncanada.com\/fr\/wp-json\/wp\/v2\/product_cat?post=407233"},{"taxonomy":"product_tag","embeddable":true,"href":"https:\/\/www.avenuedesigncanada.com\/fr\/wp-json\/wp\/v2\/product_tag?post=407233"}],"curies":[{"name":"wp","href":"https:\/\/api.w.org\/{rel}","templated":true}]}}