{"id":407234,"date":"2026-01-08T10:04:16","date_gmt":"2026-01-08T15:04:16","guid":{"rendered":"https:\/\/www.avenuedesigncanada.com\/product\/table-a-cocktail-finch\/"},"modified":"2026-02-16T14:24:43","modified_gmt":"2026-02-16T19:24:43","slug":"table-a-cocktail-finch","status":"publish","type":"product","link":"https:\/\/www.avenuedesigncanada.com\/fr\/product\/table-a-cocktail-finch\/","title":{"rendered":"Table \u00e0 cocktail Finch"},"content":{"rendered":"<p><em>Les caract\u00e9ristiques de la table cocktail Finch :<\/em><\/p>\n<p>Cette grande table basse carr\u00e9e allie le style du milieu du si\u00e8cle \u00e0 une touche d&rsquo;\u00e9l\u00e9gance<br \/>\nCon\u00e7ue avec un superbe plateau en verre noir et une \u00e9tag\u00e8re expos\u00e9e en laiton antique<br \/>\nCette table basse attirera l&rsquo;attention dans tous les espaces de vie et de salon.<\/p>\n<p>Vous avez des questions sur ce produit ? Nos concepteurs sont l\u00e0 pour vous aider. Appelez-nous au (514) 340-9351  <\/p>\n","protected":false},"excerpt":{"rendered":"<p>Cette grande table basse carr\u00e9e allie le style du milieu du si\u00e8cle \u00e0 une touche d&rsquo;\u00e9l\u00e9gance. Con\u00e7ue avec un superbe plateau en verre noir et une \u00e9tag\u00e8re expos\u00e9e en laiton antique, cette table basse attirera l&rsquo;attention dans n&rsquo;importe quel espace de vie ou de salon. <\/p>\n","protected":false},"featured_media":399861,"template":"","meta":{"_kad_blocks_custom_css":"","_kad_blocks_head_custom_js":"","_kad_blocks_body_custom_js":"","_kad_blocks_footer_custom_js":"","_kad_post_transparent":"","_kad_post_title":"","_kad_post_layout":"","_kad_post_sidebar_id":"","_kad_post_content_style":"","_kad_post_vertical_padding":"","_kad_post_feature":"","_kad_post_feature_position":"","_kad_post_header":false,"_kad_post_footer":false,"_kad_post_classname":""},"product_brand":[],"product_cat":[1327],"product_tag":[1824],"class_list":{"0":"post-407234","1":"product","2":"type-product","3":"status-publish","4":"has-post-thumbnail","6":"product_cat-salon-tables-a-cafe","7":"product_tag-sol-fr","9":"first","10":"instock","11":"taxable","12":"shipping-taxable","13":"product-type-simple","14":"entry","15":"content-bg","16":"loop-entry"},"taxonomy_info":{"product_cat":[{"value":1327,"label":"Tables \u00e0 caf\u00e9"}],"product_tag":[{"value":1824,"label":"SOL"}]},"featured_image_src_large":["https:\/\/www.avenuedesigncanada.com\/wp-content\/uploads\/2026\/01\/Finch-Main-1024x1024.jpg",1024,1024,true],"author_info":[],"comment_info":"","_links":{"self":[{"href":"https:\/\/www.avenuedesigncanada.com\/fr\/wp-json\/wp\/v2\/product\/407234","targetHints":{"allow":["GET"]}}],"collection":[{"href":"https:\/\/www.avenuedesigncanada.com\/fr\/wp-json\/wp\/v2\/product"}],"about":[{"href":"https:\/\/www.avenuedesigncanada.com\/fr\/wp-json\/wp\/v2\/types\/product"}],"wp:featuredmedia":[{"embeddable":true,"href":"https:\/\/www.avenuedesigncanada.com\/fr\/wp-json\/wp\/v2\/media\/399861"}],"wp:attachment":[{"href":"https:\/\/www.avenuedesigncanada.com\/fr\/wp-json\/wp\/v2\/media?parent=407234"}],"wp:term":[{"taxonomy":"product_brand","embeddable":true,"href":"https:\/\/www.avenuedesigncanada.com\/fr\/wp-json\/wp\/v2\/product_brand?post=407234"},{"taxonomy":"product_cat","embeddable":true,"href":"https:\/\/www.avenuedesigncanada.com\/fr\/wp-json\/wp\/v2\/product_cat?post=407234"},{"taxonomy":"product_tag","embeddable":true,"href":"https:\/\/www.avenuedesigncanada.com\/fr\/wp-json\/wp\/v2\/product_tag?post=407234"}],"curies":[{"name":"wp","href":"https:\/\/api.w.org\/{rel}","templated":true}]}}