{"id":407235,"date":"2026-01-08T10:04:50","date_gmt":"2026-01-08T15:04:50","guid":{"rendered":"https:\/\/www.avenuedesigncanada.com\/product\/table-a-cocktail-flato\/"},"modified":"2026-02-16T14:24:44","modified_gmt":"2026-02-16T19:24:44","slug":"table-a-cocktail-flato","status":"publish","type":"product","link":"https:\/\/www.avenuedesigncanada.com\/fr\/product\/table-a-cocktail-flato\/","title":{"rendered":"Table \u00e0 cocktail Flato"},"content":{"rendered":"<p><em>Les caract\u00e9ristiques de la table \u00e0 cocktail Flato :<\/em><\/p>\n<p>Cette table basse au design europ\u00e9en a un aspect tr\u00e8s l\u00e9ger et a\u00e9rien<br \/>\nParfaite pour tous les espaces contemporains et transitionnels<br \/>\nDot\u00e9e d&rsquo;un plateau en verre tremp\u00e9 lourd de 10 mm sur une base en acier \u00e0 rev\u00eatement en poudre en finition bronze antique<br \/>\n\u00c9galement disponible en finition chrom\u00e9e<\/p>\n<p>Vous avez des questions sur ce produit ? Nos concepteurs sont l\u00e0 pour vous aider. Appelez-nous au (514) 340-9351  <\/p>\n","protected":false},"excerpt":{"rendered":"<p>Cette table basse au design europ\u00e9en a un aspect tr\u00e8s l\u00e9ger et a\u00e9r\u00e9. Parfaite pour tous les espaces contemporains et transitionnels. Elle est dot\u00e9e d&rsquo;un plateau en verre tremp\u00e9 de 10 mm d&rsquo;\u00e9paisseur et d&rsquo;une base en acier peint par poudrage en finition bronze antique. Egalement disponible en finition chrom\u00e9e.   <\/p>\n","protected":false},"featured_media":399871,"template":"","meta":{"_kad_blocks_custom_css":"","_kad_blocks_head_custom_js":"","_kad_blocks_body_custom_js":"","_kad_blocks_footer_custom_js":"","_kad_post_transparent":"","_kad_post_title":"","_kad_post_layout":"","_kad_post_sidebar_id":"","_kad_post_content_style":"","_kad_post_vertical_padding":"","_kad_post_feature":"","_kad_post_feature_position":"","_kad_post_header":false,"_kad_post_footer":false,"_kad_post_classname":""},"product_brand":[],"product_cat":[1327],"product_tag":[1824],"class_list":{"0":"post-407235","1":"product","2":"type-product","3":"status-publish","4":"has-post-thumbnail","6":"product_cat-salon-tables-a-cafe","7":"product_tag-sol-fr","9":"first","10":"instock","11":"taxable","12":"shipping-taxable","13":"product-type-simple","14":"entry","15":"content-bg","16":"loop-entry"},"taxonomy_info":{"product_cat":[{"value":1327,"label":"Tables \u00e0 caf\u00e9"}],"product_tag":[{"value":1824,"label":"SOL"}]},"featured_image_src_large":["https:\/\/www.avenuedesigncanada.com\/wp-content\/uploads\/2026\/01\/Flato-main-1024x1024.jpg",1024,1024,true],"author_info":[],"comment_info":"","_links":{"self":[{"href":"https:\/\/www.avenuedesigncanada.com\/fr\/wp-json\/wp\/v2\/product\/407235","targetHints":{"allow":["GET"]}}],"collection":[{"href":"https:\/\/www.avenuedesigncanada.com\/fr\/wp-json\/wp\/v2\/product"}],"about":[{"href":"https:\/\/www.avenuedesigncanada.com\/fr\/wp-json\/wp\/v2\/types\/product"}],"wp:featuredmedia":[{"embeddable":true,"href":"https:\/\/www.avenuedesigncanada.com\/fr\/wp-json\/wp\/v2\/media\/399871"}],"wp:attachment":[{"href":"https:\/\/www.avenuedesigncanada.com\/fr\/wp-json\/wp\/v2\/media?parent=407235"}],"wp:term":[{"taxonomy":"product_brand","embeddable":true,"href":"https:\/\/www.avenuedesigncanada.com\/fr\/wp-json\/wp\/v2\/product_brand?post=407235"},{"taxonomy":"product_cat","embeddable":true,"href":"https:\/\/www.avenuedesigncanada.com\/fr\/wp-json\/wp\/v2\/product_cat?post=407235"},{"taxonomy":"product_tag","embeddable":true,"href":"https:\/\/www.avenuedesigncanada.com\/fr\/wp-json\/wp\/v2\/product_tag?post=407235"}],"curies":[{"name":"wp","href":"https:\/\/api.w.org\/{rel}","templated":true}]}}