{"id":407241,"date":"2026-02-16T13:27:17","date_gmt":"2026-02-16T18:27:17","guid":{"rendered":"https:\/\/www.avenuedesigncanada.com\/product\/table-a-manger-nalla\/"},"modified":"2026-02-17T10:30:57","modified_gmt":"2026-02-17T15:30:57","slug":"table-a-manger-nalla","status":"publish","type":"product","link":"https:\/\/www.avenuedesigncanada.com\/fr\/product\/table-a-manger-nalla\/","title":{"rendered":"Table \u00e0 manger Nalla"},"content":{"rendered":"<p> <em> La table \u00e0 manger Nalla pr\u00e9sente les caract\u00e9ristiques suivantes : <\/em><\/p>\n<p>Finition du bois &#8211; Fr\u00eane brun  <\/p>\n<p>Personnalisation possible<br \/>\nVous avez des questions sur ce produit ?<br \/>\nNos designers sont l\u00e0 pour vous aider. Appelez-nous au (514) 340-9351<\/p>\n","protected":false},"excerpt":{"rendered":"<p>La table \u00e0 manger Nalla pr\u00e9sente les caract\u00e9ristiques suivantes : Finition du bois &#8211; Fr\u00eane brun Personnalisation possible Vous avez des questions sur ce produit ? Nos designers sont l\u00e0 pour vous aider. Appelez-nous au (514) 340-9351<\/p>\n","protected":false},"featured_media":407165,"template":"","meta":{"_kad_blocks_custom_css":"","_kad_blocks_head_custom_js":"","_kad_blocks_body_custom_js":"","_kad_blocks_footer_custom_js":"","_kad_post_transparent":"","_kad_post_title":"","_kad_post_layout":"","_kad_post_sidebar_id":"","_kad_post_content_style":"","_kad_post_vertical_padding":"","_kad_post_feature":"","_kad_post_feature_position":"","_kad_post_header":false,"_kad_post_footer":false,"_kad_post_classname":""},"product_brand":[],"product_cat":[1865,1306],"product_tag":[1852],"class_list":{"0":"post-407241","1":"product","2":"type-product","3":"status-publish","4":"has-post-thumbnail","6":"product_cat-table-a-manger-sur-mesure","7":"product_cat-tables-de-salle-a-manger","8":"product_tag-avenue-fr","10":"first","11":"instock","12":"taxable","13":"shipping-taxable","14":"product-type-simple","15":"entry","16":"content-bg","17":"loop-entry"},"taxonomy_info":{"product_cat":[{"value":1865,"label":"TABLE \u00c0 MANGER SUR MESURE"},{"value":1306,"label":"Tables"}],"product_tag":[{"value":1852,"label":"AVENUE"}]},"featured_image_src_large":["https:\/\/www.avenuedesigncanada.com\/wp-content\/uploads\/2026\/02\/Nella-Dining-Table-1-1024x1024.jpg",1024,1024,true],"author_info":[],"comment_info":"","_links":{"self":[{"href":"https:\/\/www.avenuedesigncanada.com\/fr\/wp-json\/wp\/v2\/product\/407241","targetHints":{"allow":["GET"]}}],"collection":[{"href":"https:\/\/www.avenuedesigncanada.com\/fr\/wp-json\/wp\/v2\/product"}],"about":[{"href":"https:\/\/www.avenuedesigncanada.com\/fr\/wp-json\/wp\/v2\/types\/product"}],"wp:featuredmedia":[{"embeddable":true,"href":"https:\/\/www.avenuedesigncanada.com\/fr\/wp-json\/wp\/v2\/media\/407165"}],"wp:attachment":[{"href":"https:\/\/www.avenuedesigncanada.com\/fr\/wp-json\/wp\/v2\/media?parent=407241"}],"wp:term":[{"taxonomy":"product_brand","embeddable":true,"href":"https:\/\/www.avenuedesigncanada.com\/fr\/wp-json\/wp\/v2\/product_brand?post=407241"},{"taxonomy":"product_cat","embeddable":true,"href":"https:\/\/www.avenuedesigncanada.com\/fr\/wp-json\/wp\/v2\/product_cat?post=407241"},{"taxonomy":"product_tag","embeddable":true,"href":"https:\/\/www.avenuedesigncanada.com\/fr\/wp-json\/wp\/v2\/product_tag?post=407241"}],"curies":[{"name":"wp","href":"https:\/\/api.w.org\/{rel}","templated":true}]}}