{"id":408042,"date":"2026-02-19T11:04:20","date_gmt":"2026-02-19T16:04:20","guid":{"rendered":"https:\/\/www.avenuedesigncanada.com\/product\/table-a-cocktail-gateway\/"},"modified":"2026-02-19T16:14:15","modified_gmt":"2026-02-19T21:14:15","slug":"table-a-cocktail-gateway","status":"publish","type":"product","link":"https:\/\/www.avenuedesigncanada.com\/fr\/product\/table-a-cocktail-gateway\/","title":{"rendered":"Table \u00e0 cocktail Gateway"},"content":{"rendered":"<p> <em> La table \u00e0 cocktail Gateway pr\u00e9sente les caract\u00e9ristiques suivantes : <\/em><\/p>\n<p>Finition du bois &#8211; Fr\u00eane brun<br \/>\nBo\u00eetier fini en Stormy<br \/>\nEtag\u00e8re finie en couleur noyer noir<\/p>\n<p>Personnalisation possible<br \/>\nVous avez des questions sur ce produit ?<br \/>\nNos designers sont l\u00e0 pour vous aider. Appelez-nous au (514) 340-9351<\/p>\n","protected":false},"excerpt":{"rendered":"<p>La table \u00e0 cocktail Gateway pr\u00e9sente les caract\u00e9ristiques suivantes : Finition du bois &#8211; Fr\u00eane brun Bo\u00eetier fini en Stormy Etag\u00e8re finie en couleur noyer noir Personnalisation possible Vous avez des questions sur ce produit ? Nos designers sont l\u00e0 pour vous aider. Appelez-nous au (514) 340-9351<\/p>\n","protected":false},"featured_media":407987,"template":"","meta":{"_kad_blocks_custom_css":"","_kad_blocks_head_custom_js":"","_kad_blocks_body_custom_js":"","_kad_blocks_footer_custom_js":"","_kad_post_transparent":"","_kad_post_title":"","_kad_post_layout":"","_kad_post_sidebar_id":"","_kad_post_content_style":"","_kad_post_vertical_padding":"","_kad_post_feature":"","_kad_post_feature_position":"","_kad_post_header":false,"_kad_post_footer":false,"_kad_post_classname":""},"product_brand":[],"product_cat":[1954,1864,1327],"product_tag":[1852],"class_list":{"0":"post-408042","1":"product","2":"type-product","3":"status-publish","4":"has-post-thumbnail","6":"product_cat-mobilier-sur-mesure-1","7":"product_cat-table-basse-sur-mesure","8":"product_cat-salon-tables-a-cafe","9":"product_tag-avenue-fr","11":"first","12":"instock","13":"taxable","14":"shipping-taxable","15":"product-type-simple","16":"entry","17":"content-bg","18":"loop-entry"},"taxonomy_info":{"product_cat":[{"value":1954,"label":"MOBILIER SUR MESURE"},{"value":1864,"label":"TABLE BASSE SUR MESURE"},{"value":1327,"label":"Tables \u00e0 caf\u00e9"}],"product_tag":[{"value":1852,"label":"AVENUE"}]},"featured_image_src_large":["https:\/\/www.avenuedesigncanada.com\/wp-content\/uploads\/2026\/02\/Gateway-Cocktail-Table-1-1024x1024.jpg",1024,1024,true],"author_info":[],"comment_info":"","_links":{"self":[{"href":"https:\/\/www.avenuedesigncanada.com\/fr\/wp-json\/wp\/v2\/product\/408042","targetHints":{"allow":["GET"]}}],"collection":[{"href":"https:\/\/www.avenuedesigncanada.com\/fr\/wp-json\/wp\/v2\/product"}],"about":[{"href":"https:\/\/www.avenuedesigncanada.com\/fr\/wp-json\/wp\/v2\/types\/product"}],"wp:featuredmedia":[{"embeddable":true,"href":"https:\/\/www.avenuedesigncanada.com\/fr\/wp-json\/wp\/v2\/media\/407987"}],"wp:attachment":[{"href":"https:\/\/www.avenuedesigncanada.com\/fr\/wp-json\/wp\/v2\/media?parent=408042"}],"wp:term":[{"taxonomy":"product_brand","embeddable":true,"href":"https:\/\/www.avenuedesigncanada.com\/fr\/wp-json\/wp\/v2\/product_brand?post=408042"},{"taxonomy":"product_cat","embeddable":true,"href":"https:\/\/www.avenuedesigncanada.com\/fr\/wp-json\/wp\/v2\/product_cat?post=408042"},{"taxonomy":"product_tag","embeddable":true,"href":"https:\/\/www.avenuedesigncanada.com\/fr\/wp-json\/wp\/v2\/product_tag?post=408042"}],"curies":[{"name":"wp","href":"https:\/\/api.w.org\/{rel}","templated":true}]}}