{"id":408519,"date":"2026-02-23T11:14:23","date_gmt":"2026-02-23T16:14:23","guid":{"rendered":"https:\/\/www.avenuedesigncanada.com\/product\/canape-en-cuir-palisades\/"},"modified":"2026-02-23T12:04:32","modified_gmt":"2026-02-23T17:04:32","slug":"canape-en-cuir-palisades","status":"publish","type":"product","link":"https:\/\/www.avenuedesigncanada.com\/fr\/product\/canape-en-cuir-palisades\/","title":{"rendered":"Canap\u00e9 en cuir Palisades"},"content":{"rendered":"<p><em>  Le canap\u00e9 en cuir Palisades pr\u00e9sente les caract\u00e9ristiques suivantes : <em><br \/>\n Les ferrules m\u00e9talliques sur les pieds de ce cadre sont disponibles en laiton antique ou en nickel<br \/>\nMontr\u00e9 en cuir 134-011<br \/>\nVous avez des questions sur ce produit ? Nos concepteurs sont l\u00e0 pour vous aider. Appelez-nous au (514) 340-9351 <\/p>\n","protected":false},"excerpt":{"rendered":"<p>Le canap\u00e9 en cuir Palisades est le fruit d&rsquo;un travail de qualit\u00e9 et d&rsquo;un style r\u00e9solument moderne. Les \u00e9l\u00e9gants accoudoirs inclin\u00e9s et les pieds effil\u00e9s ajoutent \u00e0 l&rsquo;attrait sophistiqu\u00e9 de cette pi\u00e8ce, tandis que les garnitures en t\u00eate de clou et les bordures accentuent les courbes gracieuses et les lignes \u00e9pur\u00e9es. Les pieds fusel\u00e9s surmont\u00e9s de ferrules m\u00e9talliques apportent une touche finale chic. Ce canap\u00e9 offre une esth\u00e9tique luxueuse et moderne.   <\/p>\n","protected":false},"featured_media":407552,"template":"","meta":{"_kad_blocks_custom_css":"","_kad_blocks_head_custom_js":"","_kad_blocks_body_custom_js":"","_kad_blocks_footer_custom_js":"","_kad_post_transparent":"","_kad_post_title":"","_kad_post_layout":"","_kad_post_sidebar_id":"","_kad_post_content_style":"","_kad_post_vertical_padding":"","_kad_post_feature":"","_kad_post_feature_position":"","_kad_post_header":false,"_kad_post_footer":false,"_kad_post_classname":""},"product_brand":[],"product_cat":[1331],"product_tag":[1851],"class_list":{"0":"post-408519","1":"product","2":"type-product","3":"status-publish","4":"has-post-thumbnail","6":"product_cat-canapes-haut-de-gamme","7":"product_tag-barcelona-fr","9":"first","10":"instock","11":"taxable","12":"shipping-taxable","13":"product-type-simple","14":"entry","15":"content-bg","16":"loop-entry"},"taxonomy_info":{"product_cat":[{"value":1331,"label":"Canap\u00e9s"}],"product_tag":[{"value":1851,"label":"BARCELONA"}]},"featured_image_src_large":["https:\/\/www.avenuedesigncanada.com\/wp-content\/uploads\/2026\/02\/N2877L_103-1024x1024.jpg",1024,1024,true],"author_info":[],"comment_info":"","_links":{"self":[{"href":"https:\/\/www.avenuedesigncanada.com\/fr\/wp-json\/wp\/v2\/product\/408519","targetHints":{"allow":["GET"]}}],"collection":[{"href":"https:\/\/www.avenuedesigncanada.com\/fr\/wp-json\/wp\/v2\/product"}],"about":[{"href":"https:\/\/www.avenuedesigncanada.com\/fr\/wp-json\/wp\/v2\/types\/product"}],"wp:featuredmedia":[{"embeddable":true,"href":"https:\/\/www.avenuedesigncanada.com\/fr\/wp-json\/wp\/v2\/media\/407552"}],"wp:attachment":[{"href":"https:\/\/www.avenuedesigncanada.com\/fr\/wp-json\/wp\/v2\/media?parent=408519"}],"wp:term":[{"taxonomy":"product_brand","embeddable":true,"href":"https:\/\/www.avenuedesigncanada.com\/fr\/wp-json\/wp\/v2\/product_brand?post=408519"},{"taxonomy":"product_cat","embeddable":true,"href":"https:\/\/www.avenuedesigncanada.com\/fr\/wp-json\/wp\/v2\/product_cat?post=408519"},{"taxonomy":"product_tag","embeddable":true,"href":"https:\/\/www.avenuedesigncanada.com\/fr\/wp-json\/wp\/v2\/product_tag?post=408519"}],"curies":[{"name":"wp","href":"https:\/\/api.w.org\/{rel}","templated":true}]}}