{"id":408520,"date":"2026-02-23T11:14:25","date_gmt":"2026-02-23T16:14:25","guid":{"rendered":"https:\/\/www.avenuedesigncanada.com\/product\/canape-en-tissu-prague\/"},"modified":"2026-02-23T12:04:32","modified_gmt":"2026-02-23T17:04:32","slug":"canape-en-tissu-prague","status":"publish","type":"product","link":"https:\/\/www.avenuedesigncanada.com\/fr\/product\/canape-en-tissu-prague\/","title":{"rendered":"Canap\u00e9 en tissu Prague"},"content":{"rendered":"<p><em>  Le canap\u00e9 en tissu Prague pr\u00e9sente les caract\u00e9ristiques suivantes : <em><br \/>\n Style moderne<br \/>\nAccoudoirs en forme<br \/>\nCoussins \u00e0 bord creux<br \/>\nCoussins de pavillon inclus<br \/>\nPieds cach\u00e9s<br \/>\nMontr\u00e9 en tissu 1146-002<br \/>\nVous avez des questions au sujet de ce produit ? Nos designers sont l\u00e0 pour vous aider. Appelez-nous au (514) 340-9351  <\/p>\n","protected":false},"excerpt":{"rendered":"<p>Luxueux et chic, le canap\u00e9 Prague est dot\u00e9 d&rsquo;un large cadre \u00e0 profil bas qui lui conf\u00e8re un look moderne et \u00e9pur\u00e9. De somptueux coussins d&rsquo;assise \u00e0 ressorts et recouvert d&rsquo;une enveloppe de duvet et un coussin de dos en fibre de polyester offrent un confort durable. \u00c0 la base, une bande de bois expos\u00e9e attire l&rsquo;attention sur le design net et lin\u00e9aire de cette pi\u00e8ce \u00e9l\u00e9gante.<\/p>\n","protected":false},"featured_media":407536,"template":"","meta":{"_kad_blocks_custom_css":"","_kad_blocks_head_custom_js":"","_kad_blocks_body_custom_js":"","_kad_blocks_footer_custom_js":"","_kad_post_transparent":"","_kad_post_title":"","_kad_post_layout":"","_kad_post_sidebar_id":"","_kad_post_content_style":"","_kad_post_vertical_padding":"","_kad_post_feature":"","_kad_post_feature_position":"","_kad_post_header":false,"_kad_post_footer":false,"_kad_post_classname":""},"product_brand":[],"product_cat":[1331],"product_tag":[1851],"class_list":{"0":"post-408520","1":"product","2":"type-product","3":"status-publish","4":"has-post-thumbnail","6":"product_cat-canapes-haut-de-gamme","7":"product_tag-barcelona-fr","9":"first","10":"instock","11":"taxable","12":"shipping-taxable","13":"product-type-simple","14":"entry","15":"content-bg","16":"loop-entry"},"taxonomy_info":{"product_cat":[{"value":1331,"label":"Canap\u00e9s"}],"product_tag":[{"value":1851,"label":"BARCELONA"}]},"featured_image_src_large":["https:\/\/www.avenuedesigncanada.com\/wp-content\/uploads\/2026\/02\/N1967_102-1024x1024.jpg",1024,1024,true],"author_info":[],"comment_info":"","_links":{"self":[{"href":"https:\/\/www.avenuedesigncanada.com\/fr\/wp-json\/wp\/v2\/product\/408520","targetHints":{"allow":["GET"]}}],"collection":[{"href":"https:\/\/www.avenuedesigncanada.com\/fr\/wp-json\/wp\/v2\/product"}],"about":[{"href":"https:\/\/www.avenuedesigncanada.com\/fr\/wp-json\/wp\/v2\/types\/product"}],"wp:featuredmedia":[{"embeddable":true,"href":"https:\/\/www.avenuedesigncanada.com\/fr\/wp-json\/wp\/v2\/media\/407536"}],"wp:attachment":[{"href":"https:\/\/www.avenuedesigncanada.com\/fr\/wp-json\/wp\/v2\/media?parent=408520"}],"wp:term":[{"taxonomy":"product_brand","embeddable":true,"href":"https:\/\/www.avenuedesigncanada.com\/fr\/wp-json\/wp\/v2\/product_brand?post=408520"},{"taxonomy":"product_cat","embeddable":true,"href":"https:\/\/www.avenuedesigncanada.com\/fr\/wp-json\/wp\/v2\/product_cat?post=408520"},{"taxonomy":"product_tag","embeddable":true,"href":"https:\/\/www.avenuedesigncanada.com\/fr\/wp-json\/wp\/v2\/product_tag?post=408520"}],"curies":[{"name":"wp","href":"https:\/\/api.w.org\/{rel}","templated":true}]}}