{"id":408521,"date":"2026-02-23T11:14:28","date_gmt":"2026-02-23T16:14:28","guid":{"rendered":"https:\/\/www.avenuedesigncanada.com\/product\/canape-en-tissu-rowan\/"},"modified":"2026-02-23T12:04:35","modified_gmt":"2026-02-23T17:04:35","slug":"canape-en-tissu-rowan","status":"publish","type":"product","link":"https:\/\/www.avenuedesigncanada.com\/fr\/product\/canape-en-tissu-rowan\/","title":{"rendered":"Canap\u00e9 en tissu Rowan"},"content":{"rendered":"<p><em>  Le canap\u00e9 en tissu Rowan pr\u00e9sente les caract\u00e9ristiques suivantes : <em><br \/>\n Style moderne<br \/>\nAccoudoir \u00e0 rampe<br \/>\nCoussins de dossier \u00e0 bords coup\u00e9s<br \/>\nD\u00e9tails de couture<br \/>\nCoussins de pavillon inclus<br \/>\nPieds rembourr\u00e9s<br \/>\nMontr\u00e9 en tissu 1668-012<br \/>\nVous avez des questions au sujet de ce produit ? Nos designers sont l\u00e0 pour vous aider. Appelez-nous au (514) 340-9351  <\/p>\n","protected":false},"excerpt":{"rendered":"<p>Le canap\u00e9 Rowan a un style sculptural avec des d\u00e9tails g\u00e9om\u00e9triques d\u00e9coup\u00e9s dans la base pour former des pieds rembourr\u00e9s. Les c\u00f4t\u00e9s et le dossier rembourr\u00e9s ajoutent de la douceur \u00e0 la forme et un d\u00e9tail de couture unique apporte une touche personnalis\u00e9e. Des coussins d&rsquo;assise profonds et des coussins de dossier l\u00e2ches compl\u00e8tent le design confortable.  <\/p>\n","protected":false},"featured_media":407514,"template":"","meta":{"_kad_blocks_custom_css":"","_kad_blocks_head_custom_js":"","_kad_blocks_body_custom_js":"","_kad_blocks_footer_custom_js":"","_kad_post_transparent":"","_kad_post_title":"","_kad_post_layout":"","_kad_post_sidebar_id":"","_kad_post_content_style":"","_kad_post_vertical_padding":"","_kad_post_feature":"","_kad_post_feature_position":"","_kad_post_header":false,"_kad_post_footer":false,"_kad_post_classname":""},"product_brand":[],"product_cat":[1331],"product_tag":[1851],"class_list":{"0":"post-408521","1":"product","2":"type-product","3":"status-publish","4":"has-post-thumbnail","6":"product_cat-canapes-haut-de-gamme","7":"product_tag-barcelona-fr","9":"first","10":"instock","11":"taxable","12":"shipping-taxable","13":"product-type-simple","14":"entry","15":"content-bg","16":"loop-entry"},"taxonomy_info":{"product_cat":[{"value":1331,"label":"Canap\u00e9s"}],"product_tag":[{"value":1851,"label":"BARCELONA"}]},"featured_image_src_large":["https:\/\/www.avenuedesigncanada.com\/wp-content\/uploads\/2026\/02\/P5307A_103-1024x1024.jpg",1024,1024,true],"author_info":[],"comment_info":"","_links":{"self":[{"href":"https:\/\/www.avenuedesigncanada.com\/fr\/wp-json\/wp\/v2\/product\/408521","targetHints":{"allow":["GET"]}}],"collection":[{"href":"https:\/\/www.avenuedesigncanada.com\/fr\/wp-json\/wp\/v2\/product"}],"about":[{"href":"https:\/\/www.avenuedesigncanada.com\/fr\/wp-json\/wp\/v2\/types\/product"}],"wp:featuredmedia":[{"embeddable":true,"href":"https:\/\/www.avenuedesigncanada.com\/fr\/wp-json\/wp\/v2\/media\/407514"}],"wp:attachment":[{"href":"https:\/\/www.avenuedesigncanada.com\/fr\/wp-json\/wp\/v2\/media?parent=408521"}],"wp:term":[{"taxonomy":"product_brand","embeddable":true,"href":"https:\/\/www.avenuedesigncanada.com\/fr\/wp-json\/wp\/v2\/product_brand?post=408521"},{"taxonomy":"product_cat","embeddable":true,"href":"https:\/\/www.avenuedesigncanada.com\/fr\/wp-json\/wp\/v2\/product_cat?post=408521"},{"taxonomy":"product_tag","embeddable":true,"href":"https:\/\/www.avenuedesigncanada.com\/fr\/wp-json\/wp\/v2\/product_tag?post=408521"}],"curies":[{"name":"wp","href":"https:\/\/api.w.org\/{rel}","templated":true}]}}