{"id":408523,"date":"2026-02-23T11:14:19","date_gmt":"2026-02-23T16:14:19","guid":{"rendered":"https:\/\/www.avenuedesigncanada.com\/product\/canape-en-tissu-mila\/"},"modified":"2026-02-23T12:23:04","modified_gmt":"2026-02-23T17:23:04","slug":"canape-en-tissu-mila","status":"publish","type":"product","link":"https:\/\/www.avenuedesigncanada.com\/fr\/product\/canape-en-tissu-mila\/","title":{"rendered":"Canap\u00e9 en tissu Mila"},"content":{"rendered":"<p><em>  Le canap\u00e9 en tissu Mila pr\u00e9sente les caract\u00e9ristiques suivantes : <em><br \/>\n Style transitionnel<br \/>\nAccoudoir \u00e0 rampe<br \/>\nCoussins \u00e0 bord droit<br \/>\nCoussins de pavillon inclus<br \/>\nPieds fusel\u00e9s<br \/>\nMontr\u00e9 en tissu 1667-012<br \/>\nVous avez des questions au sujet de ce produit ? Nos designers sont l\u00e0 pour vous aider. Appelez-nous au (514) 340-9351  <\/p>\n","protected":false},"excerpt":{"rendered":"<p>\u00c9l\u00e9gant et moderne, avec une assise profonde et confortable, le canap\u00e9 Mila offre un confort sans pr\u00e9c\u00e9dent et un style intemporel. Le tissu naturel s&rsquo;associe \u00e0 une coupe d\u00e9contract\u00e9e pour offrir un look \u00e0 la fois d\u00e9contract\u00e9 et sophistiqu\u00e9. Les pieds fusel\u00e9s \u00e9l\u00e9gants contribuent \u00e0 l&rsquo;attrait contemporain de ce canap\u00e9 cossu.  <\/p>\n","protected":false},"featured_media":407604,"template":"","meta":{"_kad_blocks_custom_css":"","_kad_blocks_head_custom_js":"","_kad_blocks_body_custom_js":"","_kad_blocks_footer_custom_js":"","_kad_post_transparent":"","_kad_post_title":"","_kad_post_layout":"","_kad_post_sidebar_id":"","_kad_post_content_style":"","_kad_post_vertical_padding":"","_kad_post_feature":"","_kad_post_feature_position":"","_kad_post_header":false,"_kad_post_footer":false,"_kad_post_classname":""},"product_brand":[],"product_cat":[1331],"product_tag":[1851],"class_list":{"0":"post-408523","1":"product","2":"type-product","3":"status-publish","4":"has-post-thumbnail","6":"product_cat-canapes-haut-de-gamme","7":"product_tag-barcelona-fr","9":"first","10":"instock","11":"taxable","12":"shipping-taxable","13":"product-type-simple","14":"entry","15":"content-bg","16":"loop-entry"},"taxonomy_info":{"product_cat":[{"value":1331,"label":"Canap\u00e9s"}],"product_tag":[{"value":1851,"label":"BARCELONA"}]},"featured_image_src_large":["https:\/\/www.avenuedesigncanada.com\/wp-content\/uploads\/2026\/02\/P6417-1024x1024.jpg",1024,1024,true],"author_info":[],"comment_info":"","_links":{"self":[{"href":"https:\/\/www.avenuedesigncanada.com\/fr\/wp-json\/wp\/v2\/product\/408523","targetHints":{"allow":["GET"]}}],"collection":[{"href":"https:\/\/www.avenuedesigncanada.com\/fr\/wp-json\/wp\/v2\/product"}],"about":[{"href":"https:\/\/www.avenuedesigncanada.com\/fr\/wp-json\/wp\/v2\/types\/product"}],"wp:featuredmedia":[{"embeddable":true,"href":"https:\/\/www.avenuedesigncanada.com\/fr\/wp-json\/wp\/v2\/media\/407604"}],"wp:attachment":[{"href":"https:\/\/www.avenuedesigncanada.com\/fr\/wp-json\/wp\/v2\/media?parent=408523"}],"wp:term":[{"taxonomy":"product_brand","embeddable":true,"href":"https:\/\/www.avenuedesigncanada.com\/fr\/wp-json\/wp\/v2\/product_brand?post=408523"},{"taxonomy":"product_cat","embeddable":true,"href":"https:\/\/www.avenuedesigncanada.com\/fr\/wp-json\/wp\/v2\/product_cat?post=408523"},{"taxonomy":"product_tag","embeddable":true,"href":"https:\/\/www.avenuedesigncanada.com\/fr\/wp-json\/wp\/v2\/product_tag?post=408523"}],"curies":[{"name":"wp","href":"https:\/\/api.w.org\/{rel}","templated":true}]}}