{"id":408524,"date":"2026-02-23T11:14:13","date_gmt":"2026-02-23T16:14:13","guid":{"rendered":"https:\/\/www.avenuedesigncanada.com\/product\/canape-en-tissu-lumen\/"},"modified":"2026-02-23T12:23:04","modified_gmt":"2026-02-23T17:23:04","slug":"canape-en-tissu-lumen","status":"publish","type":"product","link":"https:\/\/www.avenuedesigncanada.com\/fr\/product\/canape-en-tissu-lumen\/","title":{"rendered":"Canap\u00e9 en tissu Lumen"},"content":{"rendered":"<p><em>  Le canap\u00e9 en tissu Lumen pr\u00e9sente les caract\u00e9ristiques suivantes : <em><br \/>\n Style moderne<br \/>\nAccoudoirs en forme d&rsquo;abris<br \/>\nDossier serr\u00e9<br \/>\nD\u00e9tails en feutre<br \/>\nCoussins inclus<br \/>\nVous avez des questions sur ce produit ? Nos concepteurs sont l\u00e0 pour vous aider. Appelez-nous au (514) 340-9351 <\/p>\n","protected":false},"excerpt":{"rendered":"<p>Sophistiqu\u00e9 dans sa simplicit\u00e9, le canap\u00e9 Lumen a une forme de rein subtile avec une sym\u00e9trie attrayante. Formant une ligne courbe continue, le dossier et les accoudoirs cr\u00e9ent une silhouette moderne qui adoucit l&rsquo;aspect d&rsquo;une pi\u00e8ce. Les moulures accentuent les contours gracieux. \u00c9pur\u00e9 et moderne, ce canap\u00e9 apporte un style et une \u00e9l\u00e9gance intemporels \u00e0 votre int\u00e9rieur.   <\/p>\n","protected":false},"featured_media":407648,"template":"","meta":{"_kad_blocks_custom_css":"","_kad_blocks_head_custom_js":"","_kad_blocks_body_custom_js":"","_kad_blocks_footer_custom_js":"","_kad_post_transparent":"","_kad_post_title":"","_kad_post_layout":"","_kad_post_sidebar_id":"","_kad_post_content_style":"","_kad_post_vertical_padding":"","_kad_post_feature":"","_kad_post_feature_position":"","_kad_post_header":false,"_kad_post_footer":false,"_kad_post_classname":""},"product_brand":[],"product_cat":[1331],"product_tag":[1851],"class_list":{"0":"post-408524","1":"product","2":"type-product","3":"status-publish","4":"has-post-thumbnail","6":"product_cat-canapes-haut-de-gamme","7":"product_tag-barcelona-fr","9":"first","10":"instock","11":"taxable","12":"shipping-taxable","13":"product-type-simple","14":"entry","15":"content-bg","16":"loop-entry"},"taxonomy_info":{"product_cat":[{"value":1331,"label":"Canap\u00e9s"}],"product_tag":[{"value":1851,"label":"BARCELONA"}]},"featured_image_src_large":["https:\/\/www.avenuedesigncanada.com\/wp-content\/uploads\/2026\/02\/N8807_102-1024x1024.jpg",1024,1024,true],"author_info":[],"comment_info":"","_links":{"self":[{"href":"https:\/\/www.avenuedesigncanada.com\/fr\/wp-json\/wp\/v2\/product\/408524","targetHints":{"allow":["GET"]}}],"collection":[{"href":"https:\/\/www.avenuedesigncanada.com\/fr\/wp-json\/wp\/v2\/product"}],"about":[{"href":"https:\/\/www.avenuedesigncanada.com\/fr\/wp-json\/wp\/v2\/types\/product"}],"wp:featuredmedia":[{"embeddable":true,"href":"https:\/\/www.avenuedesigncanada.com\/fr\/wp-json\/wp\/v2\/media\/407648"}],"wp:attachment":[{"href":"https:\/\/www.avenuedesigncanada.com\/fr\/wp-json\/wp\/v2\/media?parent=408524"}],"wp:term":[{"taxonomy":"product_brand","embeddable":true,"href":"https:\/\/www.avenuedesigncanada.com\/fr\/wp-json\/wp\/v2\/product_brand?post=408524"},{"taxonomy":"product_cat","embeddable":true,"href":"https:\/\/www.avenuedesigncanada.com\/fr\/wp-json\/wp\/v2\/product_cat?post=408524"},{"taxonomy":"product_tag","embeddable":true,"href":"https:\/\/www.avenuedesigncanada.com\/fr\/wp-json\/wp\/v2\/product_tag?post=408524"}],"curies":[{"name":"wp","href":"https:\/\/api.w.org\/{rel}","templated":true}]}}