{"id":408527,"date":"2026-02-23T11:14:03","date_gmt":"2026-02-23T16:14:03","guid":{"rendered":"https:\/\/www.avenuedesigncanada.com\/product\/canape-en-tissu-grace\/"},"modified":"2026-02-23T12:28:25","modified_gmt":"2026-02-23T17:28:25","slug":"canape-en-tissu-grace","status":"publish","type":"product","link":"https:\/\/www.avenuedesigncanada.com\/fr\/product\/canape-en-tissu-grace\/","title":{"rendered":"Canap\u00e9 en tissu Grace"},"content":{"rendered":"<p><em>  Le canap\u00e9 en tissu Grace pr\u00e9sente les caract\u00e9ristiques suivantes : <em><br \/>\n Style transitionnel<br \/>\nBras en forme de rail<br \/>\nCoussin \u00e0 bord tranchant<br \/>\nCoussins inclus<br \/>\nPieds cach\u00e9s<br \/>\nMontr\u00e9 en tissu 1429-002<br \/>\nVous avez des questions au sujet de ce produit ? Nos designers sont l\u00e0 pour vous aider. Appelez-nous au (514) 340-9351  <\/p>\n","protected":false},"excerpt":{"rendered":"<p>Combinant des tissus naturels, une confection d\u00e9contract\u00e9e et un somptueux rembourrage, le canap\u00e9 Grace offre une exp\u00e9rience d&rsquo;assise luxueuse. Un luxueux coussin en duvet de plumes et des coussins de dossier en fibres l\u00e2ches offrent un confort in\u00e9gal\u00e9. Les accoudoirs carr\u00e9s inclin\u00e9s cr\u00e9ent un profil gracieux avec un attrait contemporain. La jupe, qui contribue \u00e0 adoucir un int\u00e9rieur, est une caract\u00e9ristique cl\u00e9 de ce canap\u00e9 attrayant et de bon go\u00fbt.   <\/p>\n","protected":false},"featured_media":407702,"template":"","meta":{"_kad_blocks_custom_css":"","_kad_blocks_head_custom_js":"","_kad_blocks_body_custom_js":"","_kad_blocks_footer_custom_js":"","_kad_post_transparent":"","_kad_post_title":"","_kad_post_layout":"","_kad_post_sidebar_id":"","_kad_post_content_style":"","_kad_post_vertical_padding":"","_kad_post_feature":"","_kad_post_feature_position":"","_kad_post_header":false,"_kad_post_footer":false,"_kad_post_classname":""},"product_brand":[],"product_cat":[1331],"product_tag":[1851],"class_list":{"0":"post-408527","1":"product","2":"type-product","3":"status-publish","4":"has-post-thumbnail","6":"product_cat-canapes-haut-de-gamme","7":"product_tag-barcelona-fr","9":"first","10":"instock","11":"taxable","12":"shipping-taxable","13":"product-type-simple","14":"entry","15":"content-bg","16":"loop-entry"},"taxonomy_info":{"product_cat":[{"value":1331,"label":"Canap\u00e9s"}],"product_tag":[{"value":1851,"label":"BARCELONA"}]},"featured_image_src_large":["https:\/\/www.avenuedesigncanada.com\/wp-content\/uploads\/2026\/02\/P4917B_103-1024x1024.jpg",1024,1024,true],"author_info":[],"comment_info":"","_links":{"self":[{"href":"https:\/\/www.avenuedesigncanada.com\/fr\/wp-json\/wp\/v2\/product\/408527","targetHints":{"allow":["GET"]}}],"collection":[{"href":"https:\/\/www.avenuedesigncanada.com\/fr\/wp-json\/wp\/v2\/product"}],"about":[{"href":"https:\/\/www.avenuedesigncanada.com\/fr\/wp-json\/wp\/v2\/types\/product"}],"wp:featuredmedia":[{"embeddable":true,"href":"https:\/\/www.avenuedesigncanada.com\/fr\/wp-json\/wp\/v2\/media\/407702"}],"wp:attachment":[{"href":"https:\/\/www.avenuedesigncanada.com\/fr\/wp-json\/wp\/v2\/media?parent=408527"}],"wp:term":[{"taxonomy":"product_brand","embeddable":true,"href":"https:\/\/www.avenuedesigncanada.com\/fr\/wp-json\/wp\/v2\/product_brand?post=408527"},{"taxonomy":"product_cat","embeddable":true,"href":"https:\/\/www.avenuedesigncanada.com\/fr\/wp-json\/wp\/v2\/product_cat?post=408527"},{"taxonomy":"product_tag","embeddable":true,"href":"https:\/\/www.avenuedesigncanada.com\/fr\/wp-json\/wp\/v2\/product_tag?post=408527"}],"curies":[{"name":"wp","href":"https:\/\/api.w.org\/{rel}","templated":true}]}}