{"id":408528,"date":"2026-02-23T11:14:04","date_gmt":"2026-02-23T16:14:04","guid":{"rendered":"https:\/\/www.avenuedesigncanada.com\/product\/canape-en-tissu-helena\/"},"modified":"2026-02-23T12:28:26","modified_gmt":"2026-02-23T17:28:26","slug":"canape-en-tissu-helena","status":"publish","type":"product","link":"https:\/\/www.avenuedesigncanada.com\/fr\/product\/canape-en-tissu-helena\/","title":{"rendered":"Canap\u00e9 en tissu Helena"},"content":{"rendered":"<p><em>  Le canap\u00e9 en tissu Helena pr\u00e9sente les caract\u00e9ristiques suivantes : <em><br \/>\n Ancr\u00e9 dans un design contemporain<br \/>\nCoussins d&rsquo;assise en plumes de luxe<br \/>\nCoussins de dossier sans tr\u00e9pointe \u00e0 bord tranchant<br \/>\nFini en acier inoxydable bross\u00e9 seulement<br \/>\nMontr\u00e9 en tissu 1146-002<br \/>\nVous avez des questions au sujet de ce produit ? Nos concepteurs sont l\u00e0 pour vous aider. Appelez-nous au (514) 340-9351 <\/p>\n","protected":false},"excerpt":{"rendered":"<p>Les accoudoirs surdimensionn\u00e9s, le profil bas et les pieds en acier inoxydable bross\u00e9 du canap\u00e9 Helena lui conf\u00e8rent un look \u00e9pur\u00e9 ancr\u00e9 dans le design contemporain. Con\u00e7u avec des ressorts sinueux pour la durabilit\u00e9 et le confort, le canap\u00e9 offre de luxueux coussins en plumes pour le summum de la relaxation. <\/p>\n","protected":false},"featured_media":407696,"template":"","meta":{"_kad_blocks_custom_css":"","_kad_blocks_head_custom_js":"","_kad_blocks_body_custom_js":"","_kad_blocks_footer_custom_js":"","_kad_post_transparent":"","_kad_post_title":"","_kad_post_layout":"","_kad_post_sidebar_id":"","_kad_post_content_style":"","_kad_post_vertical_padding":"","_kad_post_feature":"","_kad_post_feature_position":"","_kad_post_header":false,"_kad_post_footer":false,"_kad_post_classname":""},"product_brand":[],"product_cat":[1331],"product_tag":[1851],"class_list":{"0":"post-408528","1":"product","2":"type-product","3":"status-publish","4":"has-post-thumbnail","6":"product_cat-canapes-haut-de-gamme","7":"product_tag-barcelona-fr","9":"first","10":"instock","11":"taxable","12":"shipping-taxable","13":"product-type-simple","14":"entry","15":"content-bg","16":"loop-entry"},"taxonomy_info":{"product_cat":[{"value":1331,"label":"Canap\u00e9s"}],"product_tag":[{"value":1851,"label":"BARCELONA"}]},"featured_image_src_large":["https:\/\/www.avenuedesigncanada.com\/wp-content\/uploads\/2026\/02\/N5157_102-1024x1024.jpg",1024,1024,true],"author_info":[],"comment_info":"","_links":{"self":[{"href":"https:\/\/www.avenuedesigncanada.com\/fr\/wp-json\/wp\/v2\/product\/408528","targetHints":{"allow":["GET"]}}],"collection":[{"href":"https:\/\/www.avenuedesigncanada.com\/fr\/wp-json\/wp\/v2\/product"}],"about":[{"href":"https:\/\/www.avenuedesigncanada.com\/fr\/wp-json\/wp\/v2\/types\/product"}],"wp:featuredmedia":[{"embeddable":true,"href":"https:\/\/www.avenuedesigncanada.com\/fr\/wp-json\/wp\/v2\/media\/407696"}],"wp:attachment":[{"href":"https:\/\/www.avenuedesigncanada.com\/fr\/wp-json\/wp\/v2\/media?parent=408528"}],"wp:term":[{"taxonomy":"product_brand","embeddable":true,"href":"https:\/\/www.avenuedesigncanada.com\/fr\/wp-json\/wp\/v2\/product_brand?post=408528"},{"taxonomy":"product_cat","embeddable":true,"href":"https:\/\/www.avenuedesigncanada.com\/fr\/wp-json\/wp\/v2\/product_cat?post=408528"},{"taxonomy":"product_tag","embeddable":true,"href":"https:\/\/www.avenuedesigncanada.com\/fr\/wp-json\/wp\/v2\/product_tag?post=408528"}],"curies":[{"name":"wp","href":"https:\/\/api.w.org\/{rel}","templated":true}]}}