{"id":408532,"date":"2026-02-23T11:13:53","date_gmt":"2026-02-23T16:13:53","guid":{"rendered":"https:\/\/www.avenuedesigncanada.com\/product\/canape-astoria-en-tissu\/"},"modified":"2026-02-23T13:10:11","modified_gmt":"2026-02-23T18:10:11","slug":"canape-astoria-en-tissu","status":"publish","type":"product","link":"https:\/\/www.avenuedesigncanada.com\/fr\/product\/canape-astoria-en-tissu\/","title":{"rendered":"Canap\u00e9 Astoria en tissu"},"content":{"rendered":"<p><em>  Le canap\u00e9 Astoria en tissu pr\u00e9sente les caract\u00e9ristiques suivantes : <em><br \/>\n Canap\u00e9 moderne avec abri<br \/>\nAccoudoir avec abri<br \/>\nCoussins de dossier \u00e0 bords coup\u00e9s<br \/>\nCoussins de pavillon inclus<br \/>\nPieds cach\u00e9s<br \/>\nMontr\u00e9 en tissu 1146-002<br \/>\nVous avez des questions sur ce produit ? Nos designers sont l\u00e0 pour vous aider. Appelez-nous au (514) 340-9351  <\/p>\n","protected":false},"excerpt":{"rendered":"<p>Sophistiqu\u00e9 et d\u00e9contract\u00e9, le canap\u00e9 Astoria pr\u00e9sente des lignes \u00e9pur\u00e9es et des courbes douces et accueillantes. La soudure distingue les contours \u00e9l\u00e9gants des accoudoirs inclin\u00e9s et subtilement effil\u00e9s. Un seul coussin en duvet offre beaucoup d&rsquo;espace pour se d\u00e9tendre, tandis que les coussins de dossier en fibre et les coussins jet\u00e9s blendown ajoutent au confort. Avec sa forme simple et son coussin moelleux, ce canap\u00e9 offre le luxe dans un style moderne et d\u00e9contract\u00e9.   <\/p>\n","protected":false},"featured_media":407818,"template":"","meta":{"_kad_blocks_custom_css":"","_kad_blocks_head_custom_js":"","_kad_blocks_body_custom_js":"","_kad_blocks_footer_custom_js":"","_kad_post_transparent":"","_kad_post_title":"","_kad_post_layout":"","_kad_post_sidebar_id":"","_kad_post_content_style":"","_kad_post_vertical_padding":"","_kad_post_feature":"","_kad_post_feature_position":"","_kad_post_header":false,"_kad_post_footer":false,"_kad_post_classname":""},"product_brand":[],"product_cat":[1331],"product_tag":[1851],"class_list":{"0":"post-408532","1":"product","2":"type-product","3":"status-publish","4":"has-post-thumbnail","6":"product_cat-canapes-haut-de-gamme","7":"product_tag-barcelona-fr","9":"first","10":"instock","11":"taxable","12":"shipping-taxable","13":"product-type-simple","14":"entry","15":"content-bg","16":"loop-entry"},"taxonomy_info":{"product_cat":[{"value":1331,"label":"Canap\u00e9s"}],"product_tag":[{"value":1851,"label":"BARCELONA"}]},"featured_image_src_large":["https:\/\/www.avenuedesigncanada.com\/wp-content\/uploads\/2026\/02\/N9027-1024x1024.jpg",1024,1024,true],"author_info":[],"comment_info":"","_links":{"self":[{"href":"https:\/\/www.avenuedesigncanada.com\/fr\/wp-json\/wp\/v2\/product\/408532","targetHints":{"allow":["GET"]}}],"collection":[{"href":"https:\/\/www.avenuedesigncanada.com\/fr\/wp-json\/wp\/v2\/product"}],"about":[{"href":"https:\/\/www.avenuedesigncanada.com\/fr\/wp-json\/wp\/v2\/types\/product"}],"wp:featuredmedia":[{"embeddable":true,"href":"https:\/\/www.avenuedesigncanada.com\/fr\/wp-json\/wp\/v2\/media\/407818"}],"wp:attachment":[{"href":"https:\/\/www.avenuedesigncanada.com\/fr\/wp-json\/wp\/v2\/media?parent=408532"}],"wp:term":[{"taxonomy":"product_brand","embeddable":true,"href":"https:\/\/www.avenuedesigncanada.com\/fr\/wp-json\/wp\/v2\/product_brand?post=408532"},{"taxonomy":"product_cat","embeddable":true,"href":"https:\/\/www.avenuedesigncanada.com\/fr\/wp-json\/wp\/v2\/product_cat?post=408532"},{"taxonomy":"product_tag","embeddable":true,"href":"https:\/\/www.avenuedesigncanada.com\/fr\/wp-json\/wp\/v2\/product_tag?post=408532"}],"curies":[{"name":"wp","href":"https:\/\/api.w.org\/{rel}","templated":true}]}}