{"id":408533,"date":"2026-02-23T11:13:54","date_gmt":"2026-02-23T16:13:54","guid":{"rendered":"https:\/\/www.avenuedesigncanada.com\/product\/canape-berkeley-en-tissu\/"},"modified":"2026-02-23T13:10:12","modified_gmt":"2026-02-23T18:10:12","slug":"canape-berkeley-en-tissu","status":"publish","type":"product","link":"https:\/\/www.avenuedesigncanada.com\/fr\/product\/canape-berkeley-en-tissu\/","title":{"rendered":"Canap\u00e9 Berkeley en tissu"},"content":{"rendered":"<p><em>  Le canap\u00e9 Berkeley en tissu pr\u00e9sente les caract\u00e9ristiques suivantes : <em><br \/>\n Style transitionnel<br \/>\nAccoudoir surdimensionn\u00e9<br \/>\nCoussin \u00e0 bord tranchant<br \/>\nCoussins inclus<br \/>\nPieds en bloc<br \/>\nMontr\u00e9 en tissu 1159-002<br \/>\nVous avez des questions au sujet de ce produit ? Nos designers sont l\u00e0 pour vous aider. Appelez-nous au (514) 340-9351  <\/p>\n","protected":false},"excerpt":{"rendered":"<p>Une base et des coussins doucement arrondis s&rsquo;incurvent pour rejoindre les accoudoirs du canap\u00e9 Berkeley. Le style d\u00e9contract\u00e9 est cr\u00e9\u00e9 par les luxueux coussins de dos Blendown et les quatre coussins coordonn\u00e9s. Construit sur un cadre \u00e0 ressorts sinueux, ce canap\u00e9 est \u00e9galement dot\u00e9 de luxueux coussins d&rsquo;assise en plumes pour un confort ultime.  <\/p>\n","protected":false},"featured_media":407796,"template":"","meta":{"_kad_blocks_custom_css":"","_kad_blocks_head_custom_js":"","_kad_blocks_body_custom_js":"","_kad_blocks_footer_custom_js":"","_kad_post_transparent":"","_kad_post_title":"","_kad_post_layout":"","_kad_post_sidebar_id":"","_kad_post_content_style":"","_kad_post_vertical_padding":"","_kad_post_feature":"","_kad_post_feature_position":"","_kad_post_header":false,"_kad_post_footer":false,"_kad_post_classname":""},"product_brand":[],"product_cat":[1331],"product_tag":[1851],"class_list":{"0":"post-408533","1":"product","2":"type-product","3":"status-publish","4":"has-post-thumbnail","6":"product_cat-canapes-haut-de-gamme","7":"product_tag-barcelona-fr","9":"first","10":"instock","11":"taxable","12":"shipping-taxable","13":"product-type-simple","14":"entry","15":"content-bg","16":"loop-entry"},"taxonomy_info":{"product_cat":[{"value":1331,"label":"Canap\u00e9s"}],"product_tag":[{"value":1851,"label":"BARCELONA"}]},"featured_image_src_large":["https:\/\/www.avenuedesigncanada.com\/wp-content\/uploads\/2026\/02\/N1667_103-1024x1024.jpg",1024,1024,true],"author_info":[],"comment_info":"","_links":{"self":[{"href":"https:\/\/www.avenuedesigncanada.com\/fr\/wp-json\/wp\/v2\/product\/408533","targetHints":{"allow":["GET"]}}],"collection":[{"href":"https:\/\/www.avenuedesigncanada.com\/fr\/wp-json\/wp\/v2\/product"}],"about":[{"href":"https:\/\/www.avenuedesigncanada.com\/fr\/wp-json\/wp\/v2\/types\/product"}],"wp:featuredmedia":[{"embeddable":true,"href":"https:\/\/www.avenuedesigncanada.com\/fr\/wp-json\/wp\/v2\/media\/407796"}],"wp:attachment":[{"href":"https:\/\/www.avenuedesigncanada.com\/fr\/wp-json\/wp\/v2\/media?parent=408533"}],"wp:term":[{"taxonomy":"product_brand","embeddable":true,"href":"https:\/\/www.avenuedesigncanada.com\/fr\/wp-json\/wp\/v2\/product_brand?post=408533"},{"taxonomy":"product_cat","embeddable":true,"href":"https:\/\/www.avenuedesigncanada.com\/fr\/wp-json\/wp\/v2\/product_cat?post=408533"},{"taxonomy":"product_tag","embeddable":true,"href":"https:\/\/www.avenuedesigncanada.com\/fr\/wp-json\/wp\/v2\/product_tag?post=408533"}],"curies":[{"name":"wp","href":"https:\/\/api.w.org\/{rel}","templated":true}]}}