{"id":408534,"date":"2026-02-23T11:13:57","date_gmt":"2026-02-23T16:13:57","guid":{"rendered":"https:\/\/www.avenuedesigncanada.com\/product\/canape-en-tissu-colette\/"},"modified":"2026-02-23T13:10:13","modified_gmt":"2026-02-23T18:10:13","slug":"canape-en-tissu-colette","status":"publish","type":"product","link":"https:\/\/www.avenuedesigncanada.com\/fr\/product\/canape-en-tissu-colette\/","title":{"rendered":"Canap\u00e9 en tissu Colette"},"content":{"rendered":"<p><em>  Le canap\u00e9 en tissu Colette pr\u00e9sente les caract\u00e9ristiques suivantes : <em><br \/>\n Style moderne<br \/>\nAccoudoirs<br \/>\nCoussin \u00e0 bord coup\u00e9<br \/>\nCoussins inclus<br \/>\nPieds fusel\u00e9s<br \/>\nVous avez des questions sur ce produit ? Nos designers sont l\u00e0 pour vous aider. Appelez-nous au (514) 340-9351  <\/p>\n","protected":false},"excerpt":{"rendered":"<p>Le canap\u00e9 Colette offre un style \u00e9pur\u00e9 et moderne et un confort haut de gamme. Les accoudoirs forment une silhouette de smoking rappelant l&rsquo;\u00e8re Art d\u00e9co, tandis que les lignes horizontales cr\u00e9ent la stabilit\u00e9 et la longueur que l&rsquo;on retrouve dans les formes contemporaines. Con\u00e7u avec une \u00e9chelle gracieuse et des si\u00e8ges profonds et luxueux, il est dot\u00e9 de coussins en plumes et de trois coussins de dossier en fibres libres. De bon go\u00fbt et d&rsquo;une confection soign\u00e9e, ce canap\u00e9 rehausse le style de n&rsquo;importe quel int\u00e9rieur.<\/p>\n","protected":false},"featured_media":407776,"template":"","meta":{"_kad_blocks_custom_css":"","_kad_blocks_head_custom_js":"","_kad_blocks_body_custom_js":"","_kad_blocks_footer_custom_js":"","_kad_post_transparent":"","_kad_post_title":"","_kad_post_layout":"","_kad_post_sidebar_id":"","_kad_post_content_style":"","_kad_post_vertical_padding":"","_kad_post_feature":"","_kad_post_feature_position":"","_kad_post_header":false,"_kad_post_footer":false,"_kad_post_classname":""},"product_brand":[],"product_cat":[1331],"product_tag":[1851],"class_list":{"0":"post-408534","1":"product","2":"type-product","3":"status-publish","4":"has-post-thumbnail","6":"product_cat-canapes-haut-de-gamme","7":"product_tag-barcelona-fr","9":"first","10":"instock","11":"taxable","12":"shipping-taxable","13":"product-type-simple","14":"entry","15":"content-bg","16":"loop-entry"},"taxonomy_info":{"product_cat":[{"value":1331,"label":"Canap\u00e9s"}],"product_tag":[{"value":1851,"label":"BARCELONA"}]},"featured_image_src_large":["https:\/\/www.avenuedesigncanada.com\/wp-content\/uploads\/2026\/02\/P7427A_102-1024x1024.jpg",1024,1024,true],"author_info":[],"comment_info":"","_links":{"self":[{"href":"https:\/\/www.avenuedesigncanada.com\/fr\/wp-json\/wp\/v2\/product\/408534","targetHints":{"allow":["GET"]}}],"collection":[{"href":"https:\/\/www.avenuedesigncanada.com\/fr\/wp-json\/wp\/v2\/product"}],"about":[{"href":"https:\/\/www.avenuedesigncanada.com\/fr\/wp-json\/wp\/v2\/types\/product"}],"wp:featuredmedia":[{"embeddable":true,"href":"https:\/\/www.avenuedesigncanada.com\/fr\/wp-json\/wp\/v2\/media\/407776"}],"wp:attachment":[{"href":"https:\/\/www.avenuedesigncanada.com\/fr\/wp-json\/wp\/v2\/media?parent=408534"}],"wp:term":[{"taxonomy":"product_brand","embeddable":true,"href":"https:\/\/www.avenuedesigncanada.com\/fr\/wp-json\/wp\/v2\/product_brand?post=408534"},{"taxonomy":"product_cat","embeddable":true,"href":"https:\/\/www.avenuedesigncanada.com\/fr\/wp-json\/wp\/v2\/product_cat?post=408534"},{"taxonomy":"product_tag","embeddable":true,"href":"https:\/\/www.avenuedesigncanada.com\/fr\/wp-json\/wp\/v2\/product_tag?post=408534"}],"curies":[{"name":"wp","href":"https:\/\/api.w.org\/{rel}","templated":true}]}}