{"id":408535,"date":"2026-02-23T11:13:59","date_gmt":"2026-02-23T16:13:59","guid":{"rendered":"https:\/\/www.avenuedesigncanada.com\/product\/canape-en-tissu-drew\/"},"modified":"2026-02-23T13:10:14","modified_gmt":"2026-02-23T18:10:14","slug":"canape-en-tissu-drew","status":"publish","type":"product","link":"https:\/\/www.avenuedesigncanada.com\/fr\/product\/canape-en-tissu-drew\/","title":{"rendered":"Canap\u00e9 en tissu Drew"},"content":{"rendered":"<p><em>  Le canap\u00e9 en tissu Drew pr\u00e9sente les caract\u00e9ristiques suivantes : <em><br \/>\n Style transitionnel<br \/>\nAccoudoir \u00e0 rail<br \/>\nCoussin \u00e0 bord droit<br \/>\nCoussins de pavillon inclus<br \/>\nPieds en bloc<br \/>\nMontr\u00e9 en tissu 5567-002<br \/>\nVous avez des questions au sujet de ce produit ? Nos designers sont l\u00e0 pour vous aider. Appelez-nous au (514) 340-9351  <\/p>\n","protected":false},"excerpt":{"rendered":"<p>Imposant et impressionnant, le canap\u00e9 Drew est impeccablement rembourr\u00e9 et d\u00e9taill\u00e9 pour remplir magnifiquement n&rsquo;importe quel espace. Les coussins de dossier en fibre apportent confort et soutien, tandis que quatre coussins d&rsquo;appoint coordonn\u00e9s ajoutent de l&rsquo;\u00e9l\u00e9gance et du style. Reposant sur des pieds en bois \u00e9pais, ce canap\u00e9 est le moyen id\u00e9al de donner de l&rsquo;allure \u00e0 une salle de s\u00e9jour.  <\/p>\n","protected":false},"featured_media":407758,"template":"","meta":{"_kad_blocks_custom_css":"","_kad_blocks_head_custom_js":"","_kad_blocks_body_custom_js":"","_kad_blocks_footer_custom_js":"","_kad_post_transparent":"","_kad_post_title":"","_kad_post_layout":"","_kad_post_sidebar_id":"","_kad_post_content_style":"","_kad_post_vertical_padding":"","_kad_post_feature":"","_kad_post_feature_position":"","_kad_post_header":false,"_kad_post_footer":false,"_kad_post_classname":""},"product_brand":[],"product_cat":[1331],"product_tag":[1851],"class_list":{"0":"post-408535","1":"product","2":"type-product","3":"status-publish","4":"has-post-thumbnail","6":"product_cat-canapes-haut-de-gamme","7":"product_tag-barcelona-fr","9":"first","10":"instock","11":"taxable","12":"shipping-taxable","13":"product-type-simple","14":"entry","15":"content-bg","16":"loop-entry"},"taxonomy_info":{"product_cat":[{"value":1331,"label":"Canap\u00e9s"}],"product_tag":[{"value":1851,"label":"BARCELONA"}]},"featured_image_src_large":["https:\/\/www.avenuedesigncanada.com\/wp-content\/uploads\/2026\/02\/P7957_102-1024x1024.jpg",1024,1024,true],"author_info":[],"comment_info":"","_links":{"self":[{"href":"https:\/\/www.avenuedesigncanada.com\/fr\/wp-json\/wp\/v2\/product\/408535","targetHints":{"allow":["GET"]}}],"collection":[{"href":"https:\/\/www.avenuedesigncanada.com\/fr\/wp-json\/wp\/v2\/product"}],"about":[{"href":"https:\/\/www.avenuedesigncanada.com\/fr\/wp-json\/wp\/v2\/types\/product"}],"wp:featuredmedia":[{"embeddable":true,"href":"https:\/\/www.avenuedesigncanada.com\/fr\/wp-json\/wp\/v2\/media\/407758"}],"wp:attachment":[{"href":"https:\/\/www.avenuedesigncanada.com\/fr\/wp-json\/wp\/v2\/media?parent=408535"}],"wp:term":[{"taxonomy":"product_brand","embeddable":true,"href":"https:\/\/www.avenuedesigncanada.com\/fr\/wp-json\/wp\/v2\/product_brand?post=408535"},{"taxonomy":"product_cat","embeddable":true,"href":"https:\/\/www.avenuedesigncanada.com\/fr\/wp-json\/wp\/v2\/product_cat?post=408535"},{"taxonomy":"product_tag","embeddable":true,"href":"https:\/\/www.avenuedesigncanada.com\/fr\/wp-json\/wp\/v2\/product_tag?post=408535"}],"curies":[{"name":"wp","href":"https:\/\/api.w.org\/{rel}","templated":true}]}}