{"id":408538,"date":"2026-02-23T10:47:43","date_gmt":"2026-02-23T15:47:43","guid":{"rendered":"https:\/\/www.avenuedesigncanada.com\/product\/sectionnel-en-tissu-st-tropez\/"},"modified":"2026-02-23T13:21:45","modified_gmt":"2026-02-23T18:21:45","slug":"sectionnel-en-tissu-st-tropez","status":"publish","type":"product","link":"https:\/\/www.avenuedesigncanada.com\/fr\/product\/sectionnel-en-tissu-st-tropez\/","title":{"rendered":"Sectionnel en tissu St. Tropez"},"content":{"rendered":"<p><em>  La sectionnelle en tissu St. Tropez pr\u00e9sente les caract\u00e9ristiques suivantes : <em><br \/>\n Style moderne<\/p>\n<p>Accoudoir large et bas<br \/>\nDossier serr\u00e9<br \/>\nCoussins de pavillon inclus<br \/>\nPieds cach\u00e9s<br \/>\nComposants de la section : N3730, N3732, N3735, N3736<br \/>\nVous avez des questions sur ce produit ? Nos designers sont l\u00e0 pour vous aider. Appelez-nous au (514) 340-9351  <\/p>\n","protected":false},"excerpt":{"rendered":"<p>Tropez, inspir\u00e9 par le design embl\u00e9matique des ann\u00e9es 70, cr\u00e9e une forme de nuage. Les larges accoudoirs en peluche s&rsquo;inclinent \u00e0 partir du dossier et les lignes sont arrondies pour un style doux et confortable. Un large \u00e9ventail d&rsquo;options est disponible avec l&rsquo;ajout de chaises et de cales.  <\/p>\n","protected":false},"featured_media":408163,"template":"","meta":{"_kad_blocks_custom_css":"","_kad_blocks_head_custom_js":"","_kad_blocks_body_custom_js":"","_kad_blocks_footer_custom_js":"","_kad_post_transparent":"","_kad_post_title":"","_kad_post_layout":"","_kad_post_sidebar_id":"","_kad_post_content_style":"","_kad_post_vertical_padding":"","_kad_post_feature":"","_kad_post_feature_position":"","_kad_post_header":false,"_kad_post_footer":false,"_kad_post_classname":""},"product_brand":[],"product_cat":[1324],"product_tag":[1851],"class_list":{"0":"post-408538","1":"product","2":"type-product","3":"status-publish","4":"has-post-thumbnail","6":"product_cat-meubles-modulaires","7":"product_tag-barcelona-fr","9":"first","10":"instock","11":"taxable","12":"shipping-taxable","13":"product-type-simple","14":"entry","15":"content-bg","16":"loop-entry"},"taxonomy_info":{"product_cat":[{"value":1324,"label":"Meubles modulaires"}],"product_tag":[{"value":1851,"label":"BARCELONA"}]},"featured_image_src_large":["https:\/\/www.avenuedesigncanada.com\/wp-content\/uploads\/2026\/02\/K2270-1024x1024.jpg",1024,1024,true],"author_info":[],"comment_info":"","_links":{"self":[{"href":"https:\/\/www.avenuedesigncanada.com\/fr\/wp-json\/wp\/v2\/product\/408538","targetHints":{"allow":["GET"]}}],"collection":[{"href":"https:\/\/www.avenuedesigncanada.com\/fr\/wp-json\/wp\/v2\/product"}],"about":[{"href":"https:\/\/www.avenuedesigncanada.com\/fr\/wp-json\/wp\/v2\/types\/product"}],"wp:featuredmedia":[{"embeddable":true,"href":"https:\/\/www.avenuedesigncanada.com\/fr\/wp-json\/wp\/v2\/media\/408163"}],"wp:attachment":[{"href":"https:\/\/www.avenuedesigncanada.com\/fr\/wp-json\/wp\/v2\/media?parent=408538"}],"wp:term":[{"taxonomy":"product_brand","embeddable":true,"href":"https:\/\/www.avenuedesigncanada.com\/fr\/wp-json\/wp\/v2\/product_brand?post=408538"},{"taxonomy":"product_cat","embeddable":true,"href":"https:\/\/www.avenuedesigncanada.com\/fr\/wp-json\/wp\/v2\/product_cat?post=408538"},{"taxonomy":"product_tag","embeddable":true,"href":"https:\/\/www.avenuedesigncanada.com\/fr\/wp-json\/wp\/v2\/product_tag?post=408538"}],"curies":[{"name":"wp","href":"https:\/\/api.w.org\/{rel}","templated":true}]}}